{"id":2072,"date":"2024-12-11T18:30:30","date_gmt":"2024-12-12T02:30:30","guid":{"rendered":"https:\/\/jointechlabs.com\/?page_id=2072"},"modified":"2025-10-18T04:42:57","modified_gmt":"2025-10-18T11:42:57","slug":"microfragmented-fat-and-its-uses","status":"publish","type":"page","link":"https:\/\/jointechlabs.com\/it\/microfragmented-fat-and-its-uses\/","title":{"rendered":"Il grasso microframmentato e i suoi usi"},"content":{"rendered":"<h1 class=\"wp-block-heading has-text-align-center PLmargin\" id=\"h-microfragmented-fat-and-its-uses\">Il grasso microframmentato e i suoi usi<\/h1>\n\n\n\n<div style=\"height:46px\" aria-hidden=\"true\" class=\"wp-block-spacer\"><\/div>\n\n\n<div class=\"wp-block-image wp-figcaption\">\n<figure class=\"aligncenter size-medium\"><img loading=\"lazy\" decoding=\"async\" width=\"300\" height=\"300\" src=\"https:\/\/jointechlabs.com\/wp-content\/uploads\/2024\/09\/FatLik.with_.fat_-300x300.jpg\" alt=\"immagine che mostra il micrograsso in una siringa dopo essere stato elaborato da MiniTC\" class=\"wp-image-1857\" srcset=\"https:\/\/jointechlabs.com\/wp-content\/uploads\/2024\/09\/FatLik.with_.fat_-300x300.jpg 300w, https:\/\/jointechlabs.com\/wp-content\/uploads\/2024\/09\/FatLik.with_.fat_-150x150.jpg 150w, https:\/\/jointechlabs.com\/wp-content\/uploads\/2024\/09\/FatLik.with_.fat_.jpg 600w\" sizes=\"auto, (max-width: 300px) 100vw, 300px\" \/><figcaption class=\"wp-element-caption\">Micrograsso trattato da MiniTC<\/figcaption><\/figure>\n<\/div>\n\n\n<p class=\"PLmargin\">Il grasso microframmentato, tecnicamente chiamato Tessuto Adiposo Microframmentato e informalmente chiamato Microfat o MFAT, \u00e8 un tessuto adiposo prelevato dal proprio corpo e successivamente trattato per rimuovere le sostanze indesiderate e concentrare le cellule staminali naturali. Il risultato \u00e8 una sostanza molto pi\u00f9 fine, composta da piccoli frammenti o particelle.<\/p>\n\n\n\n<p class=\"PLmargin\">Il processo pu\u00f2 essere realizzato mediante frammentazione meccanica, enzimatica o a ultrasuoni, ma solo il metodo meccanico \u00e8 autorizzato dalla FDA per l'uso negli Stati Uniti.<\/p>\n\n\n\n<h3 class=\"wp-block-heading PLmargin\" id=\"h-microfat-s-uses\">Usi di Microfat<\/h3>\n\n\n\n<div class=\"wp-block-columns is-layout-flex wp-container-core-columns-is-layout-9d6595d7 wp-block-columns-is-layout-flex\">\n<div class=\"wp-block-column is-layout-flow wp-block-column-is-layout-flow\">\n<figure class=\"wp-block-image size-full PLmarginsmall\"><img loading=\"lazy\" decoding=\"async\" width=\"430\" height=\"281\" src=\"https:\/\/jointechlabs.com\/wp-content\/uploads\/2024\/12\/ManyUsesofMFATLEFT.jpg\" alt=\"un&#039;immagine che mostra una donna dolorante dopo una caduta e una seconda immagine che mostra un&#039;iniezione di microfat\" class=\"wp-image-2074\" srcset=\"https:\/\/jointechlabs.com\/wp-content\/uploads\/2024\/12\/ManyUsesofMFATLEFT.jpg 430w, https:\/\/jointechlabs.com\/wp-content\/uploads\/2024\/12\/ManyUsesofMFATLEFT-300x196.jpg 300w, https:\/\/jointechlabs.com\/wp-content\/uploads\/2024\/12\/ManyUsesofMFATLEFT-18x12.jpg 18w\" sizes=\"auto, (max-width: 430px) 100vw, 430px\" \/><\/figure>\n<\/div>\n\n\n\n<div class=\"wp-block-column is-layout-flow wp-block-column-is-layout-flow\">\n<figure class=\"wp-block-image size-full\"><img loading=\"lazy\" decoding=\"async\" width=\"430\" height=\"281\" src=\"https:\/\/jointechlabs.com\/wp-content\/uploads\/2024\/12\/ManyUsesofMFAT.RIGHT_.jpg\" alt=\"immagine che mostra una donna che riceve un&#039;iniezione al viso e una seconda immagine che mostra l&#039;applicazione di una medicazione su una ferita al piede\" class=\"wp-image-2073\" srcset=\"https:\/\/jointechlabs.com\/wp-content\/uploads\/2024\/12\/ManyUsesofMFAT.RIGHT_.jpg 430w, https:\/\/jointechlabs.com\/wp-content\/uploads\/2024\/12\/ManyUsesofMFAT.RIGHT_-300x196.jpg 300w, https:\/\/jointechlabs.com\/wp-content\/uploads\/2024\/12\/ManyUsesofMFAT.RIGHT_-18x12.jpg 18w\" sizes=\"auto, (max-width: 430px) 100vw, 430px\" \/><\/figure>\n<\/div>\n<\/div>\n\n\n\n<p class=\"PLmargin\">La MFAT viene utilizzata per la guarigione delle ferite e per l'estetica, ma le sezioni seguenti si concentrano sull'uso della MFAT in ortopedia - per l'artrite, le lesioni e i dolori articolari. \u00c8 molto adatto a questo scopo perch\u00e9 \u00e8 un antinfiammatorio naturale, in grado di alleviare il dolore. Inoltre, l'MFAT \u00e8 una fonte estremamente ricca di cellule staminali mesenchimali naturali (MSC) che si ritiene siano rigenerative, il che significa che non si limitano ad alleviare il dolore ma aiutano effettivamente il corpo a guarire.<\/p>\n\n\n\n<h3 class=\"wp-block-heading PLmargin\" id=\"h-the-microfat-therapy-process\">Il processo di microterapia<\/h3>\n\n\n\n<div class=\"wp-block-columns is-layout-flex wp-container-core-columns-is-layout-9d6595d7 wp-block-columns-is-layout-flex\">\n<div class=\"wp-block-column is-layout-flow wp-block-column-is-layout-flow\"><div class=\"wp-block-image wp-figcaption\">\n<figure class=\"aligncenter size-full\"><img loading=\"lazy\" decoding=\"async\" width=\"195\" height=\"259\" src=\"https:\/\/jointechlabs.com\/wp-content\/uploads\/2024\/12\/1.LipoaspirationA-small.png\" alt=\"immagine che mostra la lipoaspirazione come primo passo di una procedura di microfatica\" class=\"wp-image-2077\" srcset=\"https:\/\/jointechlabs.com\/wp-content\/uploads\/2024\/12\/1.LipoaspirationA-small.png 195w, https:\/\/jointechlabs.com\/wp-content\/uploads\/2024\/12\/1.LipoaspirationA-small-9x12.png 9w\" sizes=\"auto, (max-width: 195px) 100vw, 195px\" \/><figcaption class=\"wp-element-caption\">Il grasso viene rimosso<\/figcaption><\/figure>\n<\/div><\/div>\n\n\n\n<div class=\"wp-block-column is-layout-flow wp-block-column-is-layout-flow\"><div class=\"wp-block-image wp-figcaption\">\n<figure class=\"aligncenter size-full\"><img loading=\"lazy\" decoding=\"async\" width=\"195\" height=\"258\" src=\"https:\/\/jointechlabs.com\/wp-content\/uploads\/2024\/12\/2.MiniTCProcessingA-small.png\" alt=\"immagine che mostra il trattamento MiniTC come seconda fase di una procedura microfat\" class=\"wp-image-2076\" srcset=\"https:\/\/jointechlabs.com\/wp-content\/uploads\/2024\/12\/2.MiniTCProcessingA-small.png 195w, https:\/\/jointechlabs.com\/wp-content\/uploads\/2024\/12\/2.MiniTCProcessingA-small-9x12.png 9w\" sizes=\"auto, (max-width: 195px) 100vw, 195px\" \/><figcaption class=\"wp-element-caption\">Elaborazione MiniTC<\/figcaption><\/figure>\n<\/div><\/div>\n\n\n\n<div class=\"wp-block-column is-layout-flow wp-block-column-is-layout-flow\"><div class=\"wp-block-image wp-figcaption\">\n<figure class=\"aligncenter size-full\"><img loading=\"lazy\" decoding=\"async\" width=\"195\" height=\"261\" src=\"https:\/\/jointechlabs.com\/wp-content\/uploads\/2024\/12\/3.microfat.injectionA-small.png\" alt=\"immagine che mostra l&#039;iniezione di micrograsso come fase finale di una procedura di micrograsso\" class=\"wp-image-2075\" srcset=\"https:\/\/jointechlabs.com\/wp-content\/uploads\/2024\/12\/3.microfat.injectionA-small.png 195w, https:\/\/jointechlabs.com\/wp-content\/uploads\/2024\/12\/3.microfat.injectionA-small-9x12.png 9w\" sizes=\"auto, (max-width: 195px) 100vw, 195px\" \/><figcaption class=\"wp-element-caption\">Iniezione di micrograsso<\/figcaption><\/figure>\n<\/div><\/div>\n<\/div>\n\n\n\n<p class=\"PLmargin\">Se il medico utilizza MiniTC\u00ae di Jointechlabs per produrre micrograsso, il processo \u00e8 semplice e praticamente indolore. La procedura si svolge nello studio del medico, dura circa un'ora e viene eseguita con un leggero anestetico locale. Il medico preleva una piccola quantit\u00e0 di grasso dalla pancia o dai glutei e la trasforma in micrograsso con MiniTC. Quindi inietta il micrograsso nell'articolazione dolorosa. Sebbene la procedura possa essere considerata chirurgica, \u00e8 comoda, di solito viene eseguita nello studio del medico e si torna a svolgere le normali attivit\u00e0 entro un giorno o due. Inoltre, la riduzione del dolore \u00e8 spesso quasi immediata.<\/p>\n\n\n\n<h3 class=\"wp-block-heading PLmargin\" id=\"h-when-microfat-is-indicated\">Quando \u00e8 indicato il microfat<\/h3>\n\n\n\n<p class=\"PLmargin\">Il microfat \u00e8 pi\u00f9 adatto alle persone che non ottengono un sollievo soddisfacente dal dolore con pillole o iniezioni, ma che non vogliono o non sono candidate a un intervento chirurgico. Negli Stati Uniti sono milioni le persone che rientrano in questo gruppo.<\/p>\n\n\n\n<h3 class=\"wp-block-heading PLmargin\" id=\"h-microfragmented-fat-and-alternatives\">Grasso microframmentato e alternative<\/h3>\n\n\n\n<div class=\"wp-block-columns is-layout-flex wp-container-core-columns-is-layout-9d6595d7 wp-block-columns-is-layout-flex\">\n<div class=\"wp-block-column is-layout-flow wp-block-column-is-layout-flow\"><div class=\"wp-block-image wp-figcaption\">\n<figure class=\"aligncenter size-full\"><img loading=\"lazy\" decoding=\"async\" width=\"180\" height=\"180\" src=\"https:\/\/jointechlabs.com\/wp-content\/uploads\/2024\/12\/PRP.Circle-small.png\" alt=\"immagine del plasma ricco di piastrine\" class=\"wp-image-2078\" srcset=\"https:\/\/jointechlabs.com\/wp-content\/uploads\/2024\/12\/PRP.Circle-small.png 180w, https:\/\/jointechlabs.com\/wp-content\/uploads\/2024\/12\/PRP.Circle-small-150x150.png 150w, https:\/\/jointechlabs.com\/wp-content\/uploads\/2024\/12\/PRP.Circle-small-12x12.png 12w\" sizes=\"auto, (max-width: 180px) 100vw, 180px\" \/><figcaption class=\"wp-element-caption\">Plasma ricco di piastrine<\/figcaption><\/figure>\n<\/div><\/div>\n\n\n\n<div class=\"wp-block-column is-layout-flow wp-block-column-is-layout-flow\"><div class=\"wp-block-image wp-figcaption\">\n<figure class=\"aligncenter size-full\"><img loading=\"lazy\" decoding=\"async\" width=\"180\" height=\"180\" src=\"https:\/\/jointechlabs.com\/wp-content\/uploads\/2024\/12\/Adipose.Circle-small.png\" alt=\"immagine del tessuto adiposo (grasso)\" class=\"wp-image-2080\" srcset=\"https:\/\/jointechlabs.com\/wp-content\/uploads\/2024\/12\/Adipose.Circle-small.png 180w, https:\/\/jointechlabs.com\/wp-content\/uploads\/2024\/12\/Adipose.Circle-small-150x150.png 150w, https:\/\/jointechlabs.com\/wp-content\/uploads\/2024\/12\/Adipose.Circle-small-12x12.png 12w\" sizes=\"auto, (max-width: 180px) 100vw, 180px\" \/><figcaption class=\"wp-element-caption\">Grasso - Trasformato in micrograsso<\/figcaption><\/figure>\n<\/div><\/div>\n\n\n\n<div class=\"wp-block-column is-layout-flow wp-block-column-is-layout-flow\"><div class=\"wp-block-image wp-figcaption\">\n<figure class=\"aligncenter size-full\"><img loading=\"lazy\" decoding=\"async\" width=\"180\" height=\"180\" src=\"https:\/\/jointechlabs.com\/wp-content\/uploads\/2024\/12\/BMAC.Circle-small.png\" alt=\"immagine del concentrato di midollo osseo\" class=\"wp-image-2079\" srcset=\"https:\/\/jointechlabs.com\/wp-content\/uploads\/2024\/12\/BMAC.Circle-small.png 180w, https:\/\/jointechlabs.com\/wp-content\/uploads\/2024\/12\/BMAC.Circle-small-150x150.png 150w, https:\/\/jointechlabs.com\/wp-content\/uploads\/2024\/12\/BMAC.Circle-small-12x12.png 12w\" sizes=\"auto, (max-width: 180px) 100vw, 180px\" \/><figcaption class=\"wp-element-caption\">Concentrato di midollo osseo<\/figcaption><\/figure>\n<\/div><\/div>\n<\/div>\n\n\n\n<p class=\"PLmargin\">Il microfat fa parte della classe di farmaci e trattamenti chiamati ortobiologici, che costituiscono l'area generale della Medicina Rigenerativa. Esistono altri due farmaci ortobiologici molto diffusi. Uno si chiama <a href=\"https:\/\/orthoinfo.aaos.org\/en\/treatment\/platelet-rich-plasma-prp\/\" target=\"_blank\" rel=\"noreferrer noopener\">Plasma ricco di piastrine<\/a> (PRP). Il PRP \u00e8 di natura antinfiammatoria, quindi \u00e8 spesso efficace per alleviare il dolore a breve termine. Tuttavia, non contiene cellule rigenerative. L'altro \u00e8 chiamato <a href=\"https:\/\/my.clevelandclinic.org\/health\/procedures\/bone-marrow-concentrate-bmc\">Aspirato di midollo osseo <\/a><a href=\"https:\/\/my.clevelandclinic.org\/health\/procedures\/bone-marrow-concentrate-bmc\" target=\"_blank\" rel=\"noreferrer noopener\">Concentrato<\/a> (BMAC). Il BMAC \u00e8 antinfiammatorio e contiene MSC, ma la concentrazione di MSC \u00e8 di gran lunga inferiore a quella del microfat. Inoltre, il microfat ha propriet\u00e0 ammortizzanti che il BMAC non possiede e l'estrazione del midollo osseo dai pazienti pu\u00f2 essere dolorosa.<\/p>\n\n\n\n<h3 class=\"wp-block-heading PLmargin\" id=\"h-mfat-s-safety-and-track-record\">La sicurezza e il track record di MFAT<\/h3>\n\n\n\n<p class=\"PLmargin\">Il microfat \u00e8 in uso negli Stati Uniti dal 2014 ed \u00e8 approvato dalla FDA. Tuttavia, non tutti i sistemi di trattamento del microfat sono stati autorizzati dalla FDA. MiniTC di Jointechlabs \u00e8 autorizzato dalla FDA - si dovrebbe ricevere un trattamento solo da un prodotto autorizzato dalla FDA. Sono state eseguite migliaia di procedure di microfatigrafia ed esiste una <a href=\"https:\/\/jointechlabs.com\/industry-research\/\">ampio bacino di ricerca<\/a> che ne attestano la sicurezza e l'efficacia. Inoltre, poich\u00e9 il microfat \u00e8 derivato dalle vostre stesse cellule adipose, la terapia con microfat elimina il rischio di rigetto o di reazioni avverse associate all'uso di materiali estranei.<\/p>\n\n\n\n<h3 class=\"wp-block-heading PLmargin\" id=\"h-the-advantages-of-minitc\">I vantaggi di MiniTC<\/h3>\n\n\n<div class=\"wp-block-image\">\n<figure class=\"aligncenter size-full\"><img loading=\"lazy\" decoding=\"async\" width=\"227\" height=\"227\" src=\"https:\/\/jointechlabs.com\/wp-content\/uploads\/2024\/12\/MiniTC.in_.action.circle.png\" alt=\"Elaborazione MiniTC micrograsso\" class=\"wp-image-2081\" srcset=\"https:\/\/jointechlabs.com\/wp-content\/uploads\/2024\/12\/MiniTC.in_.action.circle.png 227w, https:\/\/jointechlabs.com\/wp-content\/uploads\/2024\/12\/MiniTC.in_.action.circle-150x150.png 150w, https:\/\/jointechlabs.com\/wp-content\/uploads\/2024\/12\/MiniTC.in_.action.circle-12x12.png 12w\" sizes=\"auto, (max-width: 227px) 100vw, 227px\" \/><\/figure>\n<\/div>\n\n\n<p class=\"PLmargin\">Il microfatto prodotto da MiniTC contiene pi\u00f9 MSC di qualsiasi altro prodotto di microfatto. Inoltre, MiniTC \u00e8 sterile, veloce, affidabile e autorizzato dalla FDA. Jointechlabs ha ottenuto la certificazione ISO 13485:2016 (che garantisce i pi\u00f9 elevati standard di qualit\u00e0) e produce MiniTC negli Stati Uniti.<\/p>\n\n\n\n<h3 class=\"wp-block-heading PLmargin\" id=\"h-next-steps\">I prossimi passi<\/h3>\n\n\n\n<p class=\"PLmargin\">Se il microfat \u00e8 adatto a voi \u00e8 una decisione che dovete prendere in consultazione con il vostro medico. \u00c8 necessario discutere i dettagli della procedura e le eventuali alternative, per comprendere le fasi specifiche della procedura e i rischi e i benefici associati.<\/p>\n\n\n\n<div class=\"wp-block-buttons is-layout-flex wp-block-buttons-is-layout-flex\"><\/div>\n\n\n<input type=\"button\" value=\"Indietro\" class=\"alg_back_button_input my-back-button\" style=\"\" onclick=\"window.history.back()\" \/>","protected":false},"excerpt":{"rendered":"<p>Microfragmented Fat and its Uses Microfragmented Fat, technically called Microfragmented Adipose Tissue and informally called Microfat or MFAT, is fat tissue (adipose tissue) harvested from your own body, then processed to remove unwanted substances and concentrate your natural stem cells. The result is a much finer substance composed of small fragments or particles. The process [&hellip;]<\/p>\n","protected":false},"author":4,"featured_media":0,"parent":0,"menu_order":0,"comment_status":"closed","ping_status":"closed","template":"template-full-width.php","meta":{"_acf_changed":false,"om_disable_all_campaigns":false,"footnotes":""},"class_list":["post-2072","page","type-page","status-publish","hentry"],"acf":[],"yoast_head":"<!-- This site is optimized with the Yoast SEO Premium plugin v27.4 (Yoast SEO v27.4) - https:\/\/yoast.com\/product\/yoast-seo-premium-wordpress\/ -->\n<title>Microfragmented Fat and its Uses - Jointechlabs, Inc<\/title>\n<meta name=\"description\" content=\"Definition of microfragmented adipose tissue (also called microfragmented fat, microfat, or MFAT) and a discussion of its uses and benefits.\" \/>\n<meta name=\"robots\" content=\"index, follow, max-snippet:-1, max-image-preview:large, max-video-preview:-1\" \/>\n<link rel=\"canonical\" href=\"https:\/\/jointechlabs.com\/it\/microfragmented-fat-and-its-uses\/\" \/>\n<meta property=\"og:locale\" content=\"it_IT\" \/>\n<meta property=\"og:type\" content=\"article\" \/>\n<meta property=\"og:title\" content=\"Microfragmented Fat and its Uses\" \/>\n<meta property=\"og:description\" content=\"Definition of microfragmented adipose tissue (also called microfragmented fat, microfat, or MFAT) and a discussion of its uses and benefits.\" \/>\n<meta property=\"og:url\" content=\"https:\/\/jointechlabs.com\/it\/microfragmented-fat-and-its-uses\/\" \/>\n<meta property=\"og:site_name\" content=\"Jointechlabs, Inc\" \/>\n<meta property=\"article:modified_time\" content=\"2025-10-18T11:42:57+00:00\" \/>\n<meta property=\"og:image\" content=\"https:\/\/jointechlabs.com\/wp-content\/uploads\/2024\/09\/FatLik.with_.fat_.jpg\" \/>\n\t<meta property=\"og:image:width\" content=\"600\" \/>\n\t<meta property=\"og:image:height\" content=\"600\" \/>\n\t<meta property=\"og:image:type\" content=\"image\/jpeg\" \/>\n<meta name=\"twitter:card\" content=\"summary_large_image\" \/>\n<meta name=\"twitter:label1\" content=\"Est. reading time\" \/>\n\t<meta name=\"twitter:data1\" content=\"5 minuti\" \/>\n<script type=\"application\/ld+json\" class=\"yoast-schema-graph\">{\"@context\":\"https:\\\/\\\/schema.org\",\"@graph\":[{\"@type\":\"WebPage\",\"@id\":\"https:\\\/\\\/jointechlabs.com\\\/microfragmented-fat-and-its-uses\\\/\",\"url\":\"https:\\\/\\\/jointechlabs.com\\\/microfragmented-fat-and-its-uses\\\/\",\"name\":\"Microfragmented Fat and its Uses - Jointechlabs, Inc\",\"isPartOf\":{\"@id\":\"https:\\\/\\\/jointechlabs.com\\\/#website\"},\"primaryImageOfPage\":{\"@id\":\"https:\\\/\\\/jointechlabs.com\\\/microfragmented-fat-and-its-uses\\\/#primaryimage\"},\"image\":{\"@id\":\"https:\\\/\\\/jointechlabs.com\\\/microfragmented-fat-and-its-uses\\\/#primaryimage\"},\"thumbnailUrl\":\"https:\\\/\\\/jointechlabs.com\\\/wp-content\\\/uploads\\\/2024\\\/09\\\/FatLik.with_.fat_-300x300.jpg\",\"datePublished\":\"2024-12-12T02:30:30+00:00\",\"dateModified\":\"2025-10-18T11:42:57+00:00\",\"description\":\"Definition of microfragmented adipose tissue (also called microfragmented fat, microfat, or MFAT) and a discussion of its uses and benefits.\",\"breadcrumb\":{\"@id\":\"https:\\\/\\\/jointechlabs.com\\\/microfragmented-fat-and-its-uses\\\/#breadcrumb\"},\"inLanguage\":\"it-IT\",\"potentialAction\":[{\"@type\":\"ReadAction\",\"target\":[\"https:\\\/\\\/jointechlabs.com\\\/microfragmented-fat-and-its-uses\\\/\"]}]},{\"@type\":\"ImageObject\",\"inLanguage\":\"it-IT\",\"@id\":\"https:\\\/\\\/jointechlabs.com\\\/microfragmented-fat-and-its-uses\\\/#primaryimage\",\"url\":\"https:\\\/\\\/jointechlabs.com\\\/wp-content\\\/uploads\\\/2024\\\/09\\\/FatLik.with_.fat_-300x300.jpg\",\"contentUrl\":\"https:\\\/\\\/jointechlabs.com\\\/wp-content\\\/uploads\\\/2024\\\/09\\\/FatLik.with_.fat_-300x300.jpg\"},{\"@type\":\"BreadcrumbList\",\"@id\":\"https:\\\/\\\/jointechlabs.com\\\/microfragmented-fat-and-its-uses\\\/#breadcrumb\",\"itemListElement\":[{\"@type\":\"ListItem\",\"position\":1,\"name\":\"Home\",\"item\":\"https:\\\/\\\/jointechlabs.com\\\/\"},{\"@type\":\"ListItem\",\"position\":2,\"name\":\"Microfragmented Fat and its Uses\"}]},{\"@type\":\"WebSite\",\"@id\":\"https:\\\/\\\/jointechlabs.com\\\/#website\",\"url\":\"https:\\\/\\\/jointechlabs.com\\\/\",\"name\":\"Jointechlabs, Inc\",\"description\":\"Brilliant technology for Microfat\",\"publisher\":{\"@id\":\"https:\\\/\\\/jointechlabs.com\\\/#organization\"},\"potentialAction\":[{\"@type\":\"SearchAction\",\"target\":{\"@type\":\"EntryPoint\",\"urlTemplate\":\"https:\\\/\\\/jointechlabs.com\\\/?s={search_term_string}\"},\"query-input\":{\"@type\":\"PropertyValueSpecification\",\"valueRequired\":true,\"valueName\":\"search_term_string\"}}],\"inLanguage\":\"it-IT\"},{\"@type\":\"Organization\",\"@id\":\"https:\\\/\\\/jointechlabs.com\\\/#organization\",\"name\":\"Jointechlabs, Inc\",\"url\":\"https:\\\/\\\/jointechlabs.com\\\/\",\"logo\":{\"@type\":\"ImageObject\",\"inLanguage\":\"it-IT\",\"@id\":\"https:\\\/\\\/jointechlabs.com\\\/#\\\/schema\\\/logo\\\/image\\\/\",\"url\":\"https:\\\/\\\/jointechlabs.com\\\/wp-content\\\/uploads\\\/2022\\\/07\\\/jointechlabs-logo-tm.png\",\"contentUrl\":\"https:\\\/\\\/jointechlabs.com\\\/wp-content\\\/uploads\\\/2022\\\/07\\\/jointechlabs-logo-tm.png\",\"width\":250,\"height\":36,\"caption\":\"Jointechlabs, Inc\"},\"image\":{\"@id\":\"https:\\\/\\\/jointechlabs.com\\\/#\\\/schema\\\/logo\\\/image\\\/\"}}]}<\/script>\n<!-- \/ Yoast SEO Premium plugin. -->","yoast_head_json":{"title":"Il grasso microframmentato e i suoi usi - Jointechlabs, Inc.","description":"Definizione di tessuto adiposo microframmentato (chiamato anche grasso microframmentato, micrograsso o MFAT) e discussione dei suoi usi e benefici.","robots":{"index":"index","follow":"follow","max-snippet":"max-snippet:-1","max-image-preview":"max-image-preview:large","max-video-preview":"max-video-preview:-1"},"canonical":"https:\/\/jointechlabs.com\/it\/microfragmented-fat-and-its-uses\/","og_locale":"it_IT","og_type":"article","og_title":"Microfragmented Fat and its Uses","og_description":"Definition of microfragmented adipose tissue (also called microfragmented fat, microfat, or MFAT) and a discussion of its uses and benefits.","og_url":"https:\/\/jointechlabs.com\/it\/microfragmented-fat-and-its-uses\/","og_site_name":"Jointechlabs, Inc","article_modified_time":"2025-10-18T11:42:57+00:00","og_image":[{"width":600,"height":600,"url":"https:\/\/jointechlabs.com\/wp-content\/uploads\/2024\/09\/FatLik.with_.fat_.jpg","type":"image\/jpeg"}],"twitter_card":"summary_large_image","twitter_misc":{"Est. reading time":"5 minuti"},"schema":{"@context":"https:\/\/schema.org","@graph":[{"@type":"WebPage","@id":"https:\/\/jointechlabs.com\/microfragmented-fat-and-its-uses\/","url":"https:\/\/jointechlabs.com\/microfragmented-fat-and-its-uses\/","name":"Il grasso microframmentato e i suoi usi - Jointechlabs, Inc.","isPartOf":{"@id":"https:\/\/jointechlabs.com\/#website"},"primaryImageOfPage":{"@id":"https:\/\/jointechlabs.com\/microfragmented-fat-and-its-uses\/#primaryimage"},"image":{"@id":"https:\/\/jointechlabs.com\/microfragmented-fat-and-its-uses\/#primaryimage"},"thumbnailUrl":"https:\/\/jointechlabs.com\/wp-content\/uploads\/2024\/09\/FatLik.with_.fat_-300x300.jpg","datePublished":"2024-12-12T02:30:30+00:00","dateModified":"2025-10-18T11:42:57+00:00","description":"Definizione di tessuto adiposo microframmentato (chiamato anche grasso microframmentato, micrograsso o MFAT) e discussione dei suoi usi e benefici.","breadcrumb":{"@id":"https:\/\/jointechlabs.com\/microfragmented-fat-and-its-uses\/#breadcrumb"},"inLanguage":"it-IT","potentialAction":[{"@type":"ReadAction","target":["https:\/\/jointechlabs.com\/microfragmented-fat-and-its-uses\/"]}]},{"@type":"ImageObject","inLanguage":"it-IT","@id":"https:\/\/jointechlabs.com\/microfragmented-fat-and-its-uses\/#primaryimage","url":"https:\/\/jointechlabs.com\/wp-content\/uploads\/2024\/09\/FatLik.with_.fat_-300x300.jpg","contentUrl":"https:\/\/jointechlabs.com\/wp-content\/uploads\/2024\/09\/FatLik.with_.fat_-300x300.jpg"},{"@type":"BreadcrumbList","@id":"https:\/\/jointechlabs.com\/microfragmented-fat-and-its-uses\/#breadcrumb","itemListElement":[{"@type":"ListItem","position":1,"name":"Home","item":"https:\/\/jointechlabs.com\/"},{"@type":"ListItem","position":2,"name":"Microfragmented Fat and its Uses"}]},{"@type":"WebSite","@id":"https:\/\/jointechlabs.com\/#website","url":"https:\/\/jointechlabs.com\/","name":"Jointechlabs, Inc","description":"Tecnologia brillante per Microfat","publisher":{"@id":"https:\/\/jointechlabs.com\/#organization"},"potentialAction":[{"@type":"SearchAction","target":{"@type":"EntryPoint","urlTemplate":"https:\/\/jointechlabs.com\/?s={search_term_string}"},"query-input":{"@type":"PropertyValueSpecification","valueRequired":true,"valueName":"search_term_string"}}],"inLanguage":"it-IT"},{"@type":"Organization","@id":"https:\/\/jointechlabs.com\/#organization","name":"Jointechlabs, Inc","url":"https:\/\/jointechlabs.com\/","logo":{"@type":"ImageObject","inLanguage":"it-IT","@id":"https:\/\/jointechlabs.com\/#\/schema\/logo\/image\/","url":"https:\/\/jointechlabs.com\/wp-content\/uploads\/2022\/07\/jointechlabs-logo-tm.png","contentUrl":"https:\/\/jointechlabs.com\/wp-content\/uploads\/2022\/07\/jointechlabs-logo-tm.png","width":250,"height":36,"caption":"Jointechlabs, Inc"},"image":{"@id":"https:\/\/jointechlabs.com\/#\/schema\/logo\/image\/"}}]}},"_links":{"self":[{"href":"https:\/\/jointechlabs.com\/it\/wp-json\/wp\/v2\/pages\/2072","targetHints":{"allow":["GET"]}}],"collection":[{"href":"https:\/\/jointechlabs.com\/it\/wp-json\/wp\/v2\/pages"}],"about":[{"href":"https:\/\/jointechlabs.com\/it\/wp-json\/wp\/v2\/types\/page"}],"author":[{"embeddable":true,"href":"https:\/\/jointechlabs.com\/it\/wp-json\/wp\/v2\/users\/4"}],"replies":[{"embeddable":true,"href":"https:\/\/jointechlabs.com\/it\/wp-json\/wp\/v2\/comments?post=2072"}],"version-history":[{"count":0,"href":"https:\/\/jointechlabs.com\/it\/wp-json\/wp\/v2\/pages\/2072\/revisions"}],"wp:attachment":[{"href":"https:\/\/jointechlabs.com\/it\/wp-json\/wp\/v2\/media?parent=2072"}],"curies":[{"name":"wp","href":"https:\/\/api.w.org\/{rel}","templated":true}]}}