{"id":59,"date":"2022-06-27T14:31:45","date_gmt":"2022-06-27T14:31:45","guid":{"rendered":"https:\/\/jointechprod.wpengine.com\/?page_id=59"},"modified":"2026-01-22T16:35:09","modified_gmt":"2026-01-23T00:35:09","slug":"mini-stem","status":"publish","type":"page","link":"https:\/\/jointechlabs.com\/fr\/mini-stem\/","title":{"rendered":"Mini-Stem"},"content":{"rendered":"<p><\/p>\n\n\n\n<div class=\"wp-block-media-text has-media-on-the-right is-stacked-on-mobile\"><div class=\"wp-block-media-text__content\">\n<p><\/p>\n\n\n\n<h2 class=\"wp-block-heading has-text-align-center display-1 translation-block\" id=\"h-mini-stem-system-is-a-dual-function-medical-device-nbsp\"><strong>Mini-Stem System\u00ae est un dispositif m\u00e9dical <span class=\"cursive-green\">\u00e0 double<\/span> fonction.  <\/strong><\/h2>\n\n\n\n<h3 class=\"wp-block-heading\" id=\"h-like-minitc-mini-stem-system-processes-autologous-fat-into-microfat-rich-in-rejuvenative-reparative-cells\">Comme <a data-type=\"URL\" data-id=\"\/minitc\" href=\"\/fr\/minitc\/\">MiniTC<\/a>Le syst\u00e8me Mini-Stem transforme la graisse autologue en micrograisse riche en cellules rajeunissantes et r\u00e9paratrices.<\/h3>\n\n\n\n<p class=\"has-text-align-left\" style=\"line-height:1.2\">En outre, le syst\u00e8me Mini-Stem, homologu\u00e9 CE-Mark, isole la fraction vasculaire stromale (SVF) \u00e0 partir du tissu adipeux. La SVF peut \u00eatre utilis\u00e9e pour des applications cliniques autologues dans un large \u00e9ventail de domaines th\u00e9rapeutiques, notamment l'esth\u00e9tique m\u00e9dicale, la chirurgie plastique et reconstructive, l'orthop\u00e9die et la cicatrisation des plaies.<\/p>\n<\/div><figure class=\"wp-block-media-text__media\"><img loading=\"lazy\" decoding=\"async\" width=\"800\" height=\"444\" src=\"https:\/\/jointechlabs.com\/wp-content\/uploads\/2022\/07\/jtl-ministem-hero.png\" alt=\"\" class=\"wp-image-454 size-full\" srcset=\"https:\/\/jointechlabs.com\/wp-content\/uploads\/2022\/07\/jtl-ministem-hero.png 800w, https:\/\/jointechlabs.com\/wp-content\/uploads\/2022\/07\/jtl-ministem-hero-300x167.png 300w, https:\/\/jointechlabs.com\/wp-content\/uploads\/2022\/07\/jtl-ministem-hero-768x426.png 768w\" sizes=\"auto, (max-width: 800px) 100vw, 800px\" \/><\/figure><\/div>\n\n\n\n<div class=\"ministem-container\">\n\n\n\n<figure class=\"wp-block-image size-full is-resized\"><img loading=\"lazy\" decoding=\"async\" width=\"130\" height=\"102\" src=\"https:\/\/jointechlabs.com\/wp-content\/uploads\/2022\/07\/jtl-ce-pending.png\" alt=\"\" class=\"wp-image-462\" style=\"width:58px;height:auto\"\/><\/figure>\n\n\n\n<pre class=\"wp-block-verse has-text-align-center\"><code>Le syst\u00e8me Mini-Stem porte le marquage CE et est disponible dans l'UE et dans d'autres r\u00e9gions.  <\/code><\/pre>\n\n\n\n<\/div>\n\n\n\n<div class=\"wp-block-media-text is-stacked-on-mobile\"><figure class=\"wp-block-media-text__media\"><\/figure><div class=\"wp-block-media-text__content\">\n<p><\/p>\n<\/div><\/div>\n\n\n\n<div class=\"wp-block-media-text is-stacked-on-mobile\"><figure class=\"wp-block-media-text__media\"><\/figure><div class=\"wp-block-media-text__content\">\n<p><\/p>\n<\/div><\/div>\n\n\n\n<h2 class=\"wp-block-heading has-text-align-center underline mt-5\" id=\"h-differences-between-minitc-and-mini-stem-system\">Diff\u00e9rences entre le syst\u00e8me MiniTC et le syst\u00e8me Mini-Stem<\/h2>\n\n\n<div class=\"wp-block-image\">\n<figure class=\"aligncenter size-full is-resized\"><img loading=\"lazy\" decoding=\"async\" width=\"800\" height=\"879\" src=\"https:\/\/jointechlabs.com\/wp-content\/uploads\/2022\/07\/MiniTCvsMiniStem.png\" alt=\"\" class=\"wp-image-464\" style=\"width:448px;height:auto\" srcset=\"https:\/\/jointechlabs.com\/wp-content\/uploads\/2022\/07\/MiniTCvsMiniStem.png 800w, https:\/\/jointechlabs.com\/wp-content\/uploads\/2022\/07\/MiniTCvsMiniStem-273x300.png 273w, https:\/\/jointechlabs.com\/wp-content\/uploads\/2022\/07\/MiniTCvsMiniStem-768x844.png 768w\" sizes=\"auto, (max-width: 800px) 100vw, 800px\" \/><\/figure>\n<\/div>\n\n\n<hr class=\"wp-block-separator has-alpha-channel-opacity\"\/>\n\n\n\n<div class=\"wp-block-columns is-layout-flex wp-container-core-columns-is-layout-9d6595d7 wp-block-columns-is-layout-flex\">\n<div class=\"wp-block-column is-layout-flow wp-block-column-is-layout-flow\">\n<p><a data-type=\"URL\" data-id=\"\/minitc\" href=\"\/fr\/minitc\/\">MiniTC<\/a> propose un protocole simplifi\u00e9 pour obtenir de la micrograisse injectable en 30 minutes environ. La premi\u00e8re \u00e9tape \u00e9limine les contaminants sanguins et anesth\u00e9siques ; la deuxi\u00e8me \u00e9tape d\u00e9compose la graisse dense en micrograisse, o\u00f9 les cellules r\u00e9g\u00e9n\u00e9ratrices sont pr\u00e9serv\u00e9es. La micrograisse injectable est ensuite pr\u00e9lev\u00e9e en connectant la seringue au luer situ\u00e9 sur le dessus de l'appareil.<\/p>\n<\/div>\n\n\n\n<div class=\"wp-block-column is-layout-flow wp-block-column-is-layout-flow\">\n<p>Le syst\u00e8me Mini-Stem suit le m\u00eame protocole que le syst\u00e8me <a data-type=\"URL\" data-id=\"\/minitc\" href=\"\/fr\/minitc\/\">MiniTC<\/a> pour obtenir de la micrograisse injectable.&nbsp;<\/p>\n\n\n\n<p>En outre, le syst\u00e8me Mini-Stem peut reproduire le processus de laboratoire en plusieurs \u00e9tapes consistant \u00e0 isoler la SVF de la graisse. Le dispositif portable en boucle ferm\u00e9e introduit et recueille les mat\u00e9riaux par l'interm\u00e9diaire de ports luer particuliers. Il entreprend ensuite un protocole de SVF qui comprend le lavage des tissus, la digestion enzymatique des tissus et la filtration de la fraction dig\u00e9r\u00e9e.<\/p>\n<\/div>\n<\/div>\n\n\n<br \/>\n<br \/>\n<\/p>\n\n\n\n<h2 class=\"wp-block-heading has-text-align-center\" id=\"h-introduction-au-systeme-mini-stem\">Introduction au syst\u00e8me Mini-Stem<\/h2>\n\n\n<p><\/p>\n\n\n\n<!-- Put CSS once, anywhere above or below the shortcodes -->\n<style>\n  .video640{ margin:0 !important; padding:0 !important; line-height:0; }\n  .video640 .video640-box{\n    position:relative; width:100%; max-width:800px; margin:0 auto; aspect-ratio:16\/9;\n  }\n  .video640 .video640-box iframe{\n    position:absolute; inset:0; width:100%; height:100%; border:0; display:block;\n  }\n  @media (max-width: 782px){\n    .video640{ padding-left:16px !important; padding-right:16px !important; text-align:center; }\n    .video640 .video640-box{ display:inline-block; width:100%; max-width:640px; margin:0 auto; text-align:left; }\n  }\n<\/style>\n\n\n\n\n\n\n\n<div class=\"video640\">\n  <div class=\"video640-box\">\n    <iframe\n      src=\"https:\/\/player.vimeo.com\/video\/1129961669?h=b20241744b&#038;autopause=0&#038;texttrack=fr-FR\"\n      allow=\"autoplay; fullscreen; picture-in-picture\"\n      allowfullscreen\n loading=\"lazy\"\n      title=\"Mini-Stem System\u00ae | Jointechlabs | Fran\u00e7ais\">\n    <\/iframe>\n  <\/div>\n<\/div>\n\n\n\n\n<hr class=\"wp-block-separator has-css-opacity\"\/>\n\n\n\n<h2 class=\"wp-block-heading has-text-align-center underline my-5\" id=\"h-user-profile\">Profil de l'utilisateur<\/h2>\n\n\n\n<div class=\"wp-block-columns is-layout-flex wp-container-core-columns-is-layout-9d6595d7 wp-block-columns-is-layout-flex\">\n<div class=\"wp-block-column is-layout-flow wp-block-column-is-layout-flow\" style=\"flex-basis:20%\"><\/div>\n\n\n\n<div class=\"wp-block-column is-layout-flow wp-block-column-is-layout-flow\">\n<p><\/p>\n\n\n\n<p>Si vous \u00eates un m\u00e9decin ou une clinique exer\u00e7ant aux \u00c9tats-Unis, <a href=\"\/fr\/minitc\/\" data-type=\"URL\" data-id=\"\/minitc\">MiniTC<\/a> est disponible aupr\u00e8s de Jointechlabs et des distributeurs.<\/p>\n\n\n\n<p>Si vous \u00eates un m\u00e9decin ou une clinique exer\u00e7ant en dehors des \u00c9tats-Unis, <a data-type=\"URL\" data-id=\"\/minitc\" href=\"\/fr\/minitc\/\">MiniTC<\/a> ou le syst\u00e8me Mini-Stem r\u00e9pondront \u00e0 vos besoins, le syst\u00e8me Mini-Stem offrant des possibilit\u00e9s suppl\u00e9mentaires pour vous et vos patients. Le syst\u00e8me Mini-Stem est disponible aupr\u00e8s de Jointechlabs et des distributeurs.<\/p>\n<\/div>\n\n\n\n<div class=\"wp-block-column is-layout-flow wp-block-column-is-layout-flow\" style=\"flex-basis:20%\"><\/div>\n<\/div>","protected":false},"excerpt":{"rendered":"<p>Mini-Stem System\u00ae is a dual-function medical device.&nbsp; Like MiniTC, Mini-Stem System processes autologous fat into microfat rich in rejuvenative, reparative cells. Additionally, CE-Mark-approved Mini-Stem System isolates Stromal Vascular Fraction (SVF) from adipose tissue. SVF can be used for autologous clinical applications in a broad range of therapeutic areas, including medical aesthetics, plastic and reconstructive surgery, [&hellip;]<\/p>\n","protected":false},"author":1,"featured_media":0,"parent":0,"menu_order":0,"comment_status":"closed","ping_status":"closed","template":"template-full-width.php","meta":{"_acf_changed":false,"om_disable_all_campaigns":false,"footnotes":""},"class_list":["post-59","page","type-page","status-publish","hentry"],"acf":[],"yoast_head":"<!-- This site is optimized with the Yoast SEO Premium plugin v27.4 (Yoast SEO v27.4) - https:\/\/yoast.com\/product\/yoast-seo-premium-wordpress\/ -->\n<title>Mini-Stem - Jointechlabs, Inc<\/title>\n<meta name=\"description\" content=\"Our Mini-Stem System isolates SVF from fat tissue for applications in a broad range of therapeutic areas. For use outside the US.\" \/>\n<meta name=\"robots\" content=\"index, follow, max-snippet:-1, max-image-preview:large, max-video-preview:-1\" \/>\n<link rel=\"canonical\" href=\"https:\/\/jointechlabs.com\/fr\/mini-stem\/\" \/>\n<meta property=\"og:locale\" content=\"fr_FR\" \/>\n<meta property=\"og:type\" content=\"article\" \/>\n<meta property=\"og:title\" content=\"Mini-Stem\" \/>\n<meta property=\"og:description\" content=\"Our Mini-Stem System isolates SVF from fat tissue for applications in a broad range of therapeutic areas. For use outside the US.\" \/>\n<meta property=\"og:url\" content=\"https:\/\/jointechlabs.com\/fr\/mini-stem\/\" \/>\n<meta property=\"og:site_name\" content=\"Jointechlabs, Inc\" \/>\n<meta property=\"article:modified_time\" content=\"2026-01-23T00:35:09+00:00\" \/>\n<meta property=\"og:image\" content=\"https:\/\/jointechlabs.com\/wp-content\/uploads\/2022\/07\/jtl-ministem-hero.png\" \/>\n\t<meta property=\"og:image:width\" content=\"800\" \/>\n\t<meta property=\"og:image:height\" content=\"444\" \/>\n\t<meta property=\"og:image:type\" content=\"image\/png\" \/>\n<meta name=\"twitter:card\" content=\"summary_large_image\" \/>\n<meta name=\"twitter:label1\" content=\"Est. reading time\" \/>\n\t<meta name=\"twitter:data1\" content=\"2 minutes\" \/>\n<script type=\"application\/ld+json\" class=\"yoast-schema-graph\">{\"@context\":\"https:\\\/\\\/schema.org\",\"@graph\":[{\"@type\":\"WebPage\",\"@id\":\"https:\\\/\\\/jointechlabs.com\\\/mini-stem\\\/\",\"url\":\"https:\\\/\\\/jointechlabs.com\\\/mini-stem\\\/\",\"name\":\"Mini-Stem - Jointechlabs, Inc\",\"isPartOf\":{\"@id\":\"https:\\\/\\\/jointechlabs.com\\\/#website\"},\"primaryImageOfPage\":{\"@id\":\"https:\\\/\\\/jointechlabs.com\\\/mini-stem\\\/#primaryimage\"},\"image\":{\"@id\":\"https:\\\/\\\/jointechlabs.com\\\/mini-stem\\\/#primaryimage\"},\"thumbnailUrl\":\"https:\\\/\\\/jointechlabs.com\\\/wp-content\\\/uploads\\\/2022\\\/07\\\/jtl-ministem-hero.png\",\"datePublished\":\"2022-06-27T14:31:45+00:00\",\"dateModified\":\"2026-01-23T00:35:09+00:00\",\"description\":\"Our Mini-Stem System isolates SVF from fat tissue for applications in a broad range of therapeutic areas. For use outside the US.\",\"breadcrumb\":{\"@id\":\"https:\\\/\\\/jointechlabs.com\\\/mini-stem\\\/#breadcrumb\"},\"inLanguage\":\"fr-FR\",\"potentialAction\":[{\"@type\":\"ReadAction\",\"target\":[\"https:\\\/\\\/jointechlabs.com\\\/mini-stem\\\/\"]}]},{\"@type\":\"ImageObject\",\"inLanguage\":\"fr-FR\",\"@id\":\"https:\\\/\\\/jointechlabs.com\\\/mini-stem\\\/#primaryimage\",\"url\":\"https:\\\/\\\/jointechlabs.com\\\/wp-content\\\/uploads\\\/2022\\\/07\\\/jtl-ministem-hero.png\",\"contentUrl\":\"https:\\\/\\\/jointechlabs.com\\\/wp-content\\\/uploads\\\/2022\\\/07\\\/jtl-ministem-hero.png\"},{\"@type\":\"BreadcrumbList\",\"@id\":\"https:\\\/\\\/jointechlabs.com\\\/mini-stem\\\/#breadcrumb\",\"itemListElement\":[{\"@type\":\"ListItem\",\"position\":1,\"name\":\"Home\",\"item\":\"https:\\\/\\\/jointechlabs.com\\\/\"},{\"@type\":\"ListItem\",\"position\":2,\"name\":\"Mini-Stem\"}]},{\"@type\":\"WebSite\",\"@id\":\"https:\\\/\\\/jointechlabs.com\\\/#website\",\"url\":\"https:\\\/\\\/jointechlabs.com\\\/\",\"name\":\"Jointechlabs, Inc\",\"description\":\"Brilliant technology for Microfat\",\"publisher\":{\"@id\":\"https:\\\/\\\/jointechlabs.com\\\/#organization\"},\"potentialAction\":[{\"@type\":\"SearchAction\",\"target\":{\"@type\":\"EntryPoint\",\"urlTemplate\":\"https:\\\/\\\/jointechlabs.com\\\/?s={search_term_string}\"},\"query-input\":{\"@type\":\"PropertyValueSpecification\",\"valueRequired\":true,\"valueName\":\"search_term_string\"}}],\"inLanguage\":\"fr-FR\"},{\"@type\":\"Organization\",\"@id\":\"https:\\\/\\\/jointechlabs.com\\\/#organization\",\"name\":\"Jointechlabs, Inc\",\"url\":\"https:\\\/\\\/jointechlabs.com\\\/\",\"logo\":{\"@type\":\"ImageObject\",\"inLanguage\":\"fr-FR\",\"@id\":\"https:\\\/\\\/jointechlabs.com\\\/#\\\/schema\\\/logo\\\/image\\\/\",\"url\":\"https:\\\/\\\/jointechlabs.com\\\/wp-content\\\/uploads\\\/2022\\\/07\\\/jointechlabs-logo-tm.png\",\"contentUrl\":\"https:\\\/\\\/jointechlabs.com\\\/wp-content\\\/uploads\\\/2022\\\/07\\\/jointechlabs-logo-tm.png\",\"width\":250,\"height\":36,\"caption\":\"Jointechlabs, Inc\"},\"image\":{\"@id\":\"https:\\\/\\\/jointechlabs.com\\\/#\\\/schema\\\/logo\\\/image\\\/\"}}]}<\/script>\n<!-- \/ Yoast SEO Premium plugin. -->","yoast_head_json":{"title":"Mini-Stem - Jointechlabs, Inc","description":"Notre syst\u00e8me Mini-Stem isole la SVF du tissu adipeux pour des applications dans un large \u00e9ventail de domaines th\u00e9rapeutiques. Pour une utilisation en dehors des \u00c9tats-Unis.","robots":{"index":"index","follow":"follow","max-snippet":"max-snippet:-1","max-image-preview":"max-image-preview:large","max-video-preview":"max-video-preview:-1"},"canonical":"https:\/\/jointechlabs.com\/fr\/mini-stem\/","og_locale":"fr_FR","og_type":"article","og_title":"Mini-Stem","og_description":"Our Mini-Stem System isolates SVF from fat tissue for applications in a broad range of therapeutic areas. For use outside the US.","og_url":"https:\/\/jointechlabs.com\/fr\/mini-stem\/","og_site_name":"Jointechlabs, Inc","article_modified_time":"2026-01-23T00:35:09+00:00","og_image":[{"width":800,"height":444,"url":"https:\/\/jointechlabs.com\/wp-content\/uploads\/2022\/07\/jtl-ministem-hero.png","type":"image\/png"}],"twitter_card":"summary_large_image","twitter_misc":{"Est. reading time":"2 minutes"},"schema":{"@context":"https:\/\/schema.org","@graph":[{"@type":"WebPage","@id":"https:\/\/jointechlabs.com\/mini-stem\/","url":"https:\/\/jointechlabs.com\/mini-stem\/","name":"Mini-Stem - Jointechlabs, Inc","isPartOf":{"@id":"https:\/\/jointechlabs.com\/#website"},"primaryImageOfPage":{"@id":"https:\/\/jointechlabs.com\/mini-stem\/#primaryimage"},"image":{"@id":"https:\/\/jointechlabs.com\/mini-stem\/#primaryimage"},"thumbnailUrl":"https:\/\/jointechlabs.com\/wp-content\/uploads\/2022\/07\/jtl-ministem-hero.png","datePublished":"2022-06-27T14:31:45+00:00","dateModified":"2026-01-23T00:35:09+00:00","description":"Notre syst\u00e8me Mini-Stem isole la SVF du tissu adipeux pour des applications dans un large \u00e9ventail de domaines th\u00e9rapeutiques. Pour une utilisation en dehors des \u00c9tats-Unis.","breadcrumb":{"@id":"https:\/\/jointechlabs.com\/mini-stem\/#breadcrumb"},"inLanguage":"fr-FR","potentialAction":[{"@type":"ReadAction","target":["https:\/\/jointechlabs.com\/mini-stem\/"]}]},{"@type":"ImageObject","inLanguage":"fr-FR","@id":"https:\/\/jointechlabs.com\/mini-stem\/#primaryimage","url":"https:\/\/jointechlabs.com\/wp-content\/uploads\/2022\/07\/jtl-ministem-hero.png","contentUrl":"https:\/\/jointechlabs.com\/wp-content\/uploads\/2022\/07\/jtl-ministem-hero.png"},{"@type":"BreadcrumbList","@id":"https:\/\/jointechlabs.com\/mini-stem\/#breadcrumb","itemListElement":[{"@type":"ListItem","position":1,"name":"Home","item":"https:\/\/jointechlabs.com\/"},{"@type":"ListItem","position":2,"name":"Mini-Stem"}]},{"@type":"WebSite","@id":"https:\/\/jointechlabs.com\/#website","url":"https:\/\/jointechlabs.com\/","name":"Jointechlabs, Inc","description":"Une technologie brillante pour Microfat","publisher":{"@id":"https:\/\/jointechlabs.com\/#organization"},"potentialAction":[{"@type":"SearchAction","target":{"@type":"EntryPoint","urlTemplate":"https:\/\/jointechlabs.com\/?s={search_term_string}"},"query-input":{"@type":"PropertyValueSpecification","valueRequired":true,"valueName":"search_term_string"}}],"inLanguage":"fr-FR"},{"@type":"Organization","@id":"https:\/\/jointechlabs.com\/#organization","name":"Jointechlabs, Inc","url":"https:\/\/jointechlabs.com\/","logo":{"@type":"ImageObject","inLanguage":"fr-FR","@id":"https:\/\/jointechlabs.com\/#\/schema\/logo\/image\/","url":"https:\/\/jointechlabs.com\/wp-content\/uploads\/2022\/07\/jointechlabs-logo-tm.png","contentUrl":"https:\/\/jointechlabs.com\/wp-content\/uploads\/2022\/07\/jointechlabs-logo-tm.png","width":250,"height":36,"caption":"Jointechlabs, Inc"},"image":{"@id":"https:\/\/jointechlabs.com\/#\/schema\/logo\/image\/"}}]}},"_links":{"self":[{"href":"https:\/\/jointechlabs.com\/fr\/wp-json\/wp\/v2\/pages\/59","targetHints":{"allow":["GET"]}}],"collection":[{"href":"https:\/\/jointechlabs.com\/fr\/wp-json\/wp\/v2\/pages"}],"about":[{"href":"https:\/\/jointechlabs.com\/fr\/wp-json\/wp\/v2\/types\/page"}],"author":[{"embeddable":true,"href":"https:\/\/jointechlabs.com\/fr\/wp-json\/wp\/v2\/users\/1"}],"replies":[{"embeddable":true,"href":"https:\/\/jointechlabs.com\/fr\/wp-json\/wp\/v2\/comments?post=59"}],"version-history":[{"count":0,"href":"https:\/\/jointechlabs.com\/fr\/wp-json\/wp\/v2\/pages\/59\/revisions"}],"wp:attachment":[{"href":"https:\/\/jointechlabs.com\/fr\/wp-json\/wp\/v2\/media?parent=59"}],"curies":[{"name":"wp","href":"https:\/\/api.w.org\/{rel}","templated":true}]}}