{"id":2332,"date":"2025-06-08T08:07:07","date_gmt":"2025-06-08T15:07:07","guid":{"rendered":"https:\/\/jointechlabstg.wpengine.com\/?page_id=2332"},"modified":"2025-06-08T20:43:03","modified_gmt":"2025-06-09T03:43:03","slug":"clinical-studies-on-microfragmented-adipose-tissue-mfat-in-stage-3-and-4-osteoarthritis","status":"publish","type":"page","link":"https:\/\/jointechlabs.com\/fr\/clinical-studies-on-microfragmented-adipose-tissue-mfat-in-stage-3-and-4-osteoarthritis\/","title":{"rendered":"\u00c9tudes cliniques sur le tissu adipeux microfragment\u00e9 (MFAT) dans l'arthrose de stade 3 et 4"},"content":{"rendered":"<h4 class=\"wp-block-heading\" id=\"h-1-randomized-controlled-trial-arthroscopic-debridement-mfat\">1. Essai contr\u00f4l\u00e9 randomis\u00e9 (d\u00e9bridement arthroscopique \u00b1 MFAT)<\/h4>\n\n\n\n<p class=\"SmallBottomMargin\"><strong>Titre : <\/strong>Le tissu adipeux micro-fragment\u00e9 (mFAT) associ\u00e9 au d\u00e9bridement arthroscopique apporte une am\u00e9lioration fonctionnelle dans l'arthrose du genou : un essai contr\u00f4l\u00e9 randomis\u00e9<\/p>\n\n\n\n<p class=\"SmallBottomMargin\"><strong>Journal :<\/strong> Orthop\u00e9die internationale<\/p>\n\n\n\n<p class=\"SmallBottomMargin\"><strong>Conception :<\/strong> 78 patients souffrant d'arthrose du genou&nbsp;<strong>3e-4e ann\u00e9e<\/strong>&nbsp;randomis\u00e9s entre d\u00e9bridement arthroscopique (AD) seul ou AD + MFAT.<\/p>\n\n\n\n<p class=\"SmallBottomMargin\"><strong>Suivi :<\/strong> 6 mois et ~26 mois.<\/p>\n\n\n\n<p class=\"SmallBottomMargin\"><strong>R\u00e9sultats :<\/strong>  A 6 mois, le groupe AD + MFAT a connu une am\u00e9lioration plus importante :<\/p>\n\n\n\n<ul class=\"wp-block-list\">\n<li>KOOS-PS (+24,4 vs +11,7, p = 0,024).<\/li>\n\n\n\n<li>KSS (+24,8 vs +14,9, p = 0,046).<\/li>\n<\/ul>\n\n\n\n<p class=\"SmallBottomMargin\">A ~24 mois :<\/p>\n\n\n\n<ul class=\"wp-block-list\">\n<li>La fonction KOOS-PS a favoris\u00e9 le groupe MFAT (p = 0,012).<\/li>\n\n\n\n<li>La cartographie T2 de l'IRM a montr\u00e9 une meilleure qualit\u00e9 du cartilage dans le groupe MFAT (p &lt; 0,001).<\/li>\n<\/ul>\n\n\n\n<p class=\"SmallBottomMargin\"><strong>Conclusion :<\/strong> La MFAT combin\u00e9e au d\u00e9bridement arthroscopique a am\u00e9lior\u00e9 les scores fonctionnels et l'imagerie du cartilage par rapport au d\u00e9bridement seul.<\/p>\n\n\n\n<p><strong>Lien :<\/strong> <a href=\"https:\/\/pubmed.ncbi.nlm.nih.gov\/36040510\" target=\"_blank\" rel=\"noreferrer noopener\">https:\/\/pubmed.ncbi.nlm.nih.gov\/36040510<\/a><\/p>\n\n\n\n<hr class=\"wp-block-separator has-alpha-channel-opacity\"\/>\n\n\n\n<div style=\"height:25px\" aria-hidden=\"true\" class=\"wp-block-spacer\"><\/div>\n\n\n\n<h4 class=\"wp-block-heading\" id=\"h-2-prospective-cohort-study\">2. \u00c9tude de cohorte prospective<\/h4>\n\n\n\n<p class=\"SmallBottomMargin\"><strong>Titre :<\/strong> R\u00e9sultats pr\u00e9coces du traitement par lipoaspirat intra-articulaire micro-fragment\u00e9 chez les patients souffrant d'arthrose du genou \u00e0 un stade avanc\u00e9 : une \u00e9tude prospective<\/p>\n\n\n\n<p class=\"SmallBottomMargin\"><strong>Journal :<\/strong> Journal m\u00e9dical croate (2019)<\/p>\n\n\n\n<p class=\"SmallBottomMargin\"><strong>Conception :<\/strong> 20 patients (<strong>4 grade III, 16 grade IV)<\/strong>&nbsp;trait\u00e9s par MFAT intra-articulaire.<\/p>\n\n\n\n<p class=\"SmallBottomMargin\"><strong>Suivi \u00e0 12 mois :<\/strong><\/p>\n\n\n\n<p class=\"SmallBottomMargin\"><strong>85% (17\/20) a \u00e9vit\u00e9 le remplacement du genou.<\/strong><\/p>\n\n\n\n<p class=\"SmallBottomMargin\">L'EVA s'est am\u00e9lior\u00e9e de ~54-82% ; le WOMAC et le KOOS ont montr\u00e9 une am\u00e9lioration de ~40-176% (p &lt; 0,001).<\/p>\n\n\n\n<p class=\"SmallBottomMargin\"><strong>Conclusion :<\/strong> Le MFAT a entra\u00een\u00e9 une forte am\u00e9lioration clinique et des taux \u00e9lev\u00e9s d'\u00e9vitement de la chirurgie.<\/p>\n\n\n\n<p><strong>Lien<\/strong>: <a href=\"https:\/\/pubmed.ncbi.nlm.nih.gov\/31187950\">https:\/\/pubm<\/a><a href=\"https:\/\/pubmed.ncbi.nlm.nih.gov\/31187950\" target=\"_blank\" rel=\"noreferrer noopener\">ed.ncbi.nlm.nih.gov\/31187950<\/a><\/p>\n\n\n\n<hr class=\"wp-block-separator has-alpha-channel-opacity\"\/>\n\n\n\n<div style=\"height:25px\" aria-hidden=\"true\" class=\"wp-block-spacer\"><\/div>\n\n\n\n<h4 class=\"wp-block-heading\" id=\"h-3-open-label-cohort-with-dgemric-mri-evaluation\">3. Cohorte ouverte avec \u00e9valuation IRM dGEMRIC<\/h4>\n\n\n\n<p class=\"SmallBottomMargin\"><strong>Titre :<\/strong> Effet de l'injection intra-articulaire de tissu adipeux microfragment\u00e9 autologue sur la synth\u00e8se des prot\u00e9oglycanes chez les patients souffrant d'arthrose du genou<\/p>\n\n\n\n<p class=\"SmallBottomMargin\"><strong>Journal :<\/strong> G\u00e8nes (2017)<\/p>\n\n\n\n<p class=\"SmallBottomMargin\"><strong>Conception :<\/strong> Injection unique de MFAT chez les patients pr\u00e9sentant des grades&nbsp;<strong>II-IV OA.<\/strong><\/p>\n\n\n\n<p class=\"SmallBottomMargin\"><strong>R\u00e9sultats :<\/strong><\/p>\n\n\n\n<p class=\"SmallBottomMargin\">L'IRM avec le dGEMRIC a montr\u00e9 des signes de synth\u00e8se de prot\u00e9oglycanes.<\/p>\n\n\n\n<p class=\"SmallBottomMargin\"><strong>Conclusion :<\/strong> Le MFAT semble s\u00fbr et peut contribuer \u00e0 l'entretien de la matrice cartilagineuse.<\/p>\n\n\n\n<p><strong>Lien<\/strong>: <a href=\"https:\/\/www.mdpi.com\/2073-4425\/8\/10\/270\" target=\"_blank\" rel=\"noreferrer noopener\">https:\/\/www.mdpi.com\/2073-4425\/8\/10\/270<\/a><\/p>\n\n\n\n<hr class=\"wp-block-separator has-alpha-channel-opacity\"\/>\n\n\n\n<div style=\"height:26px\" aria-hidden=\"true\" class=\"wp-block-spacer\"><\/div>\n\n\n\n<h4 class=\"wp-block-heading\" id=\"h-4-medium-term-prospective-trial-4-years\">4. Essai prospectif \u00e0 moyen terme (~4 ans)<\/h4>\n\n\n\n<p class=\"SmallBottomMargin\"><strong>Titre :<\/strong> Le traitement de l'arthrose du genou par tissu adipeux microfragment\u00e9 autologue s'av\u00e8re efficace chez 68% des patients apr\u00e8s 4 ans de suivi.<\/p>\n\n\n\n<p class=\"SmallBottomMargin\"><strong>Journal :<\/strong> Archives de chirurgie orthop\u00e9dique et traumatologique (2023)<\/p>\n\n\n\n<p class=\"SmallBottomMargin\"><strong>Conception :<\/strong> 46 patients ayant b\u00e9n\u00e9fici\u00e9 d'une arthroscopie diagnostique + injection de MFAT.<\/p>\n\n\n\n<p class=\"SmallBottomMargin\"><strong>R\u00e9sultats :<\/strong><\/p>\n\n\n\n<ul class=\"wp-block-list\">\n<li>Score de Lysholm : 61,7 \u2192 79,5 (p &lt; 0,001)<\/li>\n\n\n\n<li>WOMAC : 66,5 \u2192 82,8 (p &lt; 0,001)<\/li>\n\n\n\n<li class=\"SmallBottomMargin\">EVA : 6,3 \u2192 3,5 (p &lt; 0,001)<\/li>\n<\/ul>\n\n\n\n<p class=\"SmallBottomMargin\">33% a n\u00e9cessit\u00e9 une intervention suppl\u00e9mentaire&nbsp;<strong>depuis plus de 4 ans.<\/strong><\/p>\n\n\n\n<p class=\"SmallBottomMargin\"><strong>Conclusion :<\/strong> Soulagement durable des sympt\u00f4mes chez la majorit\u00e9 des patients.<\/p>\n\n\n\n<p><strong>Lien<\/strong>: <a href=\"https:\/\/link.springer.com\/article\/10.1007\/s00402-023-05143-y\" target=\"_blank\" rel=\"noreferrer noopener\">https:\/\/link.springer.com\/article\/10.1007\/s00402-023-05143-y<\/a><\/p>\n\n\n\n<hr class=\"wp-block-separator has-alpha-channel-opacity\"\/>\n\n\n\n<div style=\"height:25px\" aria-hidden=\"true\" class=\"wp-block-spacer\"><\/div>\n\n\n\n<h4 class=\"wp-block-heading\" id=\"h-5-systematic-review-2024-jointechlabs-study\">5. Examen syst\u00e9matique (2024) - \u00c9tude de Jointechlabs<\/h4>\n\n\n\n<p class=\"SmallBottomMargin\"><strong>Titre : <\/strong>Fraction vasculaire stromale autologue et tissu adipeux microfragment\u00e9 pour les troubles musculo-squelettiques : Une revue narrative<\/p>\n\n\n\n<p class=\"SmallBottomMargin\"><strong>Journal :<\/strong> Arthroscopie, m\u00e9decine du sport et r\u00e9\u00e9ducation<\/p>\n\n\n\n<p class=\"SmallBottomMargin\"><strong>Conclusions :<\/strong><\/p>\n\n\n\n<p class=\"SmallBottomMargin\">Le MFAT r\u00e9duit consid\u00e9rablement la douleur et am\u00e9liore la fonction.<\/p>\n\n\n\n<p class=\"SmallBottomMargin\"><strong>Aper\u00e7u des principaux \u00e9l\u00e9ments :<\/strong><\/p>\n\n\n\n<p class=\"SmallBottomMargin\">Efficacit\u00e9 : Le MFAT am\u00e9liore la douleur (VAS), la fonction (WOMAC, KOOS) et prot\u00e8ge le cartilage.<\/p>\n\n\n\n<p class=\"SmallBottomMargin\">Gravit\u00e9 : M\u00eame les patients souffrant d'arthrose avanc\u00e9e (stade 3-4) en tirent un b\u00e9n\u00e9fice significatif.<\/p>\n\n\n\n<p class=\"SmallBottomMargin\">S\u00e9curit\u00e9 : Des \u00e9v\u00e9nements ind\u00e9sirables minimes ont \u00e9t\u00e9 signal\u00e9s dans toutes les \u00e9tudes.<\/p>\n\n\n\n<p><strong>Lien :<\/strong> <a href=\"https:\/\/crimsonpublishers.com\/epmr\/fulltext\/EPMR.000602.php\" target=\"_blank\" rel=\"noreferrer noopener\">https:\/\/crimsonpublishers.com\/epmr\/fulltext\/EPMR.000602.php<\/a><\/p>\n\n\n\n<hr class=\"wp-block-separator has-alpha-channel-opacity\"\/>\n\n\n\n<p><strong>Conclusion :<\/strong> Le MFAT pr\u00e9sente un fort potentiel dans la prise en charge de l'arthrose du genou de stade 3-4, notamment en am\u00e9liorant la fonction et en retardant le remplacement de l'articulation.&nbsp;<\/p>\n\n\n<input type=\"button\" value=\"Retour\" class=\"alg_back_button_input my-back-button\" style=\"\" onclick=\"window.history.back()\" \/>","protected":false},"excerpt":{"rendered":"<p>1. Randomized Controlled Trial (Arthroscopic Debridement \u00b1 MFAT) Title: Micro-fragmented adipose tissue (mFAT) associated with arthroscopic debridement provides functional improvement in knee osteoarthritis: a randomized controlled trial Journal: International Orthopaedics Design: 78 patients with knee OA&nbsp;grade 3\u20134&nbsp;randomized to arthroscopic debridement (AD) alone or AD + MFAT. Follow-up: 6 months and ~26 months. Outcomes: At 6 [&hellip;]<\/p>\n","protected":false},"author":4,"featured_media":0,"parent":0,"menu_order":0,"comment_status":"closed","ping_status":"closed","template":"","meta":{"_acf_changed":false,"om_disable_all_campaigns":false,"footnotes":""},"class_list":["post-2332","page","type-page","status-publish","hentry"],"acf":[],"yoast_head":"<!-- This site is optimized with the Yoast SEO Premium plugin v27.3 (Yoast SEO v27.3) - https:\/\/yoast.com\/product\/yoast-seo-premium-wordpress\/ -->\n<title>Clinical Studies on Microfragmented Adipose Tissue (MFAT) in Stage 3 and 4 Osteoarthritis - Jointechlabs, Inc<\/title>\n<meta name=\"robots\" content=\"index, follow, max-snippet:-1, max-image-preview:large, max-video-preview:-1\" \/>\n<link rel=\"canonical\" href=\"https:\/\/jointechlabs.com\/fr\/clinical-studies-on-microfragmented-adipose-tissue-mfat-in-stage-3-and-4-osteoarthritis\/\" \/>\n<meta property=\"og:locale\" content=\"fr_FR\" \/>\n<meta property=\"og:type\" content=\"article\" \/>\n<meta property=\"og:title\" content=\"Clinical Studies on Microfragmented Adipose Tissue (MFAT) in Stage 3 and 4 Osteoarthritis\" \/>\n<meta property=\"og:description\" content=\"1. Randomized Controlled Trial (Arthroscopic Debridement \u00b1 MFAT) Title: Micro-fragmented adipose tissue (mFAT) associated with arthroscopic debridement provides functional improvement in knee osteoarthritis: a randomized controlled trial Journal: International Orthopaedics Design: 78 patients with knee OA&nbsp;grade 3\u20134&nbsp;randomized to arthroscopic debridement (AD) alone or AD + MFAT. Follow-up: 6 months and ~26 months. Outcomes: At 6 [&hellip;]\" \/>\n<meta property=\"og:url\" content=\"https:\/\/jointechlabs.com\/fr\/clinical-studies-on-microfragmented-adipose-tissue-mfat-in-stage-3-and-4-osteoarthritis\/\" \/>\n<meta property=\"og:site_name\" content=\"Jointechlabs, Inc\" \/>\n<meta property=\"article:modified_time\" content=\"2025-06-09T03:43:03+00:00\" \/>\n<meta name=\"twitter:card\" content=\"summary_large_image\" \/>\n<meta name=\"twitter:label1\" content=\"Est. reading time\" \/>\n\t<meta name=\"twitter:data1\" content=\"2 minutes\" \/>\n<script type=\"application\/ld+json\" class=\"yoast-schema-graph\">{\"@context\":\"https:\\\/\\\/schema.org\",\"@graph\":[{\"@type\":\"WebPage\",\"@id\":\"https:\\\/\\\/jointechlabs.com\\\/clinical-studies-on-microfragmented-adipose-tissue-mfat-in-stage-3-and-4-osteoarthritis\\\/\",\"url\":\"https:\\\/\\\/jointechlabs.com\\\/clinical-studies-on-microfragmented-adipose-tissue-mfat-in-stage-3-and-4-osteoarthritis\\\/\",\"name\":\"Clinical Studies on Microfragmented Adipose Tissue (MFAT) in Stage 3 and 4 Osteoarthritis - Jointechlabs, Inc\",\"isPartOf\":{\"@id\":\"https:\\\/\\\/jointechlabs.com\\\/#website\"},\"datePublished\":\"2025-06-08T15:07:07+00:00\",\"dateModified\":\"2025-06-09T03:43:03+00:00\",\"breadcrumb\":{\"@id\":\"https:\\\/\\\/jointechlabs.com\\\/clinical-studies-on-microfragmented-adipose-tissue-mfat-in-stage-3-and-4-osteoarthritis\\\/#breadcrumb\"},\"inLanguage\":\"fr-FR\",\"potentialAction\":[{\"@type\":\"ReadAction\",\"target\":[\"https:\\\/\\\/jointechlabs.com\\\/clinical-studies-on-microfragmented-adipose-tissue-mfat-in-stage-3-and-4-osteoarthritis\\\/\"]}]},{\"@type\":\"BreadcrumbList\",\"@id\":\"https:\\\/\\\/jointechlabs.com\\\/clinical-studies-on-microfragmented-adipose-tissue-mfat-in-stage-3-and-4-osteoarthritis\\\/#breadcrumb\",\"itemListElement\":[{\"@type\":\"ListItem\",\"position\":1,\"name\":\"Home\",\"item\":\"https:\\\/\\\/jointechlabs.com\\\/\"},{\"@type\":\"ListItem\",\"position\":2,\"name\":\"Clinical Studies on Microfragmented Adipose Tissue (MFAT) in Stage 3 and 4 Osteoarthritis\"}]},{\"@type\":\"WebSite\",\"@id\":\"https:\\\/\\\/jointechlabs.com\\\/#website\",\"url\":\"https:\\\/\\\/jointechlabs.com\\\/\",\"name\":\"Jointechlabs, Inc\",\"description\":\"Brilliant technology for Microfat\",\"publisher\":{\"@id\":\"https:\\\/\\\/jointechlabs.com\\\/#organization\"},\"potentialAction\":[{\"@type\":\"SearchAction\",\"target\":{\"@type\":\"EntryPoint\",\"urlTemplate\":\"https:\\\/\\\/jointechlabs.com\\\/?s={search_term_string}\"},\"query-input\":{\"@type\":\"PropertyValueSpecification\",\"valueRequired\":true,\"valueName\":\"search_term_string\"}}],\"inLanguage\":\"fr-FR\"},{\"@type\":\"Organization\",\"@id\":\"https:\\\/\\\/jointechlabs.com\\\/#organization\",\"name\":\"Jointechlabs, Inc\",\"url\":\"https:\\\/\\\/jointechlabs.com\\\/\",\"logo\":{\"@type\":\"ImageObject\",\"inLanguage\":\"fr-FR\",\"@id\":\"https:\\\/\\\/jointechlabs.com\\\/#\\\/schema\\\/logo\\\/image\\\/\",\"url\":\"https:\\\/\\\/jointechlabs.com\\\/wp-content\\\/uploads\\\/2022\\\/07\\\/jointechlabs-logo-tm.png\",\"contentUrl\":\"https:\\\/\\\/jointechlabs.com\\\/wp-content\\\/uploads\\\/2022\\\/07\\\/jointechlabs-logo-tm.png\",\"width\":250,\"height\":36,\"caption\":\"Jointechlabs, Inc\"},\"image\":{\"@id\":\"https:\\\/\\\/jointechlabs.com\\\/#\\\/schema\\\/logo\\\/image\\\/\"}}]}<\/script>\n<!-- \/ Yoast SEO Premium plugin. -->","yoast_head_json":{"title":"\u00c9tudes cliniques sur le tissu adipeux microfragment\u00e9 (MFAT) dans les stades 3 et 4 de l'arthrose - Jointechlabs, Inc","robots":{"index":"index","follow":"follow","max-snippet":"max-snippet:-1","max-image-preview":"max-image-preview:large","max-video-preview":"max-video-preview:-1"},"canonical":"https:\/\/jointechlabs.com\/fr\/clinical-studies-on-microfragmented-adipose-tissue-mfat-in-stage-3-and-4-osteoarthritis\/","og_locale":"fr_FR","og_type":"article","og_title":"Clinical Studies on Microfragmented Adipose Tissue (MFAT) in Stage 3 and 4 Osteoarthritis","og_description":"1. Randomized Controlled Trial (Arthroscopic Debridement \u00b1 MFAT) Title: Micro-fragmented adipose tissue (mFAT) associated with arthroscopic debridement provides functional improvement in knee osteoarthritis: a randomized controlled trial Journal: International Orthopaedics Design: 78 patients with knee OA&nbsp;grade 3\u20134&nbsp;randomized to arthroscopic debridement (AD) alone or AD + MFAT. Follow-up: 6 months and ~26 months. Outcomes: At 6 [&hellip;]","og_url":"https:\/\/jointechlabs.com\/fr\/clinical-studies-on-microfragmented-adipose-tissue-mfat-in-stage-3-and-4-osteoarthritis\/","og_site_name":"Jointechlabs, Inc","article_modified_time":"2025-06-09T03:43:03+00:00","twitter_card":"summary_large_image","twitter_misc":{"Est. reading time":"2 minutes"},"schema":{"@context":"https:\/\/schema.org","@graph":[{"@type":"WebPage","@id":"https:\/\/jointechlabs.com\/clinical-studies-on-microfragmented-adipose-tissue-mfat-in-stage-3-and-4-osteoarthritis\/","url":"https:\/\/jointechlabs.com\/clinical-studies-on-microfragmented-adipose-tissue-mfat-in-stage-3-and-4-osteoarthritis\/","name":"\u00c9tudes cliniques sur le tissu adipeux microfragment\u00e9 (MFAT) dans les stades 3 et 4 de l'arthrose - Jointechlabs, Inc","isPartOf":{"@id":"https:\/\/jointechlabs.com\/#website"},"datePublished":"2025-06-08T15:07:07+00:00","dateModified":"2025-06-09T03:43:03+00:00","breadcrumb":{"@id":"https:\/\/jointechlabs.com\/clinical-studies-on-microfragmented-adipose-tissue-mfat-in-stage-3-and-4-osteoarthritis\/#breadcrumb"},"inLanguage":"fr-FR","potentialAction":[{"@type":"ReadAction","target":["https:\/\/jointechlabs.com\/clinical-studies-on-microfragmented-adipose-tissue-mfat-in-stage-3-and-4-osteoarthritis\/"]}]},{"@type":"BreadcrumbList","@id":"https:\/\/jointechlabs.com\/clinical-studies-on-microfragmented-adipose-tissue-mfat-in-stage-3-and-4-osteoarthritis\/#breadcrumb","itemListElement":[{"@type":"ListItem","position":1,"name":"Home","item":"https:\/\/jointechlabs.com\/"},{"@type":"ListItem","position":2,"name":"Clinical Studies on Microfragmented Adipose Tissue (MFAT) in Stage 3 and 4 Osteoarthritis"}]},{"@type":"WebSite","@id":"https:\/\/jointechlabs.com\/#website","url":"https:\/\/jointechlabs.com\/","name":"Jointechlabs, Inc","description":"Une technologie brillante pour Microfat","publisher":{"@id":"https:\/\/jointechlabs.com\/#organization"},"potentialAction":[{"@type":"SearchAction","target":{"@type":"EntryPoint","urlTemplate":"https:\/\/jointechlabs.com\/?s={search_term_string}"},"query-input":{"@type":"PropertyValueSpecification","valueRequired":true,"valueName":"search_term_string"}}],"inLanguage":"fr-FR"},{"@type":"Organization","@id":"https:\/\/jointechlabs.com\/#organization","name":"Jointechlabs, Inc","url":"https:\/\/jointechlabs.com\/","logo":{"@type":"ImageObject","inLanguage":"fr-FR","@id":"https:\/\/jointechlabs.com\/#\/schema\/logo\/image\/","url":"https:\/\/jointechlabs.com\/wp-content\/uploads\/2022\/07\/jointechlabs-logo-tm.png","contentUrl":"https:\/\/jointechlabs.com\/wp-content\/uploads\/2022\/07\/jointechlabs-logo-tm.png","width":250,"height":36,"caption":"Jointechlabs, Inc"},"image":{"@id":"https:\/\/jointechlabs.com\/#\/schema\/logo\/image\/"}}]}},"_links":{"self":[{"href":"https:\/\/jointechlabs.com\/fr\/wp-json\/wp\/v2\/pages\/2332","targetHints":{"allow":["GET"]}}],"collection":[{"href":"https:\/\/jointechlabs.com\/fr\/wp-json\/wp\/v2\/pages"}],"about":[{"href":"https:\/\/jointechlabs.com\/fr\/wp-json\/wp\/v2\/types\/page"}],"author":[{"embeddable":true,"href":"https:\/\/jointechlabs.com\/fr\/wp-json\/wp\/v2\/users\/4"}],"replies":[{"embeddable":true,"href":"https:\/\/jointechlabs.com\/fr\/wp-json\/wp\/v2\/comments?post=2332"}],"version-history":[{"count":0,"href":"https:\/\/jointechlabs.com\/fr\/wp-json\/wp\/v2\/pages\/2332\/revisions"}],"wp:attachment":[{"href":"https:\/\/jointechlabs.com\/fr\/wp-json\/wp\/v2\/media?parent=2332"}],"curies":[{"name":"wp","href":"https:\/\/api.w.org\/{rel}","templated":true}]}}