{"id":2072,"date":"2024-12-11T18:30:30","date_gmt":"2024-12-12T02:30:30","guid":{"rendered":"https:\/\/jointechlabs.com\/?page_id=2072"},"modified":"2026-04-23T16:33:48","modified_gmt":"2026-04-23T23:33:48","slug":"microfragmented-fat-and-its-uses","status":"publish","type":"page","link":"https:\/\/jointechlabs.com\/fr\/microfragmented-fat-and-its-uses\/","title":{"rendered":"La graisse microfragment\u00e9e et ses utilisations"},"content":{"rendered":"<h1 class=\"wp-block-heading has-text-align-center PLmargin\" id=\"h-microfragmented-fat-and-its-uses\">La graisse microfragment\u00e9e et ses utilisations<\/h1>\n\n\n\n<div style=\"height:46px\" aria-hidden=\"true\" class=\"wp-block-spacer\"><\/div>\n\n\n<div class=\"wp-block-image wp-figcaption\">\n<figure class=\"aligncenter size-medium\"><img loading=\"lazy\" decoding=\"async\" width=\"300\" height=\"300\" src=\"https:\/\/jointechlabs.com\/wp-content\/uploads\/2024\/09\/FatLik.with_.fat_-300x300.jpg\" alt=\"image montrant de la micrograisse dans une seringue apr\u00e8s avoir \u00e9t\u00e9 trait\u00e9e par MiniTC\" class=\"wp-image-1857\" srcset=\"https:\/\/jointechlabs.com\/wp-content\/uploads\/2024\/09\/FatLik.with_.fat_-300x300.jpg 300w, https:\/\/jointechlabs.com\/wp-content\/uploads\/2024\/09\/FatLik.with_.fat_-150x150.jpg 150w, https:\/\/jointechlabs.com\/wp-content\/uploads\/2024\/09\/FatLik.with_.fat_.jpg 600w\" sizes=\"auto, (max-width: 300px) 100vw, 300px\" \/><figcaption class=\"wp-element-caption\">Micrograisse trait\u00e9e par MiniTC\u00ae<\/figcaption><\/figure>\n<\/div>\n\n\n<p class=\"PLmargin\">La graisse microfragment\u00e9e, techniquement appel\u00e9e tissu adipeux microfragment\u00e9 et officieusement appel\u00e9e micrograisse ou MFAT, est un tissu adipeux pr\u00e9lev\u00e9 sur votre propre corps, puis trait\u00e9 pour \u00e9liminer les substances ind\u00e9sirables et concentrer vos cellules souches naturelles. Le r\u00e9sultat est une substance beaucoup plus fine compos\u00e9e de petits fragments ou particules.<\/p>\n\n\n\n<p class=\"PLmargin\">Le processus peut \u00eatre r\u00e9alis\u00e9 par fragmentation m\u00e9canique, enzymatique ou par ultrasons, mais seule la m\u00e9thode m\u00e9canique est approuv\u00e9e par la FDA pour une utilisation aux \u00c9tats-Unis.<\/p>\n\n\n\n<h3 class=\"wp-block-heading PLmargin\" id=\"h-microfat-s-uses\">Utilisations de Microfat<\/h3>\n\n\n\n<div class=\"wp-block-columns is-layout-flex wp-container-core-columns-is-layout-9d6595d7 wp-block-columns-is-layout-flex\">\n<div class=\"wp-block-column is-layout-flow wp-block-column-is-layout-flow\">\n<figure class=\"wp-block-image size-full PLmarginsmall\"><img loading=\"lazy\" decoding=\"async\" width=\"430\" height=\"281\" src=\"https:\/\/jointechlabs.com\/wp-content\/uploads\/2024\/12\/ManyUsesofMFATLEFT.jpg\" alt=\"image montrant une femme souffrant de douleurs apr\u00e8s une chute et une seconde image montrant une injection de micrograisse\" class=\"wp-image-2074\" srcset=\"https:\/\/jointechlabs.com\/wp-content\/uploads\/2024\/12\/ManyUsesofMFATLEFT.jpg 430w, https:\/\/jointechlabs.com\/wp-content\/uploads\/2024\/12\/ManyUsesofMFATLEFT-300x196.jpg 300w, https:\/\/jointechlabs.com\/wp-content\/uploads\/2024\/12\/ManyUsesofMFATLEFT-18x12.jpg 18w\" sizes=\"auto, (max-width: 430px) 100vw, 430px\" \/><\/figure>\n<\/div>\n\n\n\n<div class=\"wp-block-column is-layout-flow wp-block-column-is-layout-flow\">\n<figure class=\"wp-block-image size-full\"><img loading=\"lazy\" decoding=\"async\" width=\"430\" height=\"281\" src=\"https:\/\/jointechlabs.com\/wp-content\/uploads\/2024\/12\/ManyUsesofMFAT.RIGHT_.jpg\" alt=\"image montrant une femme recevant une injection faciale et une seconde image montrant l&#039;application d&#039;un pansement sur une plaie du pied\" class=\"wp-image-2073\" srcset=\"https:\/\/jointechlabs.com\/wp-content\/uploads\/2024\/12\/ManyUsesofMFAT.RIGHT_.jpg 430w, https:\/\/jointechlabs.com\/wp-content\/uploads\/2024\/12\/ManyUsesofMFAT.RIGHT_-300x196.jpg 300w, https:\/\/jointechlabs.com\/wp-content\/uploads\/2024\/12\/ManyUsesofMFAT.RIGHT_-18x12.jpg 18w\" sizes=\"auto, (max-width: 430px) 100vw, 430px\" \/><\/figure>\n<\/div>\n<\/div>\n\n\n\n<p class=\"PLmargin\">Le MFAT est utilis\u00e9 pour la cicatrisation des plaies et l'esth\u00e9tique, mais les sections suivantes se concentrent sur l'utilisation du MFAT en orthop\u00e9die, o\u00f9 il a \u00e9t\u00e9 utilis\u00e9 pour traiter l'arthrite, les blessures et les douleurs articulaires. Il est bien adapt\u00e9 \u00e0 cet usage car il est naturellement anti-inflammatoire, ce qui peut soulager la douleur. En outre, le MFAT est une source extr\u00eamement riche de cellules souches m\u00e9senchymateuses naturelles (CSM) qui sont consid\u00e9r\u00e9es comme r\u00e9g\u00e9n\u00e9ratrices, ce qui signifie qu'elles ne se contentent pas de soulager la douleur, mais qu'elles aident le corps \u00e0 se gu\u00e9rir lui-m\u00eame.<\/p>\n\n\n\n<h3 class=\"wp-block-heading PLmargin\" id=\"h-the-microfat-therapy-process\">Le processus de Microfat Therapy<\/h3>\n\n\n\n<div class=\"wp-block-columns is-layout-flex wp-container-core-columns-is-layout-9d6595d7 wp-block-columns-is-layout-flex\">\n<div class=\"wp-block-column is-layout-flow wp-block-column-is-layout-flow\"><div class=\"wp-block-image wp-figcaption\">\n<figure class=\"aligncenter size-full\"><img loading=\"lazy\" decoding=\"async\" width=\"195\" height=\"259\" src=\"https:\/\/jointechlabs.com\/wp-content\/uploads\/2024\/12\/1.LipoaspirationA-small.png\" alt=\"image montrant la lipoaspiration comme premi\u00e8re \u00e9tape d&#039;une proc\u00e9dure de micrograisse\" class=\"wp-image-2077\" srcset=\"https:\/\/jointechlabs.com\/wp-content\/uploads\/2024\/12\/1.LipoaspirationA-small.png 195w, https:\/\/jointechlabs.com\/wp-content\/uploads\/2024\/12\/1.LipoaspirationA-small-9x12.png 9w\" sizes=\"auto, (max-width: 195px) 100vw, 195px\" \/><figcaption class=\"wp-element-caption\">La graisse est enlev\u00e9e<\/figcaption><\/figure>\n<\/div><\/div>\n\n\n\n<div class=\"wp-block-column is-layout-flow wp-block-column-is-layout-flow\"><div class=\"wp-block-image wp-figcaption\">\n<figure class=\"aligncenter size-full\"><img loading=\"lazy\" decoding=\"async\" width=\"195\" height=\"258\" src=\"https:\/\/jointechlabs.com\/wp-content\/uploads\/2024\/12\/2.MiniTCProcessingA-small.png\" alt=\"image montrant le traitement MiniTC comme deuxi\u00e8me \u00e9tape d&#039;une proc\u00e9dure de micrograisse\" class=\"wp-image-2076\" srcset=\"https:\/\/jointechlabs.com\/wp-content\/uploads\/2024\/12\/2.MiniTCProcessingA-small.png 195w, https:\/\/jointechlabs.com\/wp-content\/uploads\/2024\/12\/2.MiniTCProcessingA-small-9x12.png 9w\" sizes=\"auto, (max-width: 195px) 100vw, 195px\" \/><figcaption class=\"wp-element-caption\">Traitement MiniTC<\/figcaption><\/figure>\n<\/div><\/div>\n\n\n\n<div class=\"wp-block-column is-layout-flow wp-block-column-is-layout-flow\"><div class=\"wp-block-image wp-figcaption\">\n<figure class=\"aligncenter size-full\"><img loading=\"lazy\" decoding=\"async\" width=\"195\" height=\"261\" src=\"https:\/\/jointechlabs.com\/wp-content\/uploads\/2024\/12\/3.microfat.injectionA-small.png\" alt=\"image montrant l&#039;injection de micrograisse comme \u00e9tape finale d&#039;une proc\u00e9dure de micrograisse\" class=\"wp-image-2075\" srcset=\"https:\/\/jointechlabs.com\/wp-content\/uploads\/2024\/12\/3.microfat.injectionA-small.png 195w, https:\/\/jointechlabs.com\/wp-content\/uploads\/2024\/12\/3.microfat.injectionA-small-9x12.png 9w\" sizes=\"auto, (max-width: 195px) 100vw, 195px\" \/><figcaption class=\"wp-element-caption\">Injection de micrograisse<\/figcaption><\/figure>\n<\/div><\/div>\n<\/div>\n\n\n\n<p class=\"PLmargin\">Si votre m\u00e9decin utilise le MiniTC\u00ae de Jointechlabs pour produire de la micrograisse, le processus est simple et pratiquement indolore. L'intervention se d\u00e9roule dans le cabinet du m\u00e9decin, dure environ une heure et se fait sous anesth\u00e9sie locale l\u00e9g\u00e8re. Votre m\u00e9decin pr\u00e9l\u00e8ve une petite quantit\u00e9 de graisse sur votre ventre ou vos fesses et la transforme en micrograisse \u00e0 l'aide de MiniTC. Il injecte ensuite la micrograisse dans l'articulation douloureuse. Bien que l'intervention puisse \u00eatre consid\u00e9r\u00e9e comme chirurgicale, elle est confortable, g\u00e9n\u00e9ralement pratiqu\u00e9e dans le cabinet de votre m\u00e9decin, et vous pouvez reprendre vos activit\u00e9s normales au bout d'un jour ou deux. En outre, la r\u00e9duction de la douleur est souvent presque imm\u00e9diate.<\/p>\n\n\n\n<h3 class=\"wp-block-heading PLmargin\" id=\"h-when-microfat-is-indicated\">Quand Microfat est-il indiqu\u00e9 ?<\/h3>\n\n\n\n<p class=\"PLmargin\">La microfat convient le mieux aux personnes qui n'obtiennent pas un soulagement satisfaisant de la douleur par des pilules ou des injections, mais qui ne veulent pas ou ne sont pas candidates \u00e0 une intervention chirurgicale majeure et invasive. Des millions de personnes appartiennent \u00e0 ce groupe aux \u00c9tats-Unis.<\/p>\n\n\n\n<h3 class=\"wp-block-heading PLmargin\" id=\"h-microfragmented-fat-and-alternatives\">Graisse microfragment\u00e9e et alternatives<\/h3>\n\n\n\n<div class=\"wp-block-columns is-layout-flex wp-container-core-columns-is-layout-9d6595d7 wp-block-columns-is-layout-flex\">\n<div class=\"wp-block-column is-layout-flow wp-block-column-is-layout-flow\"><div class=\"wp-block-image wp-figcaption\">\n<figure class=\"aligncenter size-full\"><img loading=\"lazy\" decoding=\"async\" width=\"180\" height=\"180\" src=\"https:\/\/jointechlabs.com\/wp-content\/uploads\/2024\/12\/PRP.Circle-small.png\" alt=\"image du plasma riche en plaquettes\" class=\"wp-image-2078\" srcset=\"https:\/\/jointechlabs.com\/wp-content\/uploads\/2024\/12\/PRP.Circle-small.png 180w, https:\/\/jointechlabs.com\/wp-content\/uploads\/2024\/12\/PRP.Circle-small-150x150.png 150w, https:\/\/jointechlabs.com\/wp-content\/uploads\/2024\/12\/PRP.Circle-small-12x12.png 12w\" sizes=\"auto, (max-width: 180px) 100vw, 180px\" \/><figcaption class=\"wp-element-caption\">Plasma riche en plaquettes<\/figcaption><\/figure>\n<\/div><\/div>\n\n\n\n<div class=\"wp-block-column is-layout-flow wp-block-column-is-layout-flow\"><div class=\"wp-block-image wp-figcaption\">\n<figure class=\"aligncenter size-full\"><img loading=\"lazy\" decoding=\"async\" width=\"180\" height=\"180\" src=\"https:\/\/jointechlabs.com\/wp-content\/uploads\/2024\/12\/Adipose.Circle-small.png\" alt=\"image du tissu adipeux (graisse)\" class=\"wp-image-2080\" srcset=\"https:\/\/jointechlabs.com\/wp-content\/uploads\/2024\/12\/Adipose.Circle-small.png 180w, https:\/\/jointechlabs.com\/wp-content\/uploads\/2024\/12\/Adipose.Circle-small-150x150.png 150w, https:\/\/jointechlabs.com\/wp-content\/uploads\/2024\/12\/Adipose.Circle-small-12x12.png 12w\" sizes=\"auto, (max-width: 180px) 100vw, 180px\" \/><figcaption class=\"wp-element-caption\">Graisse - transform\u00e9e en micrograisse<\/figcaption><\/figure>\n<\/div><\/div>\n\n\n\n<div class=\"wp-block-column is-layout-flow wp-block-column-is-layout-flow\"><div class=\"wp-block-image wp-figcaption\">\n<figure class=\"aligncenter size-full\"><img loading=\"lazy\" decoding=\"async\" width=\"180\" height=\"180\" src=\"https:\/\/jointechlabs.com\/wp-content\/uploads\/2024\/12\/BMAC.Circle-small.png\" alt=\"image du concentr\u00e9 de moelle osseuse\" class=\"wp-image-2079\" srcset=\"https:\/\/jointechlabs.com\/wp-content\/uploads\/2024\/12\/BMAC.Circle-small.png 180w, https:\/\/jointechlabs.com\/wp-content\/uploads\/2024\/12\/BMAC.Circle-small-150x150.png 150w, https:\/\/jointechlabs.com\/wp-content\/uploads\/2024\/12\/BMAC.Circle-small-12x12.png 12w\" sizes=\"auto, (max-width: 180px) 100vw, 180px\" \/><figcaption class=\"wp-element-caption\">Concentr\u00e9 de moelle osseuse<\/figcaption><\/figure>\n<\/div><\/div>\n<\/div>\n\n\n\n<p class=\"PLmargin\">Microfat fait partie de la classe de m\u00e9dicaments et de traitements appel\u00e9s orthobiologiques, qui constituent le domaine g\u00e9n\u00e9ral de la m\u00e9decine r\u00e9g\u00e9n\u00e9rative. Il existe deux autres orthobiologies populaires. L'un s'appelle <a href=\"https:\/\/orthoinfo.aaos.org\/en\/treatment\/platelet-rich-plasma-prp\/\" target=\"_blank\" rel=\"noreferrer noopener\">Plasma riche en plaquettes<\/a> (PRP). Le PRP est de nature anti-inflammatoire et est donc souvent tr\u00e8s efficace pour soulager la douleur \u00e0 court terme. Cependant, il ne contient pas de cellules r\u00e9g\u00e9n\u00e9ratrices. L'autre m\u00e9thode est appel\u00e9e <a href=\"https:\/\/my.clevelandclinic.org\/health\/procedures\/bone-marrow-concentrate-bmc\">Aspiration de moelle osseuse <\/a><a href=\"https:\/\/my.clevelandclinic.org\/health\/procedures\/bone-marrow-concentrate-bmc\" target=\"_blank\" rel=\"noreferrer noopener\">Concentr\u00e9<\/a> (BMAC). La BMAC est anti-inflammatoire et contient des CSM, mais la concentration de CSM est bien inf\u00e9rieure \u00e0 celle de la micrograisse. En outre, la micrograisse a des propri\u00e9t\u00e9s amortissantes que la BMAC n'a pas et l'extraction de la moelle osseuse des patients peut \u00eatre douloureuse.<\/p>\n\n\n\n<h3 class=\"wp-block-heading PLmargin\" id=\"h-mfat-s-safety-and-track-record\">S\u00e9curit\u00e9 et ant\u00e9c\u00e9dents de MFAT<\/h3>\n\n\n\n<p class=\"PLmargin\">La micrograisse est utilis\u00e9e aux \u00c9tats-Unis depuis 2014 et est approuv\u00e9e par la FDA. Cependant, tous les syst\u00e8mes de traitement de la micrograisse n'ont pas \u00e9t\u00e9 approuv\u00e9s par la FDA. MiniTC de Jointechlabs est homologu\u00e9 par la FDA - vous ne devriez recevoir un traitement qu'avec un produit homologu\u00e9 par la FDA. Des milliers de proc\u00e9dures de traitement des micrograisses ont \u00e9t\u00e9 effectu\u00e9es et il existe un syst\u00e8me de traitement des micrograisses de Jointechlabs. <a href=\"https:\/\/jointechlabs.com\/industry-research\/\">un grand nombre de recherches<\/a> attestant de sa s\u00e9curit\u00e9 et de son efficacit\u00e9. En outre, comme la micrograisse est d\u00e9riv\u00e9e de vos propres cellules adipeuses, la th\u00e9rapie par la micrograisse \u00e9limine le risque de rejet ou de r\u00e9action ind\u00e9sirable associ\u00e9 \u00e0 l'utilisation de mat\u00e9riaux \u00e9trangers.<\/p>\n\n\n\n<h3 class=\"wp-block-heading PLmargin\" id=\"h-the-advantages-of-minitc\">Les avantages de MiniTC<\/h3>\n\n\n<div class=\"wp-block-image\">\n<figure class=\"aligncenter size-full\"><img loading=\"lazy\" decoding=\"async\" width=\"227\" height=\"227\" src=\"https:\/\/jointechlabs.com\/wp-content\/uploads\/2024\/12\/MiniTC.in_.action.circle.png\" alt=\"Traitement des micrograisses par MiniTC\" class=\"wp-image-2081\" srcset=\"https:\/\/jointechlabs.com\/wp-content\/uploads\/2024\/12\/MiniTC.in_.action.circle.png 227w, https:\/\/jointechlabs.com\/wp-content\/uploads\/2024\/12\/MiniTC.in_.action.circle-150x150.png 150w, https:\/\/jointechlabs.com\/wp-content\/uploads\/2024\/12\/MiniTC.in_.action.circle-12x12.png 12w\" sizes=\"auto, (max-width: 227px) 100vw, 227px\" \/><\/figure>\n<\/div>\n\n\n<p class=\"PLmargin\">La micrograisse produite par MiniTC contient plus de CSM que tout autre produit de micrograisse. En outre, MiniTC est st\u00e9rile, rapide, fiable et agr\u00e9\u00e9 par la FDA. Jointechlabs est certifi\u00e9 ISO 13485:2016 (garantissant les normes de qualit\u00e9 les plus \u00e9lev\u00e9es) et nous fabriquons MiniTC aux \u00c9tats-Unis.<\/p>\n\n\n\n<h3 class=\"wp-block-heading PLmargin\" id=\"h-next-steps\">Prochaines \u00e9tapes<\/h3>\n\n\n\n<p class=\"PLmargin\">La d\u00e9cision de savoir si la micrograisse vous convient est une d\u00e9cision que vous devez prendre en consultation avec votre m\u00e9decin. Vous devriez discuter des d\u00e9tails de la proc\u00e9dure et de toute autre alternative, afin de comprendre les \u00e9tapes sp\u00e9cifiques impliqu\u00e9es et les risques et b\u00e9n\u00e9fices associ\u00e9s.<\/p>\n\n\n\n<div class=\"wp-block-buttons is-layout-flex wp-block-buttons-is-layout-flex\"><\/div>\n\n\n<input type=\"button\" value=\"Retour\" class=\"alg_back_button_input my-back-button\" style=\"\" onclick=\"window.history.back()\" \/>","protected":false},"excerpt":{"rendered":"<p>Microfragmented Fat and its Uses Microfragmented Fat, technically called Microfragmented Adipose Tissue and informally called Microfat or MFAT, is fat tissue (adipose tissue) harvested from your own body, then processed to remove unwanted substances and concentrate your natural stem cells. The result is a much finer substance composed of small fragments or particles. The process [&hellip;]<\/p>\n","protected":false},"author":4,"featured_media":0,"parent":0,"menu_order":0,"comment_status":"closed","ping_status":"closed","template":"template-full-width.php","meta":{"_acf_changed":false,"om_disable_all_campaigns":false,"footnotes":""},"class_list":["post-2072","page","type-page","status-publish","hentry"],"acf":[],"yoast_head":"<!-- This site is optimized with the Yoast SEO Premium plugin v27.5 (Yoast SEO v27.5) - https:\/\/yoast.com\/product\/yoast-seo-premium-wordpress\/ -->\n<title>Microfragmented Fat and its Uses - Jointechlabs, Inc<\/title>\n<meta name=\"description\" content=\"Definition of microfragmented adipose tissue (also called microfragmented fat, microfat, or MFAT) and a discussion of its uses and benefits.\" \/>\n<meta name=\"robots\" content=\"index, follow, max-snippet:-1, max-image-preview:large, max-video-preview:-1\" \/>\n<link rel=\"canonical\" href=\"https:\/\/jointechlabs.com\/fr\/microfragmented-fat-and-its-uses\/\" \/>\n<meta property=\"og:locale\" content=\"fr_FR\" \/>\n<meta property=\"og:type\" content=\"article\" \/>\n<meta property=\"og:title\" content=\"Microfragmented Fat and its Uses\" \/>\n<meta property=\"og:description\" content=\"Definition of microfragmented adipose tissue (also called microfragmented fat, microfat, or MFAT) and a discussion of its uses and benefits.\" \/>\n<meta property=\"og:url\" content=\"https:\/\/jointechlabs.com\/fr\/microfragmented-fat-and-its-uses\/\" \/>\n<meta property=\"og:site_name\" content=\"Jointechlabs, Inc\" \/>\n<meta property=\"article:modified_time\" content=\"2026-04-23T23:33:48+00:00\" \/>\n<meta property=\"og:image\" content=\"https:\/\/jointechlabs.com\/wp-content\/uploads\/2024\/09\/FatLik.with_.fat_.jpg\" \/>\n\t<meta property=\"og:image:width\" content=\"600\" \/>\n\t<meta property=\"og:image:height\" content=\"600\" \/>\n\t<meta property=\"og:image:type\" content=\"image\/jpeg\" \/>\n<meta name=\"twitter:card\" content=\"summary_large_image\" \/>\n<meta name=\"twitter:label1\" content=\"Est. reading time\" \/>\n\t<meta name=\"twitter:data1\" content=\"5 minutes\" \/>\n<script type=\"application\/ld+json\" class=\"yoast-schema-graph\">{\"@context\":\"https:\\\/\\\/schema.org\",\"@graph\":[{\"@type\":\"WebPage\",\"@id\":\"https:\\\/\\\/jointechlabs.com\\\/microfragmented-fat-and-its-uses\\\/\",\"url\":\"https:\\\/\\\/jointechlabs.com\\\/microfragmented-fat-and-its-uses\\\/\",\"name\":\"Microfragmented Fat and its Uses - Jointechlabs, Inc\",\"isPartOf\":{\"@id\":\"https:\\\/\\\/jointechlabs.com\\\/#website\"},\"primaryImageOfPage\":{\"@id\":\"https:\\\/\\\/jointechlabs.com\\\/microfragmented-fat-and-its-uses\\\/#primaryimage\"},\"image\":{\"@id\":\"https:\\\/\\\/jointechlabs.com\\\/microfragmented-fat-and-its-uses\\\/#primaryimage\"},\"thumbnailUrl\":\"https:\\\/\\\/jointechlabs.com\\\/wp-content\\\/uploads\\\/2024\\\/09\\\/FatLik.with_.fat_-300x300.jpg\",\"datePublished\":\"2024-12-12T02:30:30+00:00\",\"dateModified\":\"2026-04-23T23:33:48+00:00\",\"description\":\"Definition of microfragmented adipose tissue (also called microfragmented fat, microfat, or MFAT) and a discussion of its uses and benefits.\",\"breadcrumb\":{\"@id\":\"https:\\\/\\\/jointechlabs.com\\\/microfragmented-fat-and-its-uses\\\/#breadcrumb\"},\"inLanguage\":\"fr-FR\",\"potentialAction\":[{\"@type\":\"ReadAction\",\"target\":[\"https:\\\/\\\/jointechlabs.com\\\/microfragmented-fat-and-its-uses\\\/\"]}]},{\"@type\":\"ImageObject\",\"inLanguage\":\"fr-FR\",\"@id\":\"https:\\\/\\\/jointechlabs.com\\\/microfragmented-fat-and-its-uses\\\/#primaryimage\",\"url\":\"https:\\\/\\\/jointechlabs.com\\\/wp-content\\\/uploads\\\/2024\\\/09\\\/FatLik.with_.fat_-300x300.jpg\",\"contentUrl\":\"https:\\\/\\\/jointechlabs.com\\\/wp-content\\\/uploads\\\/2024\\\/09\\\/FatLik.with_.fat_-300x300.jpg\"},{\"@type\":\"BreadcrumbList\",\"@id\":\"https:\\\/\\\/jointechlabs.com\\\/microfragmented-fat-and-its-uses\\\/#breadcrumb\",\"itemListElement\":[{\"@type\":\"ListItem\",\"position\":1,\"name\":\"Home\",\"item\":\"https:\\\/\\\/jointechlabs.com\\\/\"},{\"@type\":\"ListItem\",\"position\":2,\"name\":\"Microfragmented Fat and its Uses\"}]},{\"@type\":\"WebSite\",\"@id\":\"https:\\\/\\\/jointechlabs.com\\\/#website\",\"url\":\"https:\\\/\\\/jointechlabs.com\\\/\",\"name\":\"Jointechlabs, Inc\",\"description\":\"Brilliant technology for Microfat\",\"publisher\":{\"@id\":\"https:\\\/\\\/jointechlabs.com\\\/#organization\"},\"potentialAction\":[{\"@type\":\"SearchAction\",\"target\":{\"@type\":\"EntryPoint\",\"urlTemplate\":\"https:\\\/\\\/jointechlabs.com\\\/?s={search_term_string}\"},\"query-input\":{\"@type\":\"PropertyValueSpecification\",\"valueRequired\":true,\"valueName\":\"search_term_string\"}}],\"inLanguage\":\"fr-FR\"},{\"@type\":\"Organization\",\"@id\":\"https:\\\/\\\/jointechlabs.com\\\/#organization\",\"name\":\"Jointechlabs, Inc\",\"url\":\"https:\\\/\\\/jointechlabs.com\\\/\",\"logo\":{\"@type\":\"ImageObject\",\"inLanguage\":\"fr-FR\",\"@id\":\"https:\\\/\\\/jointechlabs.com\\\/#\\\/schema\\\/logo\\\/image\\\/\",\"url\":\"https:\\\/\\\/jointechlabs.com\\\/wp-content\\\/uploads\\\/2022\\\/07\\\/jointechlabs-logo-tm.png\",\"contentUrl\":\"https:\\\/\\\/jointechlabs.com\\\/wp-content\\\/uploads\\\/2022\\\/07\\\/jointechlabs-logo-tm.png\",\"width\":250,\"height\":36,\"caption\":\"Jointechlabs, Inc\"},\"image\":{\"@id\":\"https:\\\/\\\/jointechlabs.com\\\/#\\\/schema\\\/logo\\\/image\\\/\"}}]}<\/script>\n<!-- \/ Yoast SEO Premium plugin. -->","yoast_head_json":{"title":"La graisse microfragment\u00e9e et ses utilisations - Jointechlabs, Inc","description":"D\u00e9finition du tissu adipeux microfragment\u00e9 (\u00e9galement appel\u00e9 graisse microfragment\u00e9e, micrograisse ou MFAT) et discussion de ses utilisations et avantages.","robots":{"index":"index","follow":"follow","max-snippet":"max-snippet:-1","max-image-preview":"max-image-preview:large","max-video-preview":"max-video-preview:-1"},"canonical":"https:\/\/jointechlabs.com\/fr\/microfragmented-fat-and-its-uses\/","og_locale":"fr_FR","og_type":"article","og_title":"Microfragmented Fat and its Uses","og_description":"Definition of microfragmented adipose tissue (also called microfragmented fat, microfat, or MFAT) and a discussion of its uses and benefits.","og_url":"https:\/\/jointechlabs.com\/fr\/microfragmented-fat-and-its-uses\/","og_site_name":"Jointechlabs, Inc","article_modified_time":"2026-04-23T23:33:48+00:00","og_image":[{"width":600,"height":600,"url":"https:\/\/jointechlabs.com\/wp-content\/uploads\/2024\/09\/FatLik.with_.fat_.jpg","type":"image\/jpeg"}],"twitter_card":"summary_large_image","twitter_misc":{"Est. reading time":"5 minutes"},"schema":{"@context":"https:\/\/schema.org","@graph":[{"@type":"WebPage","@id":"https:\/\/jointechlabs.com\/microfragmented-fat-and-its-uses\/","url":"https:\/\/jointechlabs.com\/microfragmented-fat-and-its-uses\/","name":"La graisse microfragment\u00e9e et ses utilisations - Jointechlabs, Inc","isPartOf":{"@id":"https:\/\/jointechlabs.com\/#website"},"primaryImageOfPage":{"@id":"https:\/\/jointechlabs.com\/microfragmented-fat-and-its-uses\/#primaryimage"},"image":{"@id":"https:\/\/jointechlabs.com\/microfragmented-fat-and-its-uses\/#primaryimage"},"thumbnailUrl":"https:\/\/jointechlabs.com\/wp-content\/uploads\/2024\/09\/FatLik.with_.fat_-300x300.jpg","datePublished":"2024-12-12T02:30:30+00:00","dateModified":"2026-04-23T23:33:48+00:00","description":"D\u00e9finition du tissu adipeux microfragment\u00e9 (\u00e9galement appel\u00e9 graisse microfragment\u00e9e, micrograisse ou MFAT) et discussion de ses utilisations et avantages.","breadcrumb":{"@id":"https:\/\/jointechlabs.com\/microfragmented-fat-and-its-uses\/#breadcrumb"},"inLanguage":"fr-FR","potentialAction":[{"@type":"ReadAction","target":["https:\/\/jointechlabs.com\/microfragmented-fat-and-its-uses\/"]}]},{"@type":"ImageObject","inLanguage":"fr-FR","@id":"https:\/\/jointechlabs.com\/microfragmented-fat-and-its-uses\/#primaryimage","url":"https:\/\/jointechlabs.com\/wp-content\/uploads\/2024\/09\/FatLik.with_.fat_-300x300.jpg","contentUrl":"https:\/\/jointechlabs.com\/wp-content\/uploads\/2024\/09\/FatLik.with_.fat_-300x300.jpg"},{"@type":"BreadcrumbList","@id":"https:\/\/jointechlabs.com\/microfragmented-fat-and-its-uses\/#breadcrumb","itemListElement":[{"@type":"ListItem","position":1,"name":"Home","item":"https:\/\/jointechlabs.com\/"},{"@type":"ListItem","position":2,"name":"Microfragmented Fat and its Uses"}]},{"@type":"WebSite","@id":"https:\/\/jointechlabs.com\/#website","url":"https:\/\/jointechlabs.com\/","name":"Jointechlabs, Inc","description":"Une technologie brillante pour Microfat","publisher":{"@id":"https:\/\/jointechlabs.com\/#organization"},"potentialAction":[{"@type":"SearchAction","target":{"@type":"EntryPoint","urlTemplate":"https:\/\/jointechlabs.com\/?s={search_term_string}"},"query-input":{"@type":"PropertyValueSpecification","valueRequired":true,"valueName":"search_term_string"}}],"inLanguage":"fr-FR"},{"@type":"Organization","@id":"https:\/\/jointechlabs.com\/#organization","name":"Jointechlabs, Inc","url":"https:\/\/jointechlabs.com\/","logo":{"@type":"ImageObject","inLanguage":"fr-FR","@id":"https:\/\/jointechlabs.com\/#\/schema\/logo\/image\/","url":"https:\/\/jointechlabs.com\/wp-content\/uploads\/2022\/07\/jointechlabs-logo-tm.png","contentUrl":"https:\/\/jointechlabs.com\/wp-content\/uploads\/2022\/07\/jointechlabs-logo-tm.png","width":250,"height":36,"caption":"Jointechlabs, Inc"},"image":{"@id":"https:\/\/jointechlabs.com\/#\/schema\/logo\/image\/"}}]}},"_links":{"self":[{"href":"https:\/\/jointechlabs.com\/fr\/wp-json\/wp\/v2\/pages\/2072","targetHints":{"allow":["GET"]}}],"collection":[{"href":"https:\/\/jointechlabs.com\/fr\/wp-json\/wp\/v2\/pages"}],"about":[{"href":"https:\/\/jointechlabs.com\/fr\/wp-json\/wp\/v2\/types\/page"}],"author":[{"embeddable":true,"href":"https:\/\/jointechlabs.com\/fr\/wp-json\/wp\/v2\/users\/4"}],"replies":[{"embeddable":true,"href":"https:\/\/jointechlabs.com\/fr\/wp-json\/wp\/v2\/comments?post=2072"}],"version-history":[{"count":0,"href":"https:\/\/jointechlabs.com\/fr\/wp-json\/wp\/v2\/pages\/2072\/revisions"}],"wp:attachment":[{"href":"https:\/\/jointechlabs.com\/fr\/wp-json\/wp\/v2\/media?parent=2072"}],"curies":[{"name":"wp","href":"https:\/\/api.w.org\/{rel}","templated":true}]}}