{"id":2035,"date":"2024-11-12T08:50:27","date_gmt":"2024-11-12T16:50:27","guid":{"rendered":"https:\/\/jointechlabs.com\/?page_id=2035"},"modified":"2025-05-09T15:29:14","modified_gmt":"2025-05-09T22:29:14","slug":"clp","status":"publish","type":"page","link":"https:\/\/jointechlabs.com\/fr\/clp\/","title":{"rendered":"CLP"},"content":{"rendered":"<p>Oups.  Cette page n'est g\u00e9n\u00e9ralement pas vue par les humains.  Mais si vous \u00eates un humain, bienvenue ! Veuillez vous rendre \u00e0 l'adresse suivante <a href=\"https:\/\/jointechlabs.com\/fr\/\">https:\/\/jointechlabs.com<\/a> pour voir notre site complet.<\/p>\n\n\n\n<p><\/p>","protected":false},"excerpt":{"rendered":"<p>Oups. Cette page n'est g\u00e9n\u00e9ralement pas vue par les humains. Mais si vous \u00eates un humain, bienvenue ! Veuillez vous rendre sur https:\/\/jointechlabs.com pour consulter notre site complet.<\/p>","protected":false},"author":4,"featured_media":0,"parent":0,"menu_order":0,"comment_status":"closed","ping_status":"closed","template":"template-blank-page.php","meta":{"_acf_changed":false,"om_disable_all_campaigns":true,"footnotes":""},"class_list":["post-2035","page","type-page","status-publish","hentry"],"acf":[],"yoast_head":"<!-- This site is optimized with the Yoast SEO Premium plugin v27.4 (Yoast SEO v27.4) - https:\/\/yoast.com\/product\/yoast-seo-premium-wordpress\/ -->\n<title>CLP - Jointechlabs, Inc<\/title>\n<meta name=\"robots\" content=\"index, follow, max-snippet:-1, max-image-preview:large, max-video-preview:-1\" \/>\n<link rel=\"canonical\" href=\"https:\/\/jointechlabs.com\/fr\/clp\/\" \/>\n<meta property=\"og:locale\" content=\"fr_FR\" \/>\n<meta property=\"og:type\" content=\"article\" \/>\n<meta property=\"og:title\" content=\"CLP\" \/>\n<meta property=\"og:description\" content=\"Oops. This page is generally not seen by humans. But if you are a human, welcome! Please go to https:\/\/jointechlabs.com to see our full site.\" \/>\n<meta property=\"og:url\" content=\"https:\/\/jointechlabs.com\/fr\/clp\/\" \/>\n<meta property=\"og:site_name\" content=\"Jointechlabs, Inc\" \/>\n<meta property=\"article:modified_time\" content=\"2025-05-09T22:29:14+00:00\" \/>\n<meta name=\"twitter:card\" content=\"summary_large_image\" \/>\n<meta name=\"twitter:label1\" content=\"Est. reading time\" \/>\n\t<meta name=\"twitter:data1\" content=\"1 minute\" \/>\n<script type=\"application\/ld+json\" class=\"yoast-schema-graph\">{\"@context\":\"https:\\\/\\\/schema.org\",\"@graph\":[{\"@type\":\"WebPage\",\"@id\":\"https:\\\/\\\/jointechlabs.com\\\/clp\\\/\",\"url\":\"https:\\\/\\\/jointechlabs.com\\\/clp\\\/\",\"name\":\"CLP - Jointechlabs, Inc\",\"isPartOf\":{\"@id\":\"https:\\\/\\\/jointechlabs.com\\\/#website\"},\"datePublished\":\"2024-11-12T16:50:27+00:00\",\"dateModified\":\"2025-05-09T22:29:14+00:00\",\"breadcrumb\":{\"@id\":\"https:\\\/\\\/jointechlabs.com\\\/clp\\\/#breadcrumb\"},\"inLanguage\":\"fr-FR\",\"potentialAction\":[{\"@type\":\"ReadAction\",\"target\":[\"https:\\\/\\\/jointechlabs.com\\\/clp\\\/\"]}]},{\"@type\":\"BreadcrumbList\",\"@id\":\"https:\\\/\\\/jointechlabs.com\\\/clp\\\/#breadcrumb\",\"itemListElement\":[{\"@type\":\"ListItem\",\"position\":1,\"name\":\"Home\",\"item\":\"https:\\\/\\\/jointechlabs.com\\\/\"},{\"@type\":\"ListItem\",\"position\":2,\"name\":\"CLP\"}]},{\"@type\":\"WebSite\",\"@id\":\"https:\\\/\\\/jointechlabs.com\\\/#website\",\"url\":\"https:\\\/\\\/jointechlabs.com\\\/\",\"name\":\"Jointechlabs, Inc\",\"description\":\"Brilliant technology for Microfat\",\"publisher\":{\"@id\":\"https:\\\/\\\/jointechlabs.com\\\/#organization\"},\"potentialAction\":[{\"@type\":\"SearchAction\",\"target\":{\"@type\":\"EntryPoint\",\"urlTemplate\":\"https:\\\/\\\/jointechlabs.com\\\/?s={search_term_string}\"},\"query-input\":{\"@type\":\"PropertyValueSpecification\",\"valueRequired\":true,\"valueName\":\"search_term_string\"}}],\"inLanguage\":\"fr-FR\"},{\"@type\":\"Organization\",\"@id\":\"https:\\\/\\\/jointechlabs.com\\\/#organization\",\"name\":\"Jointechlabs, Inc\",\"url\":\"https:\\\/\\\/jointechlabs.com\\\/\",\"logo\":{\"@type\":\"ImageObject\",\"inLanguage\":\"fr-FR\",\"@id\":\"https:\\\/\\\/jointechlabs.com\\\/#\\\/schema\\\/logo\\\/image\\\/\",\"url\":\"https:\\\/\\\/jointechlabs.com\\\/wp-content\\\/uploads\\\/2022\\\/07\\\/jointechlabs-logo-tm.png\",\"contentUrl\":\"https:\\\/\\\/jointechlabs.com\\\/wp-content\\\/uploads\\\/2022\\\/07\\\/jointechlabs-logo-tm.png\",\"width\":250,\"height\":36,\"caption\":\"Jointechlabs, Inc\"},\"image\":{\"@id\":\"https:\\\/\\\/jointechlabs.com\\\/#\\\/schema\\\/logo\\\/image\\\/\"}}]}<\/script>\n<!-- \/ Yoast SEO Premium plugin. -->","yoast_head_json":{"title":"CLP - Jointechlabs, Inc","robots":{"index":"index","follow":"follow","max-snippet":"max-snippet:-1","max-image-preview":"max-image-preview:large","max-video-preview":"max-video-preview:-1"},"canonical":"https:\/\/jointechlabs.com\/fr\/clp\/","og_locale":"fr_FR","og_type":"article","og_title":"CLP","og_description":"Oops. This page is generally not seen by humans. But if you are a human, welcome! Please go to https:\/\/jointechlabs.com to see our full site.","og_url":"https:\/\/jointechlabs.com\/fr\/clp\/","og_site_name":"Jointechlabs, Inc","article_modified_time":"2025-05-09T22:29:14+00:00","twitter_card":"summary_large_image","twitter_misc":{"Est. reading time":"1 minute"},"schema":{"@context":"https:\/\/schema.org","@graph":[{"@type":"WebPage","@id":"https:\/\/jointechlabs.com\/clp\/","url":"https:\/\/jointechlabs.com\/clp\/","name":"CLP - Jointechlabs, Inc","isPartOf":{"@id":"https:\/\/jointechlabs.com\/#website"},"datePublished":"2024-11-12T16:50:27+00:00","dateModified":"2025-05-09T22:29:14+00:00","breadcrumb":{"@id":"https:\/\/jointechlabs.com\/clp\/#breadcrumb"},"inLanguage":"fr-FR","potentialAction":[{"@type":"ReadAction","target":["https:\/\/jointechlabs.com\/clp\/"]}]},{"@type":"BreadcrumbList","@id":"https:\/\/jointechlabs.com\/clp\/#breadcrumb","itemListElement":[{"@type":"ListItem","position":1,"name":"Home","item":"https:\/\/jointechlabs.com\/"},{"@type":"ListItem","position":2,"name":"CLP"}]},{"@type":"WebSite","@id":"https:\/\/jointechlabs.com\/#website","url":"https:\/\/jointechlabs.com\/","name":"Jointechlabs, Inc","description":"Une technologie brillante pour Microfat","publisher":{"@id":"https:\/\/jointechlabs.com\/#organization"},"potentialAction":[{"@type":"SearchAction","target":{"@type":"EntryPoint","urlTemplate":"https:\/\/jointechlabs.com\/?s={search_term_string}"},"query-input":{"@type":"PropertyValueSpecification","valueRequired":true,"valueName":"search_term_string"}}],"inLanguage":"fr-FR"},{"@type":"Organization","@id":"https:\/\/jointechlabs.com\/#organization","name":"Jointechlabs, Inc","url":"https:\/\/jointechlabs.com\/","logo":{"@type":"ImageObject","inLanguage":"fr-FR","@id":"https:\/\/jointechlabs.com\/#\/schema\/logo\/image\/","url":"https:\/\/jointechlabs.com\/wp-content\/uploads\/2022\/07\/jointechlabs-logo-tm.png","contentUrl":"https:\/\/jointechlabs.com\/wp-content\/uploads\/2022\/07\/jointechlabs-logo-tm.png","width":250,"height":36,"caption":"Jointechlabs, Inc"},"image":{"@id":"https:\/\/jointechlabs.com\/#\/schema\/logo\/image\/"}}]}},"_links":{"self":[{"href":"https:\/\/jointechlabs.com\/fr\/wp-json\/wp\/v2\/pages\/2035","targetHints":{"allow":["GET"]}}],"collection":[{"href":"https:\/\/jointechlabs.com\/fr\/wp-json\/wp\/v2\/pages"}],"about":[{"href":"https:\/\/jointechlabs.com\/fr\/wp-json\/wp\/v2\/types\/page"}],"author":[{"embeddable":true,"href":"https:\/\/jointechlabs.com\/fr\/wp-json\/wp\/v2\/users\/4"}],"replies":[{"embeddable":true,"href":"https:\/\/jointechlabs.com\/fr\/wp-json\/wp\/v2\/comments?post=2035"}],"version-history":[{"count":0,"href":"https:\/\/jointechlabs.com\/fr\/wp-json\/wp\/v2\/pages\/2035\/revisions"}],"wp:attachment":[{"href":"https:\/\/jointechlabs.com\/fr\/wp-json\/wp\/v2\/media?parent=2035"}],"curies":[{"name":"wp","href":"https:\/\/api.w.org\/{rel}","templated":true}]}}