{"id":1746,"date":"2024-06-05T14:57:55","date_gmt":"2024-06-05T21:57:55","guid":{"rendered":"https:\/\/jointechlabs.com\/?page_id=1746"},"modified":"2024-06-05T15:05:47","modified_gmt":"2024-06-05T22:05:47","slug":"summer-24-brain-teaser","status":"publish","type":"page","link":"https:\/\/jointechlabs.com\/fr\/summer-24-brain-teaser\/","title":{"rendered":"Casse-t\u00eate de la lettre d'information de l'\u00e9t\u00e9 24"},"content":{"rendered":"<figure class=\"wp-block-image size-large is-resized\"><img loading=\"lazy\" decoding=\"async\" width=\"1024\" height=\"555\" src=\"https:\/\/jointechlabs.com\/wp-content\/uploads\/2024\/06\/Summer-24-Teaser-1024x555.jpg\" alt=\"\" class=\"wp-image-1745\" style=\"width:840px;height:auto\" srcset=\"https:\/\/jointechlabs.com\/wp-content\/uploads\/2024\/06\/Summer-24-Teaser-1024x555.jpg 1024w, https:\/\/jointechlabs.com\/wp-content\/uploads\/2024\/06\/Summer-24-Teaser-300x163.jpg 300w, https:\/\/jointechlabs.com\/wp-content\/uploads\/2024\/06\/Summer-24-Teaser-768x416.jpg 768w, https:\/\/jointechlabs.com\/wp-content\/uploads\/2024\/06\/Summer-24-Teaser.jpg 1214w\" sizes=\"auto, (max-width: 1024px) 100vw, 1024px\" \/><\/figure>\n\n\n\n<p>R\u00e9ponse :  11 bo\u00eetes. <\/p>\n\n\n\n<p>(7 bo\u00eetes de Fatloks pour 56 composants et 4 bo\u00eetes de canules pour 40 composants donnent 96 composants au total et plus de Fatloks que de canules).<\/p>\n\n\n\n<p>F\u00e9licitations \u00e0 vous si vous avez trouv\u00e9 la bonne r\u00e9ponse !<\/p>\n\n\n\n<p>N'h\u00e9sitez pas \u00e0 explorer notre site - cliquez sur l'un des \u00e9l\u00e9ments du menu ou cliquez ici pour acc\u00e9der \u00e0 notre page d'accueil : <a href=\"https:\/\/jointechlabs.com\/fr\/\">https:\/\/www.jointechlabs.com<\/a><\/p>\n\n\n\n<p>Ou ici pour vous abonner \u00e0 notre lettre d'information : <a href=\"https:\/\/jointechlabs.com\/fr\/newsletter-sign-up\/\">https:\/\/jointechlabs.com\/newsletter-sign-up\/<\/a>.<\/p>","protected":false},"excerpt":{"rendered":"<p>Answer:&nbsp; 11 boxes. (7 boxes of Fatloks for 56 components, and 4 boxes of cannulas for 40 components yields 96 total components, and more Fatloks than cannulas). Congratulations to you if you got the right answer! Please feel free to explore our site &#8211; click on any of the menu items or click here for [&hellip;]<\/p>\n","protected":false},"author":4,"featured_media":0,"parent":0,"menu_order":0,"comment_status":"closed","ping_status":"closed","template":"","meta":{"_acf_changed":false,"om_disable_all_campaigns":false,"footnotes":""},"class_list":["post-1746","page","type-page","status-publish","hentry"],"acf":[],"yoast_head":"<!-- This site is optimized with the Yoast SEO Premium plugin v27.5 (Yoast SEO v27.5) - https:\/\/yoast.com\/product\/yoast-seo-premium-wordpress\/ -->\n<title>Summer &#039;24 Newsletter Brain Teaser - Jointechlabs, Inc<\/title>\n<meta name=\"robots\" content=\"index, follow, max-snippet:-1, max-image-preview:large, max-video-preview:-1\" \/>\n<link rel=\"canonical\" href=\"https:\/\/jointechlabs.com\/fr\/summer-24-brain-teaser\/\" \/>\n<meta property=\"og:locale\" content=\"fr_FR\" \/>\n<meta property=\"og:type\" content=\"article\" \/>\n<meta property=\"og:title\" content=\"Summer &#039;24 Newsletter Brain Teaser\" \/>\n<meta property=\"og:description\" content=\"Answer:&nbsp; 11 boxes. (7 boxes of Fatloks for 56 components, and 4 boxes of cannulas for 40 components yields 96 total components, and more Fatloks than cannulas). Congratulations to you if you got the right answer! Please feel free to explore our site &#8211; click on any of the menu items or click here for [&hellip;]\" \/>\n<meta property=\"og:url\" content=\"https:\/\/jointechlabs.com\/fr\/summer-24-brain-teaser\/\" \/>\n<meta property=\"og:site_name\" content=\"Jointechlabs, Inc\" \/>\n<meta property=\"article:modified_time\" content=\"2024-06-05T22:05:47+00:00\" \/>\n<meta property=\"og:image\" content=\"https:\/\/jointechlabs.com\/wp-content\/uploads\/2024\/06\/Summer-24-Teaser-1024x555.jpg\" \/>\n<meta name=\"twitter:card\" content=\"summary_large_image\" \/>\n<meta name=\"twitter:label1\" content=\"Est. reading time\" \/>\n\t<meta name=\"twitter:data1\" content=\"1 minute\" \/>\n<script type=\"application\/ld+json\" class=\"yoast-schema-graph\">{\"@context\":\"https:\\\/\\\/schema.org\",\"@graph\":[{\"@type\":\"WebPage\",\"@id\":\"https:\\\/\\\/jointechlabs.com\\\/summer-24-brain-teaser\\\/\",\"url\":\"https:\\\/\\\/jointechlabs.com\\\/summer-24-brain-teaser\\\/\",\"name\":\"Summer '24 Newsletter Brain Teaser - Jointechlabs, Inc\",\"isPartOf\":{\"@id\":\"https:\\\/\\\/jointechlabs.com\\\/#website\"},\"primaryImageOfPage\":{\"@id\":\"https:\\\/\\\/jointechlabs.com\\\/summer-24-brain-teaser\\\/#primaryimage\"},\"image\":{\"@id\":\"https:\\\/\\\/jointechlabs.com\\\/summer-24-brain-teaser\\\/#primaryimage\"},\"thumbnailUrl\":\"https:\\\/\\\/jointechlabs.com\\\/wp-content\\\/uploads\\\/2024\\\/06\\\/Summer-24-Teaser-1024x555.jpg\",\"datePublished\":\"2024-06-05T21:57:55+00:00\",\"dateModified\":\"2024-06-05T22:05:47+00:00\",\"breadcrumb\":{\"@id\":\"https:\\\/\\\/jointechlabs.com\\\/summer-24-brain-teaser\\\/#breadcrumb\"},\"inLanguage\":\"fr-FR\",\"potentialAction\":[{\"@type\":\"ReadAction\",\"target\":[\"https:\\\/\\\/jointechlabs.com\\\/summer-24-brain-teaser\\\/\"]}]},{\"@type\":\"ImageObject\",\"inLanguage\":\"fr-FR\",\"@id\":\"https:\\\/\\\/jointechlabs.com\\\/summer-24-brain-teaser\\\/#primaryimage\",\"url\":\"https:\\\/\\\/jointechlabs.com\\\/wp-content\\\/uploads\\\/2024\\\/06\\\/Summer-24-Teaser-1024x555.jpg\",\"contentUrl\":\"https:\\\/\\\/jointechlabs.com\\\/wp-content\\\/uploads\\\/2024\\\/06\\\/Summer-24-Teaser-1024x555.jpg\"},{\"@type\":\"BreadcrumbList\",\"@id\":\"https:\\\/\\\/jointechlabs.com\\\/summer-24-brain-teaser\\\/#breadcrumb\",\"itemListElement\":[{\"@type\":\"ListItem\",\"position\":1,\"name\":\"Home\",\"item\":\"https:\\\/\\\/jointechlabs.com\\\/\"},{\"@type\":\"ListItem\",\"position\":2,\"name\":\"Summer &#8217;24 Newsletter Brain Teaser\"}]},{\"@type\":\"WebSite\",\"@id\":\"https:\\\/\\\/jointechlabs.com\\\/#website\",\"url\":\"https:\\\/\\\/jointechlabs.com\\\/\",\"name\":\"Jointechlabs, Inc\",\"description\":\"Brilliant technology for Microfat\",\"publisher\":{\"@id\":\"https:\\\/\\\/jointechlabs.com\\\/#organization\"},\"potentialAction\":[{\"@type\":\"SearchAction\",\"target\":{\"@type\":\"EntryPoint\",\"urlTemplate\":\"https:\\\/\\\/jointechlabs.com\\\/?s={search_term_string}\"},\"query-input\":{\"@type\":\"PropertyValueSpecification\",\"valueRequired\":true,\"valueName\":\"search_term_string\"}}],\"inLanguage\":\"fr-FR\"},{\"@type\":\"Organization\",\"@id\":\"https:\\\/\\\/jointechlabs.com\\\/#organization\",\"name\":\"Jointechlabs, Inc\",\"url\":\"https:\\\/\\\/jointechlabs.com\\\/\",\"logo\":{\"@type\":\"ImageObject\",\"inLanguage\":\"fr-FR\",\"@id\":\"https:\\\/\\\/jointechlabs.com\\\/#\\\/schema\\\/logo\\\/image\\\/\",\"url\":\"https:\\\/\\\/jointechlabs.com\\\/wp-content\\\/uploads\\\/2022\\\/07\\\/jointechlabs-logo-tm.png\",\"contentUrl\":\"https:\\\/\\\/jointechlabs.com\\\/wp-content\\\/uploads\\\/2022\\\/07\\\/jointechlabs-logo-tm.png\",\"width\":250,\"height\":36,\"caption\":\"Jointechlabs, Inc\"},\"image\":{\"@id\":\"https:\\\/\\\/jointechlabs.com\\\/#\\\/schema\\\/logo\\\/image\\\/\"}}]}<\/script>\n<!-- \/ Yoast SEO Premium plugin. -->","yoast_head_json":{"title":"Casse-t\u00eate de la lettre d'information de l'\u00e9t\u00e9 24 - Jointechlabs, Inc","robots":{"index":"index","follow":"follow","max-snippet":"max-snippet:-1","max-image-preview":"max-image-preview:large","max-video-preview":"max-video-preview:-1"},"canonical":"https:\/\/jointechlabs.com\/fr\/summer-24-brain-teaser\/","og_locale":"fr_FR","og_type":"article","og_title":"Summer '24 Newsletter Brain Teaser","og_description":"Answer:&nbsp; 11 boxes. (7 boxes of Fatloks for 56 components, and 4 boxes of cannulas for 40 components yields 96 total components, and more Fatloks than cannulas). Congratulations to you if you got the right answer! Please feel free to explore our site &#8211; click on any of the menu items or click here for [&hellip;]","og_url":"https:\/\/jointechlabs.com\/fr\/summer-24-brain-teaser\/","og_site_name":"Jointechlabs, Inc","article_modified_time":"2024-06-05T22:05:47+00:00","og_image":[{"url":"https:\/\/jointechlabs.com\/wp-content\/uploads\/2024\/06\/Summer-24-Teaser-1024x555.jpg","type":"","width":"","height":""}],"twitter_card":"summary_large_image","twitter_misc":{"Est. reading time":"1 minute"},"schema":{"@context":"https:\/\/schema.org","@graph":[{"@type":"WebPage","@id":"https:\/\/jointechlabs.com\/summer-24-brain-teaser\/","url":"https:\/\/jointechlabs.com\/summer-24-brain-teaser\/","name":"Casse-t\u00eate de la lettre d'information de l'\u00e9t\u00e9 24 - Jointechlabs, Inc","isPartOf":{"@id":"https:\/\/jointechlabs.com\/#website"},"primaryImageOfPage":{"@id":"https:\/\/jointechlabs.com\/summer-24-brain-teaser\/#primaryimage"},"image":{"@id":"https:\/\/jointechlabs.com\/summer-24-brain-teaser\/#primaryimage"},"thumbnailUrl":"https:\/\/jointechlabs.com\/wp-content\/uploads\/2024\/06\/Summer-24-Teaser-1024x555.jpg","datePublished":"2024-06-05T21:57:55+00:00","dateModified":"2024-06-05T22:05:47+00:00","breadcrumb":{"@id":"https:\/\/jointechlabs.com\/summer-24-brain-teaser\/#breadcrumb"},"inLanguage":"fr-FR","potentialAction":[{"@type":"ReadAction","target":["https:\/\/jointechlabs.com\/summer-24-brain-teaser\/"]}]},{"@type":"ImageObject","inLanguage":"fr-FR","@id":"https:\/\/jointechlabs.com\/summer-24-brain-teaser\/#primaryimage","url":"https:\/\/jointechlabs.com\/wp-content\/uploads\/2024\/06\/Summer-24-Teaser-1024x555.jpg","contentUrl":"https:\/\/jointechlabs.com\/wp-content\/uploads\/2024\/06\/Summer-24-Teaser-1024x555.jpg"},{"@type":"BreadcrumbList","@id":"https:\/\/jointechlabs.com\/summer-24-brain-teaser\/#breadcrumb","itemListElement":[{"@type":"ListItem","position":1,"name":"Home","item":"https:\/\/jointechlabs.com\/"},{"@type":"ListItem","position":2,"name":"Summer &#8217;24 Newsletter Brain Teaser"}]},{"@type":"WebSite","@id":"https:\/\/jointechlabs.com\/#website","url":"https:\/\/jointechlabs.com\/","name":"Jointechlabs, Inc","description":"Une technologie brillante pour Microfat","publisher":{"@id":"https:\/\/jointechlabs.com\/#organization"},"potentialAction":[{"@type":"SearchAction","target":{"@type":"EntryPoint","urlTemplate":"https:\/\/jointechlabs.com\/?s={search_term_string}"},"query-input":{"@type":"PropertyValueSpecification","valueRequired":true,"valueName":"search_term_string"}}],"inLanguage":"fr-FR"},{"@type":"Organization","@id":"https:\/\/jointechlabs.com\/#organization","name":"Jointechlabs, Inc","url":"https:\/\/jointechlabs.com\/","logo":{"@type":"ImageObject","inLanguage":"fr-FR","@id":"https:\/\/jointechlabs.com\/#\/schema\/logo\/image\/","url":"https:\/\/jointechlabs.com\/wp-content\/uploads\/2022\/07\/jointechlabs-logo-tm.png","contentUrl":"https:\/\/jointechlabs.com\/wp-content\/uploads\/2022\/07\/jointechlabs-logo-tm.png","width":250,"height":36,"caption":"Jointechlabs, Inc"},"image":{"@id":"https:\/\/jointechlabs.com\/#\/schema\/logo\/image\/"}}]}},"_links":{"self":[{"href":"https:\/\/jointechlabs.com\/fr\/wp-json\/wp\/v2\/pages\/1746","targetHints":{"allow":["GET"]}}],"collection":[{"href":"https:\/\/jointechlabs.com\/fr\/wp-json\/wp\/v2\/pages"}],"about":[{"href":"https:\/\/jointechlabs.com\/fr\/wp-json\/wp\/v2\/types\/page"}],"author":[{"embeddable":true,"href":"https:\/\/jointechlabs.com\/fr\/wp-json\/wp\/v2\/users\/4"}],"replies":[{"embeddable":true,"href":"https:\/\/jointechlabs.com\/fr\/wp-json\/wp\/v2\/comments?post=1746"}],"version-history":[{"count":0,"href":"https:\/\/jointechlabs.com\/fr\/wp-json\/wp\/v2\/pages\/1746\/revisions"}],"wp:attachment":[{"href":"https:\/\/jointechlabs.com\/fr\/wp-json\/wp\/v2\/media?parent=1746"}],"curies":[{"name":"wp","href":"https:\/\/api.w.org\/{rel}","templated":true}]}}