{"id":59,"date":"2022-06-27T14:31:45","date_gmt":"2022-06-27T14:31:45","guid":{"rendered":"https:\/\/jointechprod.wpengine.com\/?page_id=59"},"modified":"2026-01-22T16:35:09","modified_gmt":"2026-01-23T00:35:09","slug":"mini-stem","status":"publish","type":"page","link":"https:\/\/jointechlabs.com\/de\/mini-stem\/","title":{"rendered":"Mini-Stem"},"content":{"rendered":"<p><\/p>\n\n\n\n<div class=\"wp-block-media-text has-media-on-the-right is-stacked-on-mobile\"><div class=\"wp-block-media-text__content\">\n<p><\/p>\n\n\n\n<h2 class=\"wp-block-heading has-text-align-center display-1 translation-block\" id=\"h-mini-stem-system-is-a-dual-function-medical-device-nbsp\"><strong>Das Mini-Stem System\u00ae ist ein medizinisches Ger\u00e4t mit <span class=\"cursive-green\">dualer<\/span> Funktion.<\/strong><\/h2>\n\n\n\n<h3 class=\"wp-block-heading\" id=\"h-like-minitc-mini-stem-system-processes-autologous-fat-into-microfat-rich-in-rejuvenative-reparative-cells\">\u00c4hnlich wie das <a data-type=\"URL\" data-id=\"\/minitc\" href=\"\/de\/minitc\/\">MiniTC<\/a>, verarbeitet das Mini-Stem-System k\u00f6rpereigenes Fett zu Mikrofett, das reich an verj\u00fcngenden, regenerativen Zellen ist.<\/h3>\n\n\n\n<p class=\"has-text-align-left\" style=\"line-height:1.2\">Dar\u00fcber hinaus isoliert das CE-gepr\u00fcfte Mini-Stem-System die stromale  vaskul\u00e4re Fraktion (SVF) aus Fettgewebe. SVF kann f\u00fcr autologe klinische Anwendungen in einem breiten Spektrum von Therapiebereichen verwendet werden, darunter in der \u00e4sthetischen Medizin, in der plastischen und rekonstruktiven Chirurgie sowie in der Orthop\u00e4die und Wundheilung.<\/p>\n<\/div><figure class=\"wp-block-media-text__media\"><img loading=\"lazy\" decoding=\"async\" width=\"800\" height=\"444\" src=\"https:\/\/jointechlabs.com\/wp-content\/uploads\/2022\/07\/jtl-ministem-hero.png\" alt=\"\" class=\"wp-image-454 size-full\" srcset=\"https:\/\/jointechlabs.com\/wp-content\/uploads\/2022\/07\/jtl-ministem-hero.png 800w, https:\/\/jointechlabs.com\/wp-content\/uploads\/2022\/07\/jtl-ministem-hero-300x167.png 300w, https:\/\/jointechlabs.com\/wp-content\/uploads\/2022\/07\/jtl-ministem-hero-768x426.png 768w\" sizes=\"auto, (max-width: 800px) 100vw, 800px\" \/><\/figure><\/div>\n\n\n\n<div class=\"ministem-container\">\n\n\n\n<figure class=\"wp-block-image size-full is-resized\"><img loading=\"lazy\" decoding=\"async\" width=\"130\" height=\"102\" src=\"https:\/\/jointechlabs.com\/wp-content\/uploads\/2022\/07\/jtl-ce-pending.png\" alt=\"\" class=\"wp-image-462\" style=\"width:58px;height:auto\"\/><\/figure>\n\n\n\n<pre class=\"wp-block-verse has-text-align-center\"><code>Das Mini-Stem System ist mit der CE-Kennzeichnung versehen und in der EU und anderen Regionen erh\u00e4ltlich.  <\/code><\/pre>\n\n\n\n<\/div>\n\n\n\n<div class=\"wp-block-media-text is-stacked-on-mobile\"><figure class=\"wp-block-media-text__media\"><\/figure><div class=\"wp-block-media-text__content\">\n<p><\/p>\n<\/div><\/div>\n\n\n\n<div class=\"wp-block-media-text is-stacked-on-mobile\"><figure class=\"wp-block-media-text__media\"><\/figure><div class=\"wp-block-media-text__content\">\n<p><\/p>\n<\/div><\/div>\n\n\n\n<h2 class=\"wp-block-heading has-text-align-center underline mt-5\" id=\"h-differences-between-minitc-and-mini-stem-system\">Unterschiede zwischen MiniTC und dem Mini-Stem-System<\/h2>\n\n\n<div class=\"wp-block-image\">\n<figure class=\"aligncenter size-full is-resized\"><img loading=\"lazy\" decoding=\"async\" width=\"800\" height=\"879\" src=\"https:\/\/jointechlabs.com\/wp-content\/uploads\/2024\/11\/MiniTCvsMiniStem2.DE_.png\" alt=\"\" class=\"wp-image-464\" style=\"width:448px;height:auto\" srcset=\"https:\/\/jointechlabs.com\/wp-content\/uploads\/2024\/11\/MiniTCvsMiniStem2.DE_.png 853w, https:\/\/jointechlabs.com\/wp-content\/uploads\/2024\/11\/MiniTCvsMiniStem2.DE_-274x300.png 274w, https:\/\/jointechlabs.com\/wp-content\/uploads\/2024\/11\/MiniTCvsMiniStem2.DE_-768x841.png 768w, https:\/\/jointechlabs.com\/wp-content\/uploads\/2024\/11\/MiniTCvsMiniStem2.DE_-11x12.png 11w\" sizes=\"auto, (max-width: 800px) 100vw, 800px\" \/><\/figure>\n<\/div>\n\n\n<hr class=\"wp-block-separator has-alpha-channel-opacity\"\/>\n\n\n\n<div class=\"wp-block-columns is-layout-flex wp-container-core-columns-is-layout-9d6595d7 wp-block-columns-is-layout-flex\">\n<div class=\"wp-block-column is-layout-flow wp-block-column-is-layout-flow\">\n<p><a data-type=\"URL\" data-id=\"\/minitc\" href=\"\/de\/minitc\/\">MiniTC<\/a> bietet ein vereinfachtes Protokoll zur Gewinnung von injizierbarem Mikrofett in etwa 30 Minuten. Im ersten Schritt werden Blut- und An\u00e4sthesieverunreinigungen entfernt; im zweiten Schritt wird das dichte Fett in Mikrofett zerlegt, wobei die regenerativen Zellen erhalten bleiben. Das injizierbare Mikrofett wird dann durch Anschluss der Spritze an den Luer-Anschluss oben auf dem Ger\u00e4t entnommen.<\/p>\n<\/div>\n\n\n\n<div class=\"wp-block-column is-layout-flow wp-block-column-is-layout-flow\">\n<p>Das Mini-Stem-System folgt demselben Protokoll wie <a data-type=\"URL\" data-id=\"\/minitc\" href=\"\/de\/minitc\/\">MiniTC<\/a> zur Gewinnung von injizierbarem Mikrofett.&nbsp;<\/p>\n\n\n\n<p>Dar\u00fcber hinaus kann das Mini-Stem System den mehrstufigen Laborprozess der Isolierung von SVF aus Fett nachbilden. Das tragbare Ger\u00e4t mit geschlossenem Kreislauf f\u00fchrt die Materialien \u00fcber spezielle Luer-Anschl\u00fcsse ein und sammelt sie. Anschlie\u00dfend f\u00fchrt es ein SVF-Protokoll durch, das das Waschen des Gewebes, den enzymatischen Verdau des Gewebes und die Filtration der verdauten Fraktion umfasst.<\/p>\n<\/div>\n<\/div>\n\n\n\n\n\n\n<hr class=\"wp-block-separator has-css-opacity\"\/>\n\n\n\n<h2 class=\"wp-block-heading has-text-align-center\" id=\"h-einfuhrung-in-das-mini-stem-system\">Einf\u00fchrung in das Mini-Stem-System<\/h2>\n\n\n<p><br \/>\n<br \/>\n<\/p>\n\n\n\n<!-- Put CSS once, anywhere above or below the shortcodes -->\n<style>\n  .video640{ margin:0 !important; padding:0 !important; line-height:0; }\n  .video640 .video640-box{\n    position:relative; width:100%; max-width:800px; margin:0 auto; aspect-ratio:16\/9;\n  }\n  .video640 .video640-box iframe{\n    position:absolute; inset:0; width:100%; height:100%; border:0; display:block;\n  }\n  @media (max-width: 782px){\n    .video640{ padding-left:16px !important; padding-right:16px !important; text-align:center; }\n    .video640 .video640-box{ display:inline-block; width:100%; max-width:640px; margin:0 auto; text-align:left; }\n  }\n<\/style>\n\n\n\n<div class=\"video640\">\n  <div class=\"video640-box\">\n    <iframe\n      src=\"https:\/\/player.vimeo.com\/video\/1118222689?h=19089b8402&#038;autopause=0&#038;texttrack=de-DE\"\n      allow=\"autoplay; fullscreen; picture-in-picture\"\n      allowfullscreen\n loading=\"lazy\"\n      title=\"Mini-Stem System\u00ae | Jointechlabs | Deutsch\">\n    <\/iframe>\n  <\/div>\n<\/div>\n\n\n\n\n\n\n\n\n<hr class=\"wp-block-separator has-css-opacity\"\/>\n\n\n\n<h2 class=\"wp-block-heading has-text-align-center underline my-5\" id=\"h-user-profile\">Benutzerprofil<\/h2>\n\n\n\n<div class=\"wp-block-columns is-layout-flex wp-container-core-columns-is-layout-9d6595d7 wp-block-columns-is-layout-flex\">\n<div class=\"wp-block-column is-layout-flow wp-block-column-is-layout-flow\" style=\"flex-basis:20%\"><\/div>\n\n\n\n<div class=\"wp-block-column is-layout-flow wp-block-column-is-layout-flow\">\n<p><\/p>\n\n\n\n<p>Wenn Sie ein in den Vereinigten Staaten praktizierender Arzt oder eine Klinik sind, ist <a href=\"\/de\/minitc\/\" data-type=\"URL\" data-id=\"\/minitc\">MiniTC<\/a> bei Jointechlabs und seinen Vertriebspartnern erh\u00e4ltlich.<\/p>\n\n\n\n<p>Wenn Sie ein Arzt oder eine Klinik sind, die au\u00dferhalb der Vereinigten Staaten praktizieren, werden <a data-type=\"URL\" data-id=\"\/minitc\" href=\"\/de\/minitc\/\">MiniTC<\/a> oder Mini-Stem System Ihre Bed\u00fcrfnisse erf\u00fcllen, wobei das Mini-Stem System zus\u00e4tzliche M\u00f6glichkeiten f\u00fcr Sie und Ihre Patienten bietet. Das Mini-Stem System ist bei Jointechlabs und H\u00e4ndlern erh\u00e4ltlich.<\/p>\n<\/div>\n\n\n\n<div class=\"wp-block-column is-layout-flow wp-block-column-is-layout-flow\" style=\"flex-basis:20%\"><\/div>\n<\/div>","protected":false},"excerpt":{"rendered":"<p>Mini-Stem System\u00ae is a dual-function medical device.&nbsp; Like MiniTC, Mini-Stem System processes autologous fat into microfat rich in rejuvenative, reparative cells. Additionally, CE-Mark-approved Mini-Stem System isolates Stromal Vascular Fraction (SVF) from adipose tissue. SVF can be used for autologous clinical applications in a broad range of therapeutic areas, including medical aesthetics, plastic and reconstructive surgery, [&hellip;]<\/p>\n","protected":false},"author":1,"featured_media":0,"parent":0,"menu_order":0,"comment_status":"closed","ping_status":"closed","template":"template-full-width.php","meta":{"_acf_changed":false,"om_disable_all_campaigns":false,"footnotes":""},"class_list":["post-59","page","type-page","status-publish","hentry"],"acf":[],"yoast_head":"<!-- This site is optimized with the Yoast SEO Premium plugin v27.4 (Yoast SEO v27.4) - https:\/\/yoast.com\/product\/yoast-seo-premium-wordpress\/ -->\n<title>Mini-Stem - Jointechlabs, Inc<\/title>\n<meta name=\"description\" content=\"Our Mini-Stem System isolates SVF from fat tissue for applications in a broad range of therapeutic areas. For use outside the US.\" \/>\n<meta name=\"robots\" content=\"index, follow, max-snippet:-1, max-image-preview:large, max-video-preview:-1\" \/>\n<link rel=\"canonical\" href=\"https:\/\/jointechlabs.com\/de\/mini-stem\/\" \/>\n<meta property=\"og:locale\" content=\"de_DE\" \/>\n<meta property=\"og:type\" content=\"article\" \/>\n<meta property=\"og:title\" content=\"Mini-Stem\" \/>\n<meta property=\"og:description\" content=\"Our Mini-Stem System isolates SVF from fat tissue for applications in a broad range of therapeutic areas. For use outside the US.\" \/>\n<meta property=\"og:url\" content=\"https:\/\/jointechlabs.com\/de\/mini-stem\/\" \/>\n<meta property=\"og:site_name\" content=\"Jointechlabs, Inc\" \/>\n<meta property=\"article:modified_time\" content=\"2026-01-23T00:35:09+00:00\" \/>\n<meta property=\"og:image\" content=\"https:\/\/jointechlabs.com\/wp-content\/uploads\/2022\/07\/jtl-ministem-hero.png\" \/>\n\t<meta property=\"og:image:width\" content=\"800\" \/>\n\t<meta property=\"og:image:height\" content=\"444\" \/>\n\t<meta property=\"og:image:type\" content=\"image\/png\" \/>\n<meta name=\"twitter:card\" content=\"summary_large_image\" \/>\n<meta name=\"twitter:label1\" content=\"Est. reading time\" \/>\n\t<meta name=\"twitter:data1\" content=\"2 Minuten\" \/>\n<script type=\"application\/ld+json\" class=\"yoast-schema-graph\">{\"@context\":\"https:\\\/\\\/schema.org\",\"@graph\":[{\"@type\":\"WebPage\",\"@id\":\"https:\\\/\\\/jointechlabs.com\\\/mini-stem\\\/\",\"url\":\"https:\\\/\\\/jointechlabs.com\\\/mini-stem\\\/\",\"name\":\"Mini-Stem - Jointechlabs, Inc\",\"isPartOf\":{\"@id\":\"https:\\\/\\\/jointechlabs.com\\\/#website\"},\"primaryImageOfPage\":{\"@id\":\"https:\\\/\\\/jointechlabs.com\\\/mini-stem\\\/#primaryimage\"},\"image\":{\"@id\":\"https:\\\/\\\/jointechlabs.com\\\/mini-stem\\\/#primaryimage\"},\"thumbnailUrl\":\"https:\\\/\\\/jointechlabs.com\\\/wp-content\\\/uploads\\\/2022\\\/07\\\/jtl-ministem-hero.png\",\"datePublished\":\"2022-06-27T14:31:45+00:00\",\"dateModified\":\"2026-01-23T00:35:09+00:00\",\"description\":\"Our Mini-Stem System isolates SVF from fat tissue for applications in a broad range of therapeutic areas. For use outside the US.\",\"breadcrumb\":{\"@id\":\"https:\\\/\\\/jointechlabs.com\\\/mini-stem\\\/#breadcrumb\"},\"inLanguage\":\"de-DE\",\"potentialAction\":[{\"@type\":\"ReadAction\",\"target\":[\"https:\\\/\\\/jointechlabs.com\\\/mini-stem\\\/\"]}]},{\"@type\":\"ImageObject\",\"inLanguage\":\"de-DE\",\"@id\":\"https:\\\/\\\/jointechlabs.com\\\/mini-stem\\\/#primaryimage\",\"url\":\"https:\\\/\\\/jointechlabs.com\\\/wp-content\\\/uploads\\\/2022\\\/07\\\/jtl-ministem-hero.png\",\"contentUrl\":\"https:\\\/\\\/jointechlabs.com\\\/wp-content\\\/uploads\\\/2022\\\/07\\\/jtl-ministem-hero.png\"},{\"@type\":\"BreadcrumbList\",\"@id\":\"https:\\\/\\\/jointechlabs.com\\\/mini-stem\\\/#breadcrumb\",\"itemListElement\":[{\"@type\":\"ListItem\",\"position\":1,\"name\":\"Home\",\"item\":\"https:\\\/\\\/jointechlabs.com\\\/\"},{\"@type\":\"ListItem\",\"position\":2,\"name\":\"Mini-Stem\"}]},{\"@type\":\"WebSite\",\"@id\":\"https:\\\/\\\/jointechlabs.com\\\/#website\",\"url\":\"https:\\\/\\\/jointechlabs.com\\\/\",\"name\":\"Jointechlabs, Inc\",\"description\":\"Brilliant technology for Microfat\",\"publisher\":{\"@id\":\"https:\\\/\\\/jointechlabs.com\\\/#organization\"},\"potentialAction\":[{\"@type\":\"SearchAction\",\"target\":{\"@type\":\"EntryPoint\",\"urlTemplate\":\"https:\\\/\\\/jointechlabs.com\\\/?s={search_term_string}\"},\"query-input\":{\"@type\":\"PropertyValueSpecification\",\"valueRequired\":true,\"valueName\":\"search_term_string\"}}],\"inLanguage\":\"de-DE\"},{\"@type\":\"Organization\",\"@id\":\"https:\\\/\\\/jointechlabs.com\\\/#organization\",\"name\":\"Jointechlabs, Inc\",\"url\":\"https:\\\/\\\/jointechlabs.com\\\/\",\"logo\":{\"@type\":\"ImageObject\",\"inLanguage\":\"de-DE\",\"@id\":\"https:\\\/\\\/jointechlabs.com\\\/#\\\/schema\\\/logo\\\/image\\\/\",\"url\":\"https:\\\/\\\/jointechlabs.com\\\/wp-content\\\/uploads\\\/2022\\\/07\\\/jointechlabs-logo-tm.png\",\"contentUrl\":\"https:\\\/\\\/jointechlabs.com\\\/wp-content\\\/uploads\\\/2022\\\/07\\\/jointechlabs-logo-tm.png\",\"width\":250,\"height\":36,\"caption\":\"Jointechlabs, Inc\"},\"image\":{\"@id\":\"https:\\\/\\\/jointechlabs.com\\\/#\\\/schema\\\/logo\\\/image\\\/\"}}]}<\/script>\n<!-- \/ Yoast SEO Premium plugin. -->","yoast_head_json":{"title":"Mini-Schaft - Jointechlabs, Inc","description":"Unser Mini-Stem System isoliert SVF aus Fettgewebe f\u00fcr Anwendungen in einem breiten Spektrum von Therapiegebieten. Zur Verwendung au\u00dferhalb der USA.","robots":{"index":"index","follow":"follow","max-snippet":"max-snippet:-1","max-image-preview":"max-image-preview:large","max-video-preview":"max-video-preview:-1"},"canonical":"https:\/\/jointechlabs.com\/de\/mini-stem\/","og_locale":"de_DE","og_type":"article","og_title":"Mini-Stem","og_description":"Our Mini-Stem System isolates SVF from fat tissue for applications in a broad range of therapeutic areas. For use outside the US.","og_url":"https:\/\/jointechlabs.com\/de\/mini-stem\/","og_site_name":"Jointechlabs, Inc","article_modified_time":"2026-01-23T00:35:09+00:00","og_image":[{"width":800,"height":444,"url":"https:\/\/jointechlabs.com\/wp-content\/uploads\/2022\/07\/jtl-ministem-hero.png","type":"image\/png"}],"twitter_card":"summary_large_image","twitter_misc":{"Est. reading time":"2 Minuten"},"schema":{"@context":"https:\/\/schema.org","@graph":[{"@type":"WebPage","@id":"https:\/\/jointechlabs.com\/mini-stem\/","url":"https:\/\/jointechlabs.com\/mini-stem\/","name":"Mini-Schaft - Jointechlabs, Inc","isPartOf":{"@id":"https:\/\/jointechlabs.com\/#website"},"primaryImageOfPage":{"@id":"https:\/\/jointechlabs.com\/mini-stem\/#primaryimage"},"image":{"@id":"https:\/\/jointechlabs.com\/mini-stem\/#primaryimage"},"thumbnailUrl":"https:\/\/jointechlabs.com\/wp-content\/uploads\/2022\/07\/jtl-ministem-hero.png","datePublished":"2022-06-27T14:31:45+00:00","dateModified":"2026-01-23T00:35:09+00:00","description":"Unser Mini-Stem System isoliert SVF aus Fettgewebe f\u00fcr Anwendungen in einem breiten Spektrum von Therapiegebieten. Zur Verwendung au\u00dferhalb der USA.","breadcrumb":{"@id":"https:\/\/jointechlabs.com\/mini-stem\/#breadcrumb"},"inLanguage":"de-DE","potentialAction":[{"@type":"ReadAction","target":["https:\/\/jointechlabs.com\/mini-stem\/"]}]},{"@type":"ImageObject","inLanguage":"de-DE","@id":"https:\/\/jointechlabs.com\/mini-stem\/#primaryimage","url":"https:\/\/jointechlabs.com\/wp-content\/uploads\/2022\/07\/jtl-ministem-hero.png","contentUrl":"https:\/\/jointechlabs.com\/wp-content\/uploads\/2022\/07\/jtl-ministem-hero.png"},{"@type":"BreadcrumbList","@id":"https:\/\/jointechlabs.com\/mini-stem\/#breadcrumb","itemListElement":[{"@type":"ListItem","position":1,"name":"Home","item":"https:\/\/jointechlabs.com\/"},{"@type":"ListItem","position":2,"name":"Mini-Stem"}]},{"@type":"WebSite","@id":"https:\/\/jointechlabs.com\/#website","url":"https:\/\/jointechlabs.com\/","name":"Jointechlabs, Inc.","description":"Brillante Technologie f\u00fcr Microfat","publisher":{"@id":"https:\/\/jointechlabs.com\/#organization"},"potentialAction":[{"@type":"SearchAction","target":{"@type":"EntryPoint","urlTemplate":"https:\/\/jointechlabs.com\/?s={search_term_string}"},"query-input":{"@type":"PropertyValueSpecification","valueRequired":true,"valueName":"search_term_string"}}],"inLanguage":"de-DE"},{"@type":"Organization","@id":"https:\/\/jointechlabs.com\/#organization","name":"Jointechlabs, Inc.","url":"https:\/\/jointechlabs.com\/","logo":{"@type":"ImageObject","inLanguage":"de-DE","@id":"https:\/\/jointechlabs.com\/#\/schema\/logo\/image\/","url":"https:\/\/jointechlabs.com\/wp-content\/uploads\/2022\/07\/jointechlabs-logo-tm.png","contentUrl":"https:\/\/jointechlabs.com\/wp-content\/uploads\/2022\/07\/jointechlabs-logo-tm.png","width":250,"height":36,"caption":"Jointechlabs, Inc"},"image":{"@id":"https:\/\/jointechlabs.com\/#\/schema\/logo\/image\/"}}]}},"_links":{"self":[{"href":"https:\/\/jointechlabs.com\/de\/wp-json\/wp\/v2\/pages\/59","targetHints":{"allow":["GET"]}}],"collection":[{"href":"https:\/\/jointechlabs.com\/de\/wp-json\/wp\/v2\/pages"}],"about":[{"href":"https:\/\/jointechlabs.com\/de\/wp-json\/wp\/v2\/types\/page"}],"author":[{"embeddable":true,"href":"https:\/\/jointechlabs.com\/de\/wp-json\/wp\/v2\/users\/1"}],"replies":[{"embeddable":true,"href":"https:\/\/jointechlabs.com\/de\/wp-json\/wp\/v2\/comments?post=59"}],"version-history":[{"count":0,"href":"https:\/\/jointechlabs.com\/de\/wp-json\/wp\/v2\/pages\/59\/revisions"}],"wp:attachment":[{"href":"https:\/\/jointechlabs.com\/de\/wp-json\/wp\/v2\/media?parent=59"}],"curies":[{"name":"wp","href":"https:\/\/api.w.org\/{rel}","templated":true}]}}