{"id":2870,"date":"2026-01-11T18:15:26","date_gmt":"2026-01-12T02:15:26","guid":{"rendered":"https:\/\/jointechlabs.com\/?page_id=2870"},"modified":"2026-01-13T09:30:45","modified_gmt":"2026-01-13T17:30:45","slug":"thank-you-and-next-steps","status":"publish","type":"page","link":"https:\/\/jointechlabs.com\/de\/thank-you-and-next-steps\/","title":{"rendered":"Vielen Dank und die n\u00e4chsten Schritte!"},"content":{"rendered":"<p>Bitte geben Sie die nachstehenden Informationen ein, und wir werden Sie \u00fcber die Verf\u00fcgbarkeit von MiniTC, Bestellinformationen und Preise informieren.<\/p>\n\n\n\n<p>Dar\u00fcber hinaus beantworten wir gerne alle Ihre Fragen zum Produkt oder zur Kompatibilit\u00e4t mit Ihrer Praxis und Ihrem Verfahren.<\/p>\n\n\n<div class=\"\"><div class='_form_95'><\/div><script type='text\/javascript' src='https:\/\/jointechlabs.activehosted.com\/f\/embed.php?static=0&id=95&69F241CB4AFE0&nostyles=0&preview=0'><\/script><\/div>","protected":false},"excerpt":{"rendered":"<p>Bitte geben Sie die nachstehenden Informationen ein, und wir werden uns mit Ihnen in Verbindung setzen, um Ihnen die Verf\u00fcgbarkeit von MiniTC, Bestellinformationen und Preise mitzuteilen. Au\u00dferdem beantworten wir gerne alle Ihre Fragen zum Produkt oder zur Kompatibilit\u00e4t mit Ihrer Praxis und Ihrem Verfahren.<\/p>","protected":false},"author":4,"featured_media":0,"parent":0,"menu_order":0,"comment_status":"closed","ping_status":"closed","template":"","meta":{"_acf_changed":false,"om_disable_all_campaigns":false,"footnotes":""},"class_list":["post-2870","page","type-page","status-publish","hentry"],"acf":[],"yoast_head":"<!-- This site is optimized with the Yoast SEO Premium plugin v27.5 (Yoast SEO v27.5) - https:\/\/yoast.com\/product\/yoast-seo-premium-wordpress\/ -->\n<title>Thank you and next steps! - Jointechlabs, Inc<\/title>\n<meta name=\"robots\" content=\"noindex, nofollow\" \/>\n<meta property=\"og:locale\" content=\"de_DE\" \/>\n<meta property=\"og:type\" content=\"article\" \/>\n<meta property=\"og:title\" content=\"Thank you and next steps!\" \/>\n<meta property=\"og:description\" content=\"Please enter the information below and we will contact you with MiniTC availability, ordering information, and pricing. Additionally, we are happy to answer any of your questions about the product or compatibility with your practice and process.\" \/>\n<meta property=\"og:url\" content=\"https:\/\/jointechlabs.com\/de\/thank-you-and-next-steps\/\" \/>\n<meta property=\"og:site_name\" content=\"Jointechlabs, Inc\" \/>\n<meta property=\"article:modified_time\" content=\"2026-01-13T17:30:45+00:00\" \/>\n<meta name=\"twitter:card\" content=\"summary_large_image\" \/>\n<meta name=\"twitter:label1\" content=\"Est. reading time\" \/>\n\t<meta name=\"twitter:data1\" content=\"1 Minute\" \/>\n<script type=\"application\/ld+json\" class=\"yoast-schema-graph\">{\"@context\":\"https:\\\/\\\/schema.org\",\"@graph\":[{\"@type\":\"WebPage\",\"@id\":\"https:\\\/\\\/jointechlabs.com\\\/thank-you-and-next-steps\\\/\",\"url\":\"https:\\\/\\\/jointechlabs.com\\\/thank-you-and-next-steps\\\/\",\"name\":\"Thank you and next steps! - Jointechlabs, Inc\",\"isPartOf\":{\"@id\":\"https:\\\/\\\/jointechlabs.com\\\/#website\"},\"datePublished\":\"2026-01-12T02:15:26+00:00\",\"dateModified\":\"2026-01-13T17:30:45+00:00\",\"breadcrumb\":{\"@id\":\"https:\\\/\\\/jointechlabs.com\\\/thank-you-and-next-steps\\\/#breadcrumb\"},\"inLanguage\":\"de-DE\",\"potentialAction\":[{\"@type\":\"ReadAction\",\"target\":[\"https:\\\/\\\/jointechlabs.com\\\/thank-you-and-next-steps\\\/\"]}]},{\"@type\":\"BreadcrumbList\",\"@id\":\"https:\\\/\\\/jointechlabs.com\\\/thank-you-and-next-steps\\\/#breadcrumb\",\"itemListElement\":[{\"@type\":\"ListItem\",\"position\":1,\"name\":\"Home\",\"item\":\"https:\\\/\\\/jointechlabs.com\\\/\"},{\"@type\":\"ListItem\",\"position\":2,\"name\":\"Thank you and next steps!\"}]},{\"@type\":\"WebSite\",\"@id\":\"https:\\\/\\\/jointechlabs.com\\\/#website\",\"url\":\"https:\\\/\\\/jointechlabs.com\\\/\",\"name\":\"Jointechlabs, Inc\",\"description\":\"Brilliant technology for Microfat\",\"publisher\":{\"@id\":\"https:\\\/\\\/jointechlabs.com\\\/#organization\"},\"potentialAction\":[{\"@type\":\"SearchAction\",\"target\":{\"@type\":\"EntryPoint\",\"urlTemplate\":\"https:\\\/\\\/jointechlabs.com\\\/?s={search_term_string}\"},\"query-input\":{\"@type\":\"PropertyValueSpecification\",\"valueRequired\":true,\"valueName\":\"search_term_string\"}}],\"inLanguage\":\"de-DE\"},{\"@type\":\"Organization\",\"@id\":\"https:\\\/\\\/jointechlabs.com\\\/#organization\",\"name\":\"Jointechlabs, Inc\",\"url\":\"https:\\\/\\\/jointechlabs.com\\\/\",\"logo\":{\"@type\":\"ImageObject\",\"inLanguage\":\"de-DE\",\"@id\":\"https:\\\/\\\/jointechlabs.com\\\/#\\\/schema\\\/logo\\\/image\\\/\",\"url\":\"https:\\\/\\\/jointechlabs.com\\\/wp-content\\\/uploads\\\/2022\\\/07\\\/jointechlabs-logo-tm.png\",\"contentUrl\":\"https:\\\/\\\/jointechlabs.com\\\/wp-content\\\/uploads\\\/2022\\\/07\\\/jointechlabs-logo-tm.png\",\"width\":250,\"height\":36,\"caption\":\"Jointechlabs, Inc\"},\"image\":{\"@id\":\"https:\\\/\\\/jointechlabs.com\\\/#\\\/schema\\\/logo\\\/image\\\/\"}}]}<\/script>\n<!-- \/ Yoast SEO Premium plugin. -->","yoast_head_json":{"title":"Vielen Dank und die n\u00e4chsten Schritte! - Jointechlabs, Inc.","robots":{"index":"noindex","follow":"nofollow"},"og_locale":"de_DE","og_type":"article","og_title":"Thank you and next steps!","og_description":"Please enter the information below and we will contact you with MiniTC availability, ordering information, and pricing. Additionally, we are happy to answer any of your questions about the product or compatibility with your practice and process.","og_url":"https:\/\/jointechlabs.com\/de\/thank-you-and-next-steps\/","og_site_name":"Jointechlabs, Inc","article_modified_time":"2026-01-13T17:30:45+00:00","twitter_card":"summary_large_image","twitter_misc":{"Est. reading time":"1 Minute"},"schema":{"@context":"https:\/\/schema.org","@graph":[{"@type":"WebPage","@id":"https:\/\/jointechlabs.com\/thank-you-and-next-steps\/","url":"https:\/\/jointechlabs.com\/thank-you-and-next-steps\/","name":"Vielen Dank und die n\u00e4chsten Schritte! - Jointechlabs, Inc.","isPartOf":{"@id":"https:\/\/jointechlabs.com\/#website"},"datePublished":"2026-01-12T02:15:26+00:00","dateModified":"2026-01-13T17:30:45+00:00","breadcrumb":{"@id":"https:\/\/jointechlabs.com\/thank-you-and-next-steps\/#breadcrumb"},"inLanguage":"de-DE","potentialAction":[{"@type":"ReadAction","target":["https:\/\/jointechlabs.com\/thank-you-and-next-steps\/"]}]},{"@type":"BreadcrumbList","@id":"https:\/\/jointechlabs.com\/thank-you-and-next-steps\/#breadcrumb","itemListElement":[{"@type":"ListItem","position":1,"name":"Home","item":"https:\/\/jointechlabs.com\/"},{"@type":"ListItem","position":2,"name":"Thank you and next steps!"}]},{"@type":"WebSite","@id":"https:\/\/jointechlabs.com\/#website","url":"https:\/\/jointechlabs.com\/","name":"Jointechlabs, Inc.","description":"Brillante Technologie f\u00fcr Microfat","publisher":{"@id":"https:\/\/jointechlabs.com\/#organization"},"potentialAction":[{"@type":"SearchAction","target":{"@type":"EntryPoint","urlTemplate":"https:\/\/jointechlabs.com\/?s={search_term_string}"},"query-input":{"@type":"PropertyValueSpecification","valueRequired":true,"valueName":"search_term_string"}}],"inLanguage":"de-DE"},{"@type":"Organization","@id":"https:\/\/jointechlabs.com\/#organization","name":"Jointechlabs, Inc.","url":"https:\/\/jointechlabs.com\/","logo":{"@type":"ImageObject","inLanguage":"de-DE","@id":"https:\/\/jointechlabs.com\/#\/schema\/logo\/image\/","url":"https:\/\/jointechlabs.com\/wp-content\/uploads\/2022\/07\/jointechlabs-logo-tm.png","contentUrl":"https:\/\/jointechlabs.com\/wp-content\/uploads\/2022\/07\/jointechlabs-logo-tm.png","width":250,"height":36,"caption":"Jointechlabs, Inc"},"image":{"@id":"https:\/\/jointechlabs.com\/#\/schema\/logo\/image\/"}}]}},"_links":{"self":[{"href":"https:\/\/jointechlabs.com\/de\/wp-json\/wp\/v2\/pages\/2870","targetHints":{"allow":["GET"]}}],"collection":[{"href":"https:\/\/jointechlabs.com\/de\/wp-json\/wp\/v2\/pages"}],"about":[{"href":"https:\/\/jointechlabs.com\/de\/wp-json\/wp\/v2\/types\/page"}],"author":[{"embeddable":true,"href":"https:\/\/jointechlabs.com\/de\/wp-json\/wp\/v2\/users\/4"}],"replies":[{"embeddable":true,"href":"https:\/\/jointechlabs.com\/de\/wp-json\/wp\/v2\/comments?post=2870"}],"version-history":[{"count":0,"href":"https:\/\/jointechlabs.com\/de\/wp-json\/wp\/v2\/pages\/2870\/revisions"}],"wp:attachment":[{"href":"https:\/\/jointechlabs.com\/de\/wp-json\/wp\/v2\/media?parent=2870"}],"curies":[{"name":"wp","href":"https:\/\/api.w.org\/{rel}","templated":true}]}}