{"id":2102,"date":"2024-12-22T20:29:37","date_gmt":"2024-12-23T04:29:37","guid":{"rendered":"https:\/\/jointechlabs.com\/?page_id=2102"},"modified":"2025-05-09T15:30:02","modified_gmt":"2025-05-09T22:30:02","slug":"winter-2024-puzzler","status":"publish","type":"page","link":"https:\/\/jointechlabs.com\/de\/winter-2024-puzzler\/","title":{"rendered":"Winter 2024 Puzzler"},"content":{"rendered":"<p>Der Pr\u00e4sident mit dem h\u00f6chsten BMI ist William Howard Taft.  <\/p>\n\n\n\n<p>Neben Taft gelten folgende Pr\u00e4sidenten als fettleibig (BMI &gt; 30): Grover Cleveland, William McKinley, Theodore Roosevelt und Donald Trump. Die als \u00fcbergewichtig geltenden Pr\u00e4sidenten (BMI 25 bis 30) sind Chester A. Arthur, Bill Clinton, John Quincy Adams, James Buchanan, James Polk, Martin Van Buren, Rutherford B. Hayes, George W. Bush, Millard Fillmore, Zachary Taylor, Gerald Ford, Benjamin Harrison, Herbert Hoover, James Monroe und George Bush.<\/p>\n\n\n\n<p>Im Folgenden finden Sie eine Liste der US-Pr\u00e4sidenten mit einem BMI von 25 oder mehr:<\/p>\n\n\n\n<figure class=\"wp-block-table\"><table class=\"has-fixed-layout\"><tbody><tr><td>Pr\u00e4sident<\/td><td>Gewicht (lbs)<\/td><td>H\u00f6he<\/td><td>BMI<\/td><\/tr><tr><td>William Howard Taft<\/td><td>340 Pfund<\/td><td>6\u2032<\/td><td>46.6<\/td><\/tr><tr><td>Grover Cleveland<\/td><td>260 Pfund<\/td><td>5\u2032 11\u2033<\/td><td>36.4<\/td><\/tr><tr><td>William McKinley<\/td><td>199 Pfund<\/td><td>5\u2032 7\u2033<\/td><td>31.2<\/td><\/tr><tr><td>Donald Trump<\/td><td>239 lbs<\/td><td>6\u2032 2\u2033<\/td><td>30.3<\/td><\/tr><tr><td>Theodore Roosevelt<\/td><td>210 Pfund<\/td><td>5\u2032 10\u2033<\/td><td>30.1<\/td><\/tr><tr><td>Chester A. Arthur<\/td><td>224 Pfund<\/td><td>6\u2032 2\u2033<\/td><td>28.7<\/td><\/tr><tr><td>Bill Clinton<\/td><td>223 lbs<\/td><td>6\u2032 2\u2033<\/td><td>28.6<\/td><\/tr><tr><td>John Quincy Adams<\/td><td>175 Pfund<\/td><td>5\u2032 7\u2033<\/td><td>27.2<\/td><\/tr><tr><td>James Buchanan<\/td><td>198 Pfund<\/td><td>6\u2032 0\u2033<\/td><td>26.8<\/td><\/tr><tr><td>James K. Polk<\/td><td>174 lbs<\/td><td>5\u2032 8\u2033<\/td><td>26.4<\/td><\/tr><tr><td>Martin Van Buren<\/td><td>164 Pfund<\/td><td>5\u2032 6\u2033<\/td><td>26.4<\/td><\/tr><tr><td>Rutherford B. Hayes<\/td><td>175 Pfund<\/td><td>5\u2032 9\u2033<\/td><td>26.2<\/td><\/tr><tr><td>George W. Bush<\/td><td>191 Pfund<\/td><td>6\u2032<\/td><td>26.1<\/td><\/tr><tr><td>Millard Fillmore<\/td><td>174 lbs<\/td><td>5\u2032 9\u2033<\/td><td>25.8<\/td><\/tr><tr><td>Zachary Taylor<\/td><td>170 Pfund<\/td><td>5\u2032 8\u2033<\/td><td>25.8<\/td><\/tr><tr><td>Gerald Ford<\/td><td>190 Pfund<\/td><td>6\u2032 0\u2033<\/td><td>25.7<\/td><\/tr><tr><td>Benjamin Harrison<\/td><td>160 Pfund<\/td><td>5\u2032 6\u2033<\/td><td>25.7<\/td><\/tr><tr><td>Herbert Hoover<\/td><td>187 Pfund<\/td><td>6\u2032<\/td><td>25.6<\/td><\/tr><tr><td>James Monroe<\/td><td>189 Pfund<\/td><td>6\u2032 0\u2033<\/td><td>25.6<\/td><\/tr><tr><td>George H. W. Bush<\/td><td>196 Pfund<\/td><td>6\u2032 2\u2033<\/td><td>25.2<\/td><\/tr><\/tbody><\/table><\/figure>\n\n\n\n<p>Quellen:<\/p>\n\n\n\n<p><a href=\"https:\/\/potus.com\/presidential-facts\/presidential-weight\/\">https:\/\/potus.com\/presidential-facts\/presidential-weight<\/a><a href=\"https:\/\/potus.com\/presidential-facts\/presidential-weight\/\" target=\"_blank\" rel=\"noreferrer noopener\">\/<\/a><br><a href=\"https:\/\/www.statista.com\/statistics\/1108096\/us-presidents-weights\/\" target=\"_blank\" rel=\"noreferrer noopener\">https:\/\/www.statista.com\/statistics\/1108096\/us-presidents-weights\/<\/a><br><a href=\"https:\/\/www.statista.com\/statistics\/1115255\/us-presidents-heights\/\" target=\"_blank\" rel=\"noreferrer noopener\">https:\/\/www.statista.com\/statistics\/1115255\/us-presidents-heights\/<\/a><\/p>","protected":false},"excerpt":{"rendered":"<p>The president with the highest BMI is William Howard Taft. Beside Taft, the presidents considered obese (BMI > 30) are Grover Cleveland, William McKinley, Theodore Roosevelt, and Donald Trump. The presidents considered overweight (BMI 25 to 30) are Chester A. Arthur, Bill Clinton, John Quincy Adams, James Buchanan, James Polk, Martin Van Buren, Rutherford B. [&hellip;]<\/p>\n","protected":false},"author":4,"featured_media":0,"parent":0,"menu_order":0,"comment_status":"closed","ping_status":"closed","template":"","meta":{"_acf_changed":false,"om_disable_all_campaigns":false,"footnotes":""},"class_list":["post-2102","page","type-page","status-publish","hentry"],"acf":[],"yoast_head":"<!-- This site is optimized with the Yoast SEO Premium plugin v27.4 (Yoast SEO v27.4) - https:\/\/yoast.com\/product\/yoast-seo-premium-wordpress\/ -->\n<title>Winter 2024 Puzzler - Jointechlabs, Inc<\/title>\n<meta name=\"robots\" content=\"index, follow, max-snippet:-1, max-image-preview:large, max-video-preview:-1\" \/>\n<link rel=\"canonical\" href=\"https:\/\/jointechlabs.com\/de\/winter-2024-puzzler\/\" \/>\n<meta property=\"og:locale\" content=\"de_DE\" \/>\n<meta property=\"og:type\" content=\"article\" \/>\n<meta property=\"og:title\" content=\"Winter 2024 Puzzler\" \/>\n<meta property=\"og:description\" content=\"The president with the highest BMI is William Howard Taft. Beside Taft, the presidents considered obese (BMI &gt; 30) are Grover Cleveland, William McKinley, Theodore Roosevelt, and Donald Trump. The presidents considered overweight (BMI 25 to 30) are Chester A. Arthur, Bill Clinton, John Quincy Adams, James Buchanan, James Polk, Martin Van Buren, Rutherford B. [&hellip;]\" \/>\n<meta property=\"og:url\" content=\"https:\/\/jointechlabs.com\/de\/winter-2024-puzzler\/\" \/>\n<meta property=\"og:site_name\" content=\"Jointechlabs, Inc\" \/>\n<meta property=\"article:modified_time\" content=\"2025-05-09T22:30:02+00:00\" \/>\n<meta name=\"twitter:card\" content=\"summary_large_image\" \/>\n<meta name=\"twitter:label1\" content=\"Est. reading time\" \/>\n\t<meta name=\"twitter:data1\" content=\"2 Minuten\" \/>\n<script type=\"application\/ld+json\" class=\"yoast-schema-graph\">{\"@context\":\"https:\\\/\\\/schema.org\",\"@graph\":[{\"@type\":\"WebPage\",\"@id\":\"https:\\\/\\\/jointechlabs.com\\\/winter-2024-puzzler\\\/\",\"url\":\"https:\\\/\\\/jointechlabs.com\\\/winter-2024-puzzler\\\/\",\"name\":\"Winter 2024 Puzzler - Jointechlabs, Inc\",\"isPartOf\":{\"@id\":\"https:\\\/\\\/jointechlabs.com\\\/#website\"},\"datePublished\":\"2024-12-23T04:29:37+00:00\",\"dateModified\":\"2025-05-09T22:30:02+00:00\",\"breadcrumb\":{\"@id\":\"https:\\\/\\\/jointechlabs.com\\\/winter-2024-puzzler\\\/#breadcrumb\"},\"inLanguage\":\"de-DE\",\"potentialAction\":[{\"@type\":\"ReadAction\",\"target\":[\"https:\\\/\\\/jointechlabs.com\\\/winter-2024-puzzler\\\/\"]}]},{\"@type\":\"BreadcrumbList\",\"@id\":\"https:\\\/\\\/jointechlabs.com\\\/winter-2024-puzzler\\\/#breadcrumb\",\"itemListElement\":[{\"@type\":\"ListItem\",\"position\":1,\"name\":\"Home\",\"item\":\"https:\\\/\\\/jointechlabs.com\\\/\"},{\"@type\":\"ListItem\",\"position\":2,\"name\":\"Winter 2024 Puzzler\"}]},{\"@type\":\"WebSite\",\"@id\":\"https:\\\/\\\/jointechlabs.com\\\/#website\",\"url\":\"https:\\\/\\\/jointechlabs.com\\\/\",\"name\":\"Jointechlabs, Inc\",\"description\":\"Brilliant technology for Microfat\",\"publisher\":{\"@id\":\"https:\\\/\\\/jointechlabs.com\\\/#organization\"},\"potentialAction\":[{\"@type\":\"SearchAction\",\"target\":{\"@type\":\"EntryPoint\",\"urlTemplate\":\"https:\\\/\\\/jointechlabs.com\\\/?s={search_term_string}\"},\"query-input\":{\"@type\":\"PropertyValueSpecification\",\"valueRequired\":true,\"valueName\":\"search_term_string\"}}],\"inLanguage\":\"de-DE\"},{\"@type\":\"Organization\",\"@id\":\"https:\\\/\\\/jointechlabs.com\\\/#organization\",\"name\":\"Jointechlabs, Inc\",\"url\":\"https:\\\/\\\/jointechlabs.com\\\/\",\"logo\":{\"@type\":\"ImageObject\",\"inLanguage\":\"de-DE\",\"@id\":\"https:\\\/\\\/jointechlabs.com\\\/#\\\/schema\\\/logo\\\/image\\\/\",\"url\":\"https:\\\/\\\/jointechlabs.com\\\/wp-content\\\/uploads\\\/2022\\\/07\\\/jointechlabs-logo-tm.png\",\"contentUrl\":\"https:\\\/\\\/jointechlabs.com\\\/wp-content\\\/uploads\\\/2022\\\/07\\\/jointechlabs-logo-tm.png\",\"width\":250,\"height\":36,\"caption\":\"Jointechlabs, Inc\"},\"image\":{\"@id\":\"https:\\\/\\\/jointechlabs.com\\\/#\\\/schema\\\/logo\\\/image\\\/\"}}]}<\/script>\n<!-- \/ Yoast SEO Premium plugin. -->","yoast_head_json":{"title":"Winter 2024 Puzzler - Jointechlabs, Inc","robots":{"index":"index","follow":"follow","max-snippet":"max-snippet:-1","max-image-preview":"max-image-preview:large","max-video-preview":"max-video-preview:-1"},"canonical":"https:\/\/jointechlabs.com\/de\/winter-2024-puzzler\/","og_locale":"de_DE","og_type":"article","og_title":"Winter 2024 Puzzler","og_description":"The president with the highest BMI is William Howard Taft. Beside Taft, the presidents considered obese (BMI > 30) are Grover Cleveland, William McKinley, Theodore Roosevelt, and Donald Trump. The presidents considered overweight (BMI 25 to 30) are Chester A. Arthur, Bill Clinton, John Quincy Adams, James Buchanan, James Polk, Martin Van Buren, Rutherford B. [&hellip;]","og_url":"https:\/\/jointechlabs.com\/de\/winter-2024-puzzler\/","og_site_name":"Jointechlabs, Inc","article_modified_time":"2025-05-09T22:30:02+00:00","twitter_card":"summary_large_image","twitter_misc":{"Est. reading time":"2 Minuten"},"schema":{"@context":"https:\/\/schema.org","@graph":[{"@type":"WebPage","@id":"https:\/\/jointechlabs.com\/winter-2024-puzzler\/","url":"https:\/\/jointechlabs.com\/winter-2024-puzzler\/","name":"Winter 2024 Puzzler - Jointechlabs, Inc","isPartOf":{"@id":"https:\/\/jointechlabs.com\/#website"},"datePublished":"2024-12-23T04:29:37+00:00","dateModified":"2025-05-09T22:30:02+00:00","breadcrumb":{"@id":"https:\/\/jointechlabs.com\/winter-2024-puzzler\/#breadcrumb"},"inLanguage":"de-DE","potentialAction":[{"@type":"ReadAction","target":["https:\/\/jointechlabs.com\/winter-2024-puzzler\/"]}]},{"@type":"BreadcrumbList","@id":"https:\/\/jointechlabs.com\/winter-2024-puzzler\/#breadcrumb","itemListElement":[{"@type":"ListItem","position":1,"name":"Home","item":"https:\/\/jointechlabs.com\/"},{"@type":"ListItem","position":2,"name":"Winter 2024 Puzzler"}]},{"@type":"WebSite","@id":"https:\/\/jointechlabs.com\/#website","url":"https:\/\/jointechlabs.com\/","name":"Jointechlabs, Inc.","description":"Brillante Technologie f\u00fcr Microfat","publisher":{"@id":"https:\/\/jointechlabs.com\/#organization"},"potentialAction":[{"@type":"SearchAction","target":{"@type":"EntryPoint","urlTemplate":"https:\/\/jointechlabs.com\/?s={search_term_string}"},"query-input":{"@type":"PropertyValueSpecification","valueRequired":true,"valueName":"search_term_string"}}],"inLanguage":"de-DE"},{"@type":"Organization","@id":"https:\/\/jointechlabs.com\/#organization","name":"Jointechlabs, Inc.","url":"https:\/\/jointechlabs.com\/","logo":{"@type":"ImageObject","inLanguage":"de-DE","@id":"https:\/\/jointechlabs.com\/#\/schema\/logo\/image\/","url":"https:\/\/jointechlabs.com\/wp-content\/uploads\/2022\/07\/jointechlabs-logo-tm.png","contentUrl":"https:\/\/jointechlabs.com\/wp-content\/uploads\/2022\/07\/jointechlabs-logo-tm.png","width":250,"height":36,"caption":"Jointechlabs, Inc"},"image":{"@id":"https:\/\/jointechlabs.com\/#\/schema\/logo\/image\/"}}]}},"_links":{"self":[{"href":"https:\/\/jointechlabs.com\/de\/wp-json\/wp\/v2\/pages\/2102","targetHints":{"allow":["GET"]}}],"collection":[{"href":"https:\/\/jointechlabs.com\/de\/wp-json\/wp\/v2\/pages"}],"about":[{"href":"https:\/\/jointechlabs.com\/de\/wp-json\/wp\/v2\/types\/page"}],"author":[{"embeddable":true,"href":"https:\/\/jointechlabs.com\/de\/wp-json\/wp\/v2\/users\/4"}],"replies":[{"embeddable":true,"href":"https:\/\/jointechlabs.com\/de\/wp-json\/wp\/v2\/comments?post=2102"}],"version-history":[{"count":0,"href":"https:\/\/jointechlabs.com\/de\/wp-json\/wp\/v2\/pages\/2102\/revisions"}],"wp:attachment":[{"href":"https:\/\/jointechlabs.com\/de\/wp-json\/wp\/v2\/media?parent=2102"}],"curies":[{"name":"wp","href":"https:\/\/api.w.org\/{rel}","templated":true}]}}