{"id":2072,"date":"2024-12-11T18:30:30","date_gmt":"2024-12-12T02:30:30","guid":{"rendered":"https:\/\/jointechlabs.com\/?page_id=2072"},"modified":"2025-10-18T04:42:57","modified_gmt":"2025-10-18T11:42:57","slug":"microfragmented-fat-and-its-uses","status":"publish","type":"page","link":"https:\/\/jointechlabs.com\/de\/microfragmented-fat-and-its-uses\/","title":{"rendered":"Mikrofragmentiertes Fett und seine Verwendungsm\u00f6glichkeiten"},"content":{"rendered":"<h1 class=\"wp-block-heading has-text-align-center PLmargin\" id=\"h-microfragmented-fat-and-its-uses\">Mikrofragmentiertes Fett und seine Verwendungsm\u00f6glichkeiten<\/h1>\n\n\n\n<div style=\"height:46px\" aria-hidden=\"true\" class=\"wp-block-spacer\"><\/div>\n\n\n<div class=\"wp-block-image wp-figcaption\">\n<figure class=\"aligncenter size-medium\"><img loading=\"lazy\" decoding=\"async\" width=\"300\" height=\"300\" src=\"https:\/\/jointechlabs.com\/wp-content\/uploads\/2024\/09\/FatLik.with_.fat_-300x300.jpg\" alt=\"Das Bild zeigt Mikrofett in einer Spritze nach der Verarbeitung durch MiniTC\" class=\"wp-image-1857\" srcset=\"https:\/\/jointechlabs.com\/wp-content\/uploads\/2024\/09\/FatLik.with_.fat_-300x300.jpg 300w, https:\/\/jointechlabs.com\/wp-content\/uploads\/2024\/09\/FatLik.with_.fat_-150x150.jpg 150w, https:\/\/jointechlabs.com\/wp-content\/uploads\/2024\/09\/FatLik.with_.fat_.jpg 600w\" sizes=\"auto, (max-width: 300px) 100vw, 300px\" \/><figcaption class=\"wp-element-caption\">Mit MiniTC\u00ae verarbeitetes Mikrofett<\/figcaption><\/figure>\n<\/div>\n\n\n<p class=\"PLmargin\">Mikrofragmentiertes Fett, technisch als mikrofragmentiertes Fettgewebe und informell als Mikrofett oder MFAT bezeichnet, ist Fettgewebe (Fettgewebe), das Ihrem eigenen K\u00f6rper entnommen und dann verarbeitet wurde, um unerw\u00fcnschte Stoffe zu entfernen und Ihre nat\u00fcrlichen Stammzellen zu konzentrieren. Das Ergebnis ist eine viel feinere Substanz, die aus kleinen Fragmenten oder Partikeln besteht.<\/p>\n\n\n\n<p class=\"PLmargin\">Das Verfahren kann durch mechanische, enzymatische oder Ultraschallzerkleinerung erreicht werden, aber nur die mechanische Methode ist von der FDA f\u00fcr die Verwendung in den Vereinigten Staaten zugelassen.<\/p>\n\n\n\n<h3 class=\"wp-block-heading PLmargin\" id=\"h-microfat-s-uses\">Microfat's Verwendungszwecke<\/h3>\n\n\n\n<div class=\"wp-block-columns is-layout-flex wp-container-core-columns-is-layout-9d6595d7 wp-block-columns-is-layout-flex\">\n<div class=\"wp-block-column is-layout-flow wp-block-column-is-layout-flow\">\n<figure class=\"wp-block-image size-full PLmarginsmall\"><img loading=\"lazy\" decoding=\"async\" width=\"430\" height=\"281\" src=\"https:\/\/jointechlabs.com\/wp-content\/uploads\/2024\/12\/ManyUsesofMFATLEFT.jpg\" alt=\"Bild, das eine Frau mit Schmerzen nach einem Sturz zeigt, und ein zweites Bild, das eine Mikrofettinjektion zeigt\" class=\"wp-image-2074\" srcset=\"https:\/\/jointechlabs.com\/wp-content\/uploads\/2024\/12\/ManyUsesofMFATLEFT.jpg 430w, https:\/\/jointechlabs.com\/wp-content\/uploads\/2024\/12\/ManyUsesofMFATLEFT-300x196.jpg 300w, https:\/\/jointechlabs.com\/wp-content\/uploads\/2024\/12\/ManyUsesofMFATLEFT-18x12.jpg 18w\" sizes=\"auto, (max-width: 430px) 100vw, 430px\" \/><\/figure>\n<\/div>\n\n\n\n<div class=\"wp-block-column is-layout-flow wp-block-column-is-layout-flow\">\n<figure class=\"wp-block-image size-full\"><img loading=\"lazy\" decoding=\"async\" width=\"430\" height=\"281\" src=\"https:\/\/jointechlabs.com\/wp-content\/uploads\/2024\/12\/ManyUsesofMFAT.RIGHT_.jpg\" alt=\"Bild, das eine Frau zeigt, die eine Injektion ins Gesicht erh\u00e4lt, und ein zweites Bild, das das Anlegen eines Verbandes auf eine Fu\u00dfwunde zeigt\" class=\"wp-image-2073\" srcset=\"https:\/\/jointechlabs.com\/wp-content\/uploads\/2024\/12\/ManyUsesofMFAT.RIGHT_.jpg 430w, https:\/\/jointechlabs.com\/wp-content\/uploads\/2024\/12\/ManyUsesofMFAT.RIGHT_-300x196.jpg 300w, https:\/\/jointechlabs.com\/wp-content\/uploads\/2024\/12\/ManyUsesofMFAT.RIGHT_-18x12.jpg 18w\" sizes=\"auto, (max-width: 430px) 100vw, 430px\" \/><\/figure>\n<\/div>\n<\/div>\n\n\n\n<p class=\"PLmargin\">MFAT wird in der Wundheilung und in der \u00c4sthetik eingesetzt, aber die folgenden Abschnitte konzentrieren sich auf die Verwendung von MFAT in der Orthop\u00e4die - bei Arthritis, Verletzungen und Gelenkschmerzen. Es ist daf\u00fcr gut geeignet, weil es von Natur aus entz\u00fcndungshemmend ist und so Schmerzen lindern kann. Dar\u00fcber hinaus ist MFAT eine \u00e4u\u00dferst reichhaltige Quelle nat\u00fcrlicher mesenchymaler Stammzellen (MSCs), von denen man annimmt, dass sie regenerativ sind, d. h. sie lindern nicht nur Schmerzen, sondern helfen dem K\u00f6rper tats\u00e4chlich, sich selbst zu heilen.<\/p>\n\n\n\n<h3 class=\"wp-block-heading PLmargin\" id=\"h-the-microfat-therapy-process\">Der Prozess der Mikrofett-Therapie<\/h3>\n\n\n\n<div class=\"wp-block-columns is-layout-flex wp-container-core-columns-is-layout-9d6595d7 wp-block-columns-is-layout-flex\">\n<div class=\"wp-block-column is-layout-flow wp-block-column-is-layout-flow\"><div class=\"wp-block-image wp-figcaption\">\n<figure class=\"aligncenter size-full\"><img loading=\"lazy\" decoding=\"async\" width=\"195\" height=\"259\" src=\"https:\/\/jointechlabs.com\/wp-content\/uploads\/2024\/12\/1.LipoaspirationA-small.png\" alt=\"Bild der Lipoaspiration als erster Schritt eines Mikrofettverfahrens\" class=\"wp-image-2077\" srcset=\"https:\/\/jointechlabs.com\/wp-content\/uploads\/2024\/12\/1.LipoaspirationA-small.png 195w, https:\/\/jointechlabs.com\/wp-content\/uploads\/2024\/12\/1.LipoaspirationA-small-9x12.png 9w\" sizes=\"auto, (max-width: 195px) 100vw, 195px\" \/><figcaption class=\"wp-element-caption\">Fett wird entfernt<\/figcaption><\/figure>\n<\/div><\/div>\n\n\n\n<div class=\"wp-block-column is-layout-flow wp-block-column-is-layout-flow\"><div class=\"wp-block-image wp-figcaption\">\n<figure class=\"aligncenter size-full\"><img loading=\"lazy\" decoding=\"async\" width=\"195\" height=\"258\" src=\"https:\/\/jointechlabs.com\/wp-content\/uploads\/2024\/12\/2.MiniTCProcessingA-small.png\" alt=\"Das Bild zeigt die MiniTC-Verarbeitung als zweiten Schritt in einem Mikrofettverfahren\" class=\"wp-image-2076\" srcset=\"https:\/\/jointechlabs.com\/wp-content\/uploads\/2024\/12\/2.MiniTCProcessingA-small.png 195w, https:\/\/jointechlabs.com\/wp-content\/uploads\/2024\/12\/2.MiniTCProcessingA-small-9x12.png 9w\" sizes=\"auto, (max-width: 195px) 100vw, 195px\" \/><figcaption class=\"wp-element-caption\">MiniTC-Verarbeitung<\/figcaption><\/figure>\n<\/div><\/div>\n\n\n\n<div class=\"wp-block-column is-layout-flow wp-block-column-is-layout-flow\"><div class=\"wp-block-image wp-figcaption\">\n<figure class=\"aligncenter size-full\"><img loading=\"lazy\" decoding=\"async\" width=\"195\" height=\"261\" src=\"https:\/\/jointechlabs.com\/wp-content\/uploads\/2024\/12\/3.microfat.injectionA-small.png\" alt=\"Bild mit Mikrofettinjektion als letzter Schritt eines Mikrofettverfahrens\" class=\"wp-image-2075\" srcset=\"https:\/\/jointechlabs.com\/wp-content\/uploads\/2024\/12\/3.microfat.injectionA-small.png 195w, https:\/\/jointechlabs.com\/wp-content\/uploads\/2024\/12\/3.microfat.injectionA-small-9x12.png 9w\" sizes=\"auto, (max-width: 195px) 100vw, 195px\" \/><figcaption class=\"wp-element-caption\">Mikrofett-Injektion<\/figcaption><\/figure>\n<\/div><\/div>\n<\/div>\n\n\n\n<p class=\"PLmargin\">Wenn Ihr Arzt das MiniTC\u00ae von Jointechlabs zur Gewinnung von Mikrofett verwendet, ist das Verfahren einfach und praktisch schmerzfrei. Der Eingriff findet in der Praxis Ihres Arztes statt, dauert etwa eine Stunde und wird unter leichter \u00f6rtlicher Bet\u00e4ubung durchgef\u00fchrt. Ihr Arzt entnimmt eine kleine Menge Fett von Ihrem Bauch oder Ges\u00e4\u00df und verarbeitet dieses Fett mit MiniTC zu Mikrofett. Anschlie\u00dfend injiziert er oder sie das Mikrofett in Ihr schmerzendes Gelenk. Obwohl es sich um einen chirurgischen Eingriff handelt, ist er angenehm, wird in der Regel in der Arztpraxis durchgef\u00fchrt, und Sie k\u00f6nnen schon nach ein oder zwei Tagen wieder Ihren normalen T\u00e4tigkeiten nachgehen. Au\u00dferdem tritt die Schmerzlinderung oft fast sofort ein.<\/p>\n\n\n\n<h3 class=\"wp-block-heading PLmargin\" id=\"h-when-microfat-is-indicated\">Wenn Mikrofett indiziert ist<\/h3>\n\n\n\n<p class=\"PLmargin\">Microfat eignet sich am besten f\u00fcr Menschen, die mit Schmerztabletten oder Injektionen keine zufriedenstellende Schmerzlinderung erzielen, aber nicht f\u00fcr eine Operation in Frage kommen oder diese nicht w\u00fcnschen. In den USA gibt es Millionen von Menschen, die zu dieser Gruppe geh\u00f6ren.<\/p>\n\n\n\n<h3 class=\"wp-block-heading PLmargin\" id=\"h-microfragmented-fat-and-alternatives\">Mikrofragmentiertes Fett und Alternativen<\/h3>\n\n\n\n<div class=\"wp-block-columns is-layout-flex wp-container-core-columns-is-layout-9d6595d7 wp-block-columns-is-layout-flex\">\n<div class=\"wp-block-column is-layout-flow wp-block-column-is-layout-flow\"><div class=\"wp-block-image wp-figcaption\">\n<figure class=\"aligncenter size-full\"><img loading=\"lazy\" decoding=\"async\" width=\"180\" height=\"180\" src=\"https:\/\/jointechlabs.com\/wp-content\/uploads\/2024\/12\/PRP.Circle-small.png\" alt=\"Bild des pl\u00e4ttchenreichen Plasmas\" class=\"wp-image-2078\" srcset=\"https:\/\/jointechlabs.com\/wp-content\/uploads\/2024\/12\/PRP.Circle-small.png 180w, https:\/\/jointechlabs.com\/wp-content\/uploads\/2024\/12\/PRP.Circle-small-150x150.png 150w, https:\/\/jointechlabs.com\/wp-content\/uploads\/2024\/12\/PRP.Circle-small-12x12.png 12w\" sizes=\"auto, (max-width: 180px) 100vw, 180px\" \/><figcaption class=\"wp-element-caption\">Pl\u00e4ttchenreiches Plasma<\/figcaption><\/figure>\n<\/div><\/div>\n\n\n\n<div class=\"wp-block-column is-layout-flow wp-block-column-is-layout-flow\"><div class=\"wp-block-image wp-figcaption\">\n<figure class=\"aligncenter size-full\"><img loading=\"lazy\" decoding=\"async\" width=\"180\" height=\"180\" src=\"https:\/\/jointechlabs.com\/wp-content\/uploads\/2024\/12\/Adipose.Circle-small.png\" alt=\"Bild des Fettgewebes (Adipositas)\" class=\"wp-image-2080\" srcset=\"https:\/\/jointechlabs.com\/wp-content\/uploads\/2024\/12\/Adipose.Circle-small.png 180w, https:\/\/jointechlabs.com\/wp-content\/uploads\/2024\/12\/Adipose.Circle-small-150x150.png 150w, https:\/\/jointechlabs.com\/wp-content\/uploads\/2024\/12\/Adipose.Circle-small-12x12.png 12w\" sizes=\"auto, (max-width: 180px) 100vw, 180px\" \/><figcaption class=\"wp-element-caption\">Fett - Verarbeitet zu Mikrofett<\/figcaption><\/figure>\n<\/div><\/div>\n\n\n\n<div class=\"wp-block-column is-layout-flow wp-block-column-is-layout-flow\"><div class=\"wp-block-image wp-figcaption\">\n<figure class=\"aligncenter size-full\"><img loading=\"lazy\" decoding=\"async\" width=\"180\" height=\"180\" src=\"https:\/\/jointechlabs.com\/wp-content\/uploads\/2024\/12\/BMAC.Circle-small.png\" alt=\"Bild von Knochenmarkskonzentrat\" class=\"wp-image-2079\" srcset=\"https:\/\/jointechlabs.com\/wp-content\/uploads\/2024\/12\/BMAC.Circle-small.png 180w, https:\/\/jointechlabs.com\/wp-content\/uploads\/2024\/12\/BMAC.Circle-small-150x150.png 150w, https:\/\/jointechlabs.com\/wp-content\/uploads\/2024\/12\/BMAC.Circle-small-12x12.png 12w\" sizes=\"auto, (max-width: 180px) 100vw, 180px\" \/><figcaption class=\"wp-element-caption\">Knochenmarkskonzentrat<\/figcaption><\/figure>\n<\/div><\/div>\n<\/div>\n\n\n\n<p class=\"PLmargin\">Mikrofett geh\u00f6rt zu der Klasse von Arzneimitteln und Behandlungen, die als Orthobiologika bezeichnet werden und den allgemeinen Bereich der Regenerativen Medizin bilden. Es gibt zwei weitere beliebte Orthobiologika. Das eine hei\u00dft <a href=\"https:\/\/orthoinfo.aaos.org\/en\/treatment\/platelet-rich-plasma-prp\/\" target=\"_blank\" rel=\"noreferrer noopener\">Pl\u00e4ttchenreiches Plasma<\/a> (PRP). PRP ist von Natur aus entz\u00fcndungshemmend, so dass es h\u00e4ufig zur kurzfristigen Schmerzlinderung eingesetzt werden kann. Es enth\u00e4lt jedoch keine regenerativen Zellen. Die andere hei\u00dft <a href=\"https:\/\/my.clevelandclinic.org\/health\/procedures\/bone-marrow-concentrate-bmc\">Knochenmark-Aspirat <\/a><a href=\"https:\/\/my.clevelandclinic.org\/health\/procedures\/bone-marrow-concentrate-bmc\" target=\"_blank\" rel=\"noreferrer noopener\">Konzentrieren Sie sich auf<\/a> (BMAC). BMAC ist entz\u00fcndungshemmend und enth\u00e4lt MSZ, aber die Konzentration der MSZ ist weitaus geringer als die des Mikrofetts. Dar\u00fcber hinaus hat Mikrofett polsternde Eigenschaften, die BMAC fehlen, und die Entnahme von Knochenmark aus Patienten kann schmerzhaft sein.<\/p>\n\n\n\n<h3 class=\"wp-block-heading PLmargin\" id=\"h-mfat-s-safety-and-track-record\">MFATs Sicherheit und Erfolgsbilanz<\/h3>\n\n\n\n<p class=\"PLmargin\">Mikrofett wird in den Vereinigten Staaten seit 2014 verwendet und ist von der FDA zugelassen. Allerdings sind nicht alle Mikrofettverarbeitungssysteme von der FDA zugelassen. MiniTC von Jointechlabs ist FDA-zugelassen - Sie sollten nur mit einem FDA-zugelassenen Produkt behandelt werden. Tausende von Mikrofettbehandlungen wurden bereits durchgef\u00fchrt und es gibt eine <a href=\"https:\/\/jointechlabs.com\/industry-research\/\">gro\u00dfer Fundus an Forschung<\/a> die die Sicherheit und Wirksamkeit des Verfahrens best\u00e4tigen. Da das Mikrofett aus Ihren eigenen Fettzellen gewonnen wird, besteht bei der Mikrofetttherapie au\u00dferdem kein Risiko einer Absto\u00dfung oder unerw\u00fcnschten Reaktion, wie sie bei der Verwendung von Fremdmaterial auftreten kann.<\/p>\n\n\n\n<h3 class=\"wp-block-heading PLmargin\" id=\"h-the-advantages-of-minitc\">Die Vorteile von MiniTC<\/h3>\n\n\n<div class=\"wp-block-image\">\n<figure class=\"aligncenter size-full\"><img loading=\"lazy\" decoding=\"async\" width=\"227\" height=\"227\" src=\"https:\/\/jointechlabs.com\/wp-content\/uploads\/2024\/12\/MiniTC.in_.action.circle.png\" alt=\"MiniTC-Verarbeitung von Mikrofett\" class=\"wp-image-2081\" srcset=\"https:\/\/jointechlabs.com\/wp-content\/uploads\/2024\/12\/MiniTC.in_.action.circle.png 227w, https:\/\/jointechlabs.com\/wp-content\/uploads\/2024\/12\/MiniTC.in_.action.circle-150x150.png 150w, https:\/\/jointechlabs.com\/wp-content\/uploads\/2024\/12\/MiniTC.in_.action.circle-12x12.png 12w\" sizes=\"auto, (max-width: 227px) 100vw, 227px\" \/><\/figure>\n<\/div>\n\n\n<p class=\"PLmargin\">Das von MiniTC hergestellte Mikrofett enth\u00e4lt mehr MSZ als jedes andere Mikrofettprodukt. Dar\u00fcber hinaus ist MiniTC steril, schnell, zuverl\u00e4ssig und FDA-zertifiziert. Jointechlabs ist ISO 13485:2016-zertifiziert (was die h\u00f6chsten Qualit\u00e4tsstandards garantiert) und wir stellen MiniTC in den USA her.<\/p>\n\n\n\n<h3 class=\"wp-block-heading PLmargin\" id=\"h-next-steps\">N\u00e4chste Schritte<\/h3>\n\n\n\n<p class=\"PLmargin\">Ob Mikrofett f\u00fcr Sie geeignet ist, sollten Sie in Absprache mit Ihrem Arzt entscheiden. Sie sollten die Einzelheiten des Verfahrens und etwaige Alternativen besprechen, um die einzelnen Schritte sowie die damit verbundenen Risiken und Vorteile zu verstehen.<\/p>\n\n\n\n<div class=\"wp-block-buttons is-layout-flex wp-block-buttons-is-layout-flex\"><\/div>\n\n\n<input type=\"button\" value=\"Zur\u00fcck\" class=\"alg_back_button_input my-back-button\" style=\"\" onclick=\"window.history.back()\" \/>","protected":false},"excerpt":{"rendered":"<p>Microfragmented Fat and its Uses Microfragmented Fat, technically called Microfragmented Adipose Tissue and informally called Microfat or MFAT, is fat tissue (adipose tissue) harvested from your own body, then processed to remove unwanted substances and concentrate your natural stem cells. The result is a much finer substance composed of small fragments or particles. The process [&hellip;]<\/p>\n","protected":false},"author":4,"featured_media":0,"parent":0,"menu_order":0,"comment_status":"closed","ping_status":"closed","template":"template-full-width.php","meta":{"_acf_changed":false,"om_disable_all_campaigns":false,"footnotes":""},"class_list":["post-2072","page","type-page","status-publish","hentry"],"acf":[],"yoast_head":"<!-- This site is optimized with the Yoast SEO Premium plugin v27.4 (Yoast SEO v27.4) - https:\/\/yoast.com\/product\/yoast-seo-premium-wordpress\/ -->\n<title>Microfragmented Fat and its Uses - Jointechlabs, Inc<\/title>\n<meta name=\"description\" content=\"Definition of microfragmented adipose tissue (also called microfragmented fat, microfat, or MFAT) and a discussion of its uses and benefits.\" \/>\n<meta name=\"robots\" content=\"index, follow, max-snippet:-1, max-image-preview:large, max-video-preview:-1\" \/>\n<link rel=\"canonical\" href=\"https:\/\/jointechlabs.com\/de\/microfragmented-fat-and-its-uses\/\" \/>\n<meta property=\"og:locale\" content=\"de_DE\" \/>\n<meta property=\"og:type\" content=\"article\" \/>\n<meta property=\"og:title\" content=\"Microfragmented Fat and its Uses\" \/>\n<meta property=\"og:description\" content=\"Definition of microfragmented adipose tissue (also called microfragmented fat, microfat, or MFAT) and a discussion of its uses and benefits.\" \/>\n<meta property=\"og:url\" content=\"https:\/\/jointechlabs.com\/de\/microfragmented-fat-and-its-uses\/\" \/>\n<meta property=\"og:site_name\" content=\"Jointechlabs, Inc\" \/>\n<meta property=\"article:modified_time\" content=\"2025-10-18T11:42:57+00:00\" \/>\n<meta property=\"og:image\" content=\"https:\/\/jointechlabs.com\/wp-content\/uploads\/2024\/09\/FatLik.with_.fat_.jpg\" \/>\n\t<meta property=\"og:image:width\" content=\"600\" \/>\n\t<meta property=\"og:image:height\" content=\"600\" \/>\n\t<meta property=\"og:image:type\" content=\"image\/jpeg\" \/>\n<meta name=\"twitter:card\" content=\"summary_large_image\" \/>\n<meta name=\"twitter:label1\" content=\"Est. reading time\" \/>\n\t<meta name=\"twitter:data1\" content=\"5 Minuten\" \/>\n<script type=\"application\/ld+json\" class=\"yoast-schema-graph\">{\"@context\":\"https:\\\/\\\/schema.org\",\"@graph\":[{\"@type\":\"WebPage\",\"@id\":\"https:\\\/\\\/jointechlabs.com\\\/microfragmented-fat-and-its-uses\\\/\",\"url\":\"https:\\\/\\\/jointechlabs.com\\\/microfragmented-fat-and-its-uses\\\/\",\"name\":\"Microfragmented Fat and its Uses - Jointechlabs, Inc\",\"isPartOf\":{\"@id\":\"https:\\\/\\\/jointechlabs.com\\\/#website\"},\"primaryImageOfPage\":{\"@id\":\"https:\\\/\\\/jointechlabs.com\\\/microfragmented-fat-and-its-uses\\\/#primaryimage\"},\"image\":{\"@id\":\"https:\\\/\\\/jointechlabs.com\\\/microfragmented-fat-and-its-uses\\\/#primaryimage\"},\"thumbnailUrl\":\"https:\\\/\\\/jointechlabs.com\\\/wp-content\\\/uploads\\\/2024\\\/09\\\/FatLik.with_.fat_-300x300.jpg\",\"datePublished\":\"2024-12-12T02:30:30+00:00\",\"dateModified\":\"2025-10-18T11:42:57+00:00\",\"description\":\"Definition of microfragmented adipose tissue (also called microfragmented fat, microfat, or MFAT) and a discussion of its uses and benefits.\",\"breadcrumb\":{\"@id\":\"https:\\\/\\\/jointechlabs.com\\\/microfragmented-fat-and-its-uses\\\/#breadcrumb\"},\"inLanguage\":\"de-DE\",\"potentialAction\":[{\"@type\":\"ReadAction\",\"target\":[\"https:\\\/\\\/jointechlabs.com\\\/microfragmented-fat-and-its-uses\\\/\"]}]},{\"@type\":\"ImageObject\",\"inLanguage\":\"de-DE\",\"@id\":\"https:\\\/\\\/jointechlabs.com\\\/microfragmented-fat-and-its-uses\\\/#primaryimage\",\"url\":\"https:\\\/\\\/jointechlabs.com\\\/wp-content\\\/uploads\\\/2024\\\/09\\\/FatLik.with_.fat_-300x300.jpg\",\"contentUrl\":\"https:\\\/\\\/jointechlabs.com\\\/wp-content\\\/uploads\\\/2024\\\/09\\\/FatLik.with_.fat_-300x300.jpg\"},{\"@type\":\"BreadcrumbList\",\"@id\":\"https:\\\/\\\/jointechlabs.com\\\/microfragmented-fat-and-its-uses\\\/#breadcrumb\",\"itemListElement\":[{\"@type\":\"ListItem\",\"position\":1,\"name\":\"Home\",\"item\":\"https:\\\/\\\/jointechlabs.com\\\/\"},{\"@type\":\"ListItem\",\"position\":2,\"name\":\"Microfragmented Fat and its Uses\"}]},{\"@type\":\"WebSite\",\"@id\":\"https:\\\/\\\/jointechlabs.com\\\/#website\",\"url\":\"https:\\\/\\\/jointechlabs.com\\\/\",\"name\":\"Jointechlabs, Inc\",\"description\":\"Brilliant technology for Microfat\",\"publisher\":{\"@id\":\"https:\\\/\\\/jointechlabs.com\\\/#organization\"},\"potentialAction\":[{\"@type\":\"SearchAction\",\"target\":{\"@type\":\"EntryPoint\",\"urlTemplate\":\"https:\\\/\\\/jointechlabs.com\\\/?s={search_term_string}\"},\"query-input\":{\"@type\":\"PropertyValueSpecification\",\"valueRequired\":true,\"valueName\":\"search_term_string\"}}],\"inLanguage\":\"de-DE\"},{\"@type\":\"Organization\",\"@id\":\"https:\\\/\\\/jointechlabs.com\\\/#organization\",\"name\":\"Jointechlabs, Inc\",\"url\":\"https:\\\/\\\/jointechlabs.com\\\/\",\"logo\":{\"@type\":\"ImageObject\",\"inLanguage\":\"de-DE\",\"@id\":\"https:\\\/\\\/jointechlabs.com\\\/#\\\/schema\\\/logo\\\/image\\\/\",\"url\":\"https:\\\/\\\/jointechlabs.com\\\/wp-content\\\/uploads\\\/2022\\\/07\\\/jointechlabs-logo-tm.png\",\"contentUrl\":\"https:\\\/\\\/jointechlabs.com\\\/wp-content\\\/uploads\\\/2022\\\/07\\\/jointechlabs-logo-tm.png\",\"width\":250,\"height\":36,\"caption\":\"Jointechlabs, Inc\"},\"image\":{\"@id\":\"https:\\\/\\\/jointechlabs.com\\\/#\\\/schema\\\/logo\\\/image\\\/\"}}]}<\/script>\n<!-- \/ Yoast SEO Premium plugin. -->","yoast_head_json":{"title":"Mikrofragmentiertes Fett und seine Verwendungen - Jointechlabs, Inc","description":"Definition des mikrofragmentierten Fettgewebes (auch mikrofragmentiertes Fett, Mikrofett oder MFAT genannt) und Er\u00f6rterung seiner Verwendung und Vorteile.","robots":{"index":"index","follow":"follow","max-snippet":"max-snippet:-1","max-image-preview":"max-image-preview:large","max-video-preview":"max-video-preview:-1"},"canonical":"https:\/\/jointechlabs.com\/de\/microfragmented-fat-and-its-uses\/","og_locale":"de_DE","og_type":"article","og_title":"Microfragmented Fat and its Uses","og_description":"Definition of microfragmented adipose tissue (also called microfragmented fat, microfat, or MFAT) and a discussion of its uses and benefits.","og_url":"https:\/\/jointechlabs.com\/de\/microfragmented-fat-and-its-uses\/","og_site_name":"Jointechlabs, Inc","article_modified_time":"2025-10-18T11:42:57+00:00","og_image":[{"width":600,"height":600,"url":"https:\/\/jointechlabs.com\/wp-content\/uploads\/2024\/09\/FatLik.with_.fat_.jpg","type":"image\/jpeg"}],"twitter_card":"summary_large_image","twitter_misc":{"Est. reading time":"5 Minuten"},"schema":{"@context":"https:\/\/schema.org","@graph":[{"@type":"WebPage","@id":"https:\/\/jointechlabs.com\/microfragmented-fat-and-its-uses\/","url":"https:\/\/jointechlabs.com\/microfragmented-fat-and-its-uses\/","name":"Mikrofragmentiertes Fett und seine Verwendungen - Jointechlabs, Inc","isPartOf":{"@id":"https:\/\/jointechlabs.com\/#website"},"primaryImageOfPage":{"@id":"https:\/\/jointechlabs.com\/microfragmented-fat-and-its-uses\/#primaryimage"},"image":{"@id":"https:\/\/jointechlabs.com\/microfragmented-fat-and-its-uses\/#primaryimage"},"thumbnailUrl":"https:\/\/jointechlabs.com\/wp-content\/uploads\/2024\/09\/FatLik.with_.fat_-300x300.jpg","datePublished":"2024-12-12T02:30:30+00:00","dateModified":"2025-10-18T11:42:57+00:00","description":"Definition des mikrofragmentierten Fettgewebes (auch mikrofragmentiertes Fett, Mikrofett oder MFAT genannt) und Er\u00f6rterung seiner Verwendung und Vorteile.","breadcrumb":{"@id":"https:\/\/jointechlabs.com\/microfragmented-fat-and-its-uses\/#breadcrumb"},"inLanguage":"de-DE","potentialAction":[{"@type":"ReadAction","target":["https:\/\/jointechlabs.com\/microfragmented-fat-and-its-uses\/"]}]},{"@type":"ImageObject","inLanguage":"de-DE","@id":"https:\/\/jointechlabs.com\/microfragmented-fat-and-its-uses\/#primaryimage","url":"https:\/\/jointechlabs.com\/wp-content\/uploads\/2024\/09\/FatLik.with_.fat_-300x300.jpg","contentUrl":"https:\/\/jointechlabs.com\/wp-content\/uploads\/2024\/09\/FatLik.with_.fat_-300x300.jpg"},{"@type":"BreadcrumbList","@id":"https:\/\/jointechlabs.com\/microfragmented-fat-and-its-uses\/#breadcrumb","itemListElement":[{"@type":"ListItem","position":1,"name":"Home","item":"https:\/\/jointechlabs.com\/"},{"@type":"ListItem","position":2,"name":"Microfragmented Fat and its Uses"}]},{"@type":"WebSite","@id":"https:\/\/jointechlabs.com\/#website","url":"https:\/\/jointechlabs.com\/","name":"Jointechlabs, Inc.","description":"Brillante Technologie f\u00fcr Microfat","publisher":{"@id":"https:\/\/jointechlabs.com\/#organization"},"potentialAction":[{"@type":"SearchAction","target":{"@type":"EntryPoint","urlTemplate":"https:\/\/jointechlabs.com\/?s={search_term_string}"},"query-input":{"@type":"PropertyValueSpecification","valueRequired":true,"valueName":"search_term_string"}}],"inLanguage":"de-DE"},{"@type":"Organization","@id":"https:\/\/jointechlabs.com\/#organization","name":"Jointechlabs, Inc.","url":"https:\/\/jointechlabs.com\/","logo":{"@type":"ImageObject","inLanguage":"de-DE","@id":"https:\/\/jointechlabs.com\/#\/schema\/logo\/image\/","url":"https:\/\/jointechlabs.com\/wp-content\/uploads\/2022\/07\/jointechlabs-logo-tm.png","contentUrl":"https:\/\/jointechlabs.com\/wp-content\/uploads\/2022\/07\/jointechlabs-logo-tm.png","width":250,"height":36,"caption":"Jointechlabs, Inc"},"image":{"@id":"https:\/\/jointechlabs.com\/#\/schema\/logo\/image\/"}}]}},"_links":{"self":[{"href":"https:\/\/jointechlabs.com\/de\/wp-json\/wp\/v2\/pages\/2072","targetHints":{"allow":["GET"]}}],"collection":[{"href":"https:\/\/jointechlabs.com\/de\/wp-json\/wp\/v2\/pages"}],"about":[{"href":"https:\/\/jointechlabs.com\/de\/wp-json\/wp\/v2\/types\/page"}],"author":[{"embeddable":true,"href":"https:\/\/jointechlabs.com\/de\/wp-json\/wp\/v2\/users\/4"}],"replies":[{"embeddable":true,"href":"https:\/\/jointechlabs.com\/de\/wp-json\/wp\/v2\/comments?post=2072"}],"version-history":[{"count":0,"href":"https:\/\/jointechlabs.com\/de\/wp-json\/wp\/v2\/pages\/2072\/revisions"}],"wp:attachment":[{"href":"https:\/\/jointechlabs.com\/de\/wp-json\/wp\/v2\/media?parent=2072"}],"curies":[{"name":"wp","href":"https:\/\/api.w.org\/{rel}","templated":true}]}}