{"id":1746,"date":"2024-06-05T14:57:55","date_gmt":"2024-06-05T21:57:55","guid":{"rendered":"https:\/\/jointechlabs.com\/?page_id=1746"},"modified":"2024-06-05T15:05:47","modified_gmt":"2024-06-05T22:05:47","slug":"summer-24-brain-teaser","status":"publish","type":"page","link":"https:\/\/jointechlabs.com\/de\/summer-24-brain-teaser\/","title":{"rendered":"Sommer '24 Newsletter Denksportaufgabe"},"content":{"rendered":"<figure class=\"wp-block-image size-large is-resized\"><img loading=\"lazy\" decoding=\"async\" width=\"1024\" height=\"555\" src=\"https:\/\/jointechlabs.com\/wp-content\/uploads\/2024\/06\/Summer-24-Teaser-1024x555.jpg\" alt=\"\" class=\"wp-image-1745\" style=\"width:840px;height:auto\" srcset=\"https:\/\/jointechlabs.com\/wp-content\/uploads\/2024\/06\/Summer-24-Teaser-1024x555.jpg 1024w, https:\/\/jointechlabs.com\/wp-content\/uploads\/2024\/06\/Summer-24-Teaser-300x163.jpg 300w, https:\/\/jointechlabs.com\/wp-content\/uploads\/2024\/06\/Summer-24-Teaser-768x416.jpg 768w, https:\/\/jointechlabs.com\/wp-content\/uploads\/2024\/06\/Summer-24-Teaser.jpg 1214w\" sizes=\"auto, (max-width: 1024px) 100vw, 1024px\" \/><\/figure>\n\n\n\n<p>Antwort:  11 Felder. <\/p>\n\n\n\n<p>(7 Schachteln Fatloks f\u00fcr 56 Komponenten und 4 Schachteln Kan\u00fclen f\u00fcr 40 Komponenten ergeben insgesamt 96 Komponenten und mehr Fatloks als Kan\u00fclen).<\/p>\n\n\n\n<p>Herzlichen Gl\u00fcckwunsch an Sie, wenn Sie die richtige Antwort gefunden haben!<\/p>\n\n\n\n<p>Bitte erkunden Sie unsere Website - klicken Sie auf einen der Men\u00fcpunkte oder klicken Sie hier f\u00fcr unsere Homepage: <a href=\"https:\/\/jointechlabs.com\/de\/\">https:\/\/www.jointechlabs.com<\/a><\/p>\n\n\n\n<p>Oder hier, um unseren Newsletter zu abonnieren: <a href=\"https:\/\/jointechlabs.com\/de\/newsletter-sign-up\/\">https:\/\/jointechlabs.com\/newsletter-sign-up\/<\/a>.<\/p>","protected":false},"excerpt":{"rendered":"<p>Answer:&nbsp; 11 boxes. (7 boxes of Fatloks for 56 components, and 4 boxes of cannulas for 40 components yields 96 total components, and more Fatloks than cannulas). Congratulations to you if you got the right answer! Please feel free to explore our site &#8211; click on any of the menu items or click here for [&hellip;]<\/p>\n","protected":false},"author":4,"featured_media":0,"parent":0,"menu_order":0,"comment_status":"closed","ping_status":"closed","template":"","meta":{"_acf_changed":false,"om_disable_all_campaigns":false,"footnotes":""},"class_list":["post-1746","page","type-page","status-publish","hentry"],"acf":[],"yoast_head":"<!-- This site is optimized with the Yoast SEO Premium plugin v27.5 (Yoast SEO v27.5) - https:\/\/yoast.com\/product\/yoast-seo-premium-wordpress\/ -->\n<title>Summer &#039;24 Newsletter Brain Teaser - Jointechlabs, Inc<\/title>\n<meta name=\"robots\" content=\"index, follow, max-snippet:-1, max-image-preview:large, max-video-preview:-1\" \/>\n<link rel=\"canonical\" href=\"https:\/\/jointechlabs.com\/de\/summer-24-brain-teaser\/\" \/>\n<meta property=\"og:locale\" content=\"de_DE\" \/>\n<meta property=\"og:type\" content=\"article\" \/>\n<meta property=\"og:title\" content=\"Summer &#039;24 Newsletter Brain Teaser\" \/>\n<meta property=\"og:description\" content=\"Answer:&nbsp; 11 boxes. (7 boxes of Fatloks for 56 components, and 4 boxes of cannulas for 40 components yields 96 total components, and more Fatloks than cannulas). Congratulations to you if you got the right answer! Please feel free to explore our site &#8211; click on any of the menu items or click here for [&hellip;]\" \/>\n<meta property=\"og:url\" content=\"https:\/\/jointechlabs.com\/de\/summer-24-brain-teaser\/\" \/>\n<meta property=\"og:site_name\" content=\"Jointechlabs, Inc\" \/>\n<meta property=\"article:modified_time\" content=\"2024-06-05T22:05:47+00:00\" \/>\n<meta property=\"og:image\" content=\"https:\/\/jointechlabs.com\/wp-content\/uploads\/2024\/06\/Summer-24-Teaser-1024x555.jpg\" \/>\n<meta name=\"twitter:card\" content=\"summary_large_image\" \/>\n<meta name=\"twitter:label1\" content=\"Est. reading time\" \/>\n\t<meta name=\"twitter:data1\" content=\"1 Minute\" \/>\n<script type=\"application\/ld+json\" class=\"yoast-schema-graph\">{\"@context\":\"https:\\\/\\\/schema.org\",\"@graph\":[{\"@type\":\"WebPage\",\"@id\":\"https:\\\/\\\/jointechlabs.com\\\/summer-24-brain-teaser\\\/\",\"url\":\"https:\\\/\\\/jointechlabs.com\\\/summer-24-brain-teaser\\\/\",\"name\":\"Summer '24 Newsletter Brain Teaser - Jointechlabs, Inc\",\"isPartOf\":{\"@id\":\"https:\\\/\\\/jointechlabs.com\\\/#website\"},\"primaryImageOfPage\":{\"@id\":\"https:\\\/\\\/jointechlabs.com\\\/summer-24-brain-teaser\\\/#primaryimage\"},\"image\":{\"@id\":\"https:\\\/\\\/jointechlabs.com\\\/summer-24-brain-teaser\\\/#primaryimage\"},\"thumbnailUrl\":\"https:\\\/\\\/jointechlabs.com\\\/wp-content\\\/uploads\\\/2024\\\/06\\\/Summer-24-Teaser-1024x555.jpg\",\"datePublished\":\"2024-06-05T21:57:55+00:00\",\"dateModified\":\"2024-06-05T22:05:47+00:00\",\"breadcrumb\":{\"@id\":\"https:\\\/\\\/jointechlabs.com\\\/summer-24-brain-teaser\\\/#breadcrumb\"},\"inLanguage\":\"de-DE\",\"potentialAction\":[{\"@type\":\"ReadAction\",\"target\":[\"https:\\\/\\\/jointechlabs.com\\\/summer-24-brain-teaser\\\/\"]}]},{\"@type\":\"ImageObject\",\"inLanguage\":\"de-DE\",\"@id\":\"https:\\\/\\\/jointechlabs.com\\\/summer-24-brain-teaser\\\/#primaryimage\",\"url\":\"https:\\\/\\\/jointechlabs.com\\\/wp-content\\\/uploads\\\/2024\\\/06\\\/Summer-24-Teaser-1024x555.jpg\",\"contentUrl\":\"https:\\\/\\\/jointechlabs.com\\\/wp-content\\\/uploads\\\/2024\\\/06\\\/Summer-24-Teaser-1024x555.jpg\"},{\"@type\":\"BreadcrumbList\",\"@id\":\"https:\\\/\\\/jointechlabs.com\\\/summer-24-brain-teaser\\\/#breadcrumb\",\"itemListElement\":[{\"@type\":\"ListItem\",\"position\":1,\"name\":\"Home\",\"item\":\"https:\\\/\\\/jointechlabs.com\\\/\"},{\"@type\":\"ListItem\",\"position\":2,\"name\":\"Summer &#8217;24 Newsletter Brain Teaser\"}]},{\"@type\":\"WebSite\",\"@id\":\"https:\\\/\\\/jointechlabs.com\\\/#website\",\"url\":\"https:\\\/\\\/jointechlabs.com\\\/\",\"name\":\"Jointechlabs, Inc\",\"description\":\"Brilliant technology for Microfat\",\"publisher\":{\"@id\":\"https:\\\/\\\/jointechlabs.com\\\/#organization\"},\"potentialAction\":[{\"@type\":\"SearchAction\",\"target\":{\"@type\":\"EntryPoint\",\"urlTemplate\":\"https:\\\/\\\/jointechlabs.com\\\/?s={search_term_string}\"},\"query-input\":{\"@type\":\"PropertyValueSpecification\",\"valueRequired\":true,\"valueName\":\"search_term_string\"}}],\"inLanguage\":\"de-DE\"},{\"@type\":\"Organization\",\"@id\":\"https:\\\/\\\/jointechlabs.com\\\/#organization\",\"name\":\"Jointechlabs, Inc\",\"url\":\"https:\\\/\\\/jointechlabs.com\\\/\",\"logo\":{\"@type\":\"ImageObject\",\"inLanguage\":\"de-DE\",\"@id\":\"https:\\\/\\\/jointechlabs.com\\\/#\\\/schema\\\/logo\\\/image\\\/\",\"url\":\"https:\\\/\\\/jointechlabs.com\\\/wp-content\\\/uploads\\\/2022\\\/07\\\/jointechlabs-logo-tm.png\",\"contentUrl\":\"https:\\\/\\\/jointechlabs.com\\\/wp-content\\\/uploads\\\/2022\\\/07\\\/jointechlabs-logo-tm.png\",\"width\":250,\"height\":36,\"caption\":\"Jointechlabs, Inc\"},\"image\":{\"@id\":\"https:\\\/\\\/jointechlabs.com\\\/#\\\/schema\\\/logo\\\/image\\\/\"}}]}<\/script>\n<!-- \/ Yoast SEO Premium plugin. -->","yoast_head_json":{"title":"Sommer '24 Newsletter Denksportaufgabe - Jointechlabs, Inc","robots":{"index":"index","follow":"follow","max-snippet":"max-snippet:-1","max-image-preview":"max-image-preview:large","max-video-preview":"max-video-preview:-1"},"canonical":"https:\/\/jointechlabs.com\/de\/summer-24-brain-teaser\/","og_locale":"de_DE","og_type":"article","og_title":"Summer '24 Newsletter Brain Teaser","og_description":"Answer:&nbsp; 11 boxes. (7 boxes of Fatloks for 56 components, and 4 boxes of cannulas for 40 components yields 96 total components, and more Fatloks than cannulas). Congratulations to you if you got the right answer! Please feel free to explore our site &#8211; click on any of the menu items or click here for [&hellip;]","og_url":"https:\/\/jointechlabs.com\/de\/summer-24-brain-teaser\/","og_site_name":"Jointechlabs, Inc","article_modified_time":"2024-06-05T22:05:47+00:00","og_image":[{"url":"https:\/\/jointechlabs.com\/wp-content\/uploads\/2024\/06\/Summer-24-Teaser-1024x555.jpg","type":"","width":"","height":""}],"twitter_card":"summary_large_image","twitter_misc":{"Est. reading time":"1 Minute"},"schema":{"@context":"https:\/\/schema.org","@graph":[{"@type":"WebPage","@id":"https:\/\/jointechlabs.com\/summer-24-brain-teaser\/","url":"https:\/\/jointechlabs.com\/summer-24-brain-teaser\/","name":"Sommer '24 Newsletter Denksportaufgabe - Jointechlabs, Inc","isPartOf":{"@id":"https:\/\/jointechlabs.com\/#website"},"primaryImageOfPage":{"@id":"https:\/\/jointechlabs.com\/summer-24-brain-teaser\/#primaryimage"},"image":{"@id":"https:\/\/jointechlabs.com\/summer-24-brain-teaser\/#primaryimage"},"thumbnailUrl":"https:\/\/jointechlabs.com\/wp-content\/uploads\/2024\/06\/Summer-24-Teaser-1024x555.jpg","datePublished":"2024-06-05T21:57:55+00:00","dateModified":"2024-06-05T22:05:47+00:00","breadcrumb":{"@id":"https:\/\/jointechlabs.com\/summer-24-brain-teaser\/#breadcrumb"},"inLanguage":"de-DE","potentialAction":[{"@type":"ReadAction","target":["https:\/\/jointechlabs.com\/summer-24-brain-teaser\/"]}]},{"@type":"ImageObject","inLanguage":"de-DE","@id":"https:\/\/jointechlabs.com\/summer-24-brain-teaser\/#primaryimage","url":"https:\/\/jointechlabs.com\/wp-content\/uploads\/2024\/06\/Summer-24-Teaser-1024x555.jpg","contentUrl":"https:\/\/jointechlabs.com\/wp-content\/uploads\/2024\/06\/Summer-24-Teaser-1024x555.jpg"},{"@type":"BreadcrumbList","@id":"https:\/\/jointechlabs.com\/summer-24-brain-teaser\/#breadcrumb","itemListElement":[{"@type":"ListItem","position":1,"name":"Home","item":"https:\/\/jointechlabs.com\/"},{"@type":"ListItem","position":2,"name":"Summer &#8217;24 Newsletter Brain Teaser"}]},{"@type":"WebSite","@id":"https:\/\/jointechlabs.com\/#website","url":"https:\/\/jointechlabs.com\/","name":"Jointechlabs, Inc.","description":"Brillante Technologie f\u00fcr Microfat","publisher":{"@id":"https:\/\/jointechlabs.com\/#organization"},"potentialAction":[{"@type":"SearchAction","target":{"@type":"EntryPoint","urlTemplate":"https:\/\/jointechlabs.com\/?s={search_term_string}"},"query-input":{"@type":"PropertyValueSpecification","valueRequired":true,"valueName":"search_term_string"}}],"inLanguage":"de-DE"},{"@type":"Organization","@id":"https:\/\/jointechlabs.com\/#organization","name":"Jointechlabs, Inc.","url":"https:\/\/jointechlabs.com\/","logo":{"@type":"ImageObject","inLanguage":"de-DE","@id":"https:\/\/jointechlabs.com\/#\/schema\/logo\/image\/","url":"https:\/\/jointechlabs.com\/wp-content\/uploads\/2022\/07\/jointechlabs-logo-tm.png","contentUrl":"https:\/\/jointechlabs.com\/wp-content\/uploads\/2022\/07\/jointechlabs-logo-tm.png","width":250,"height":36,"caption":"Jointechlabs, Inc"},"image":{"@id":"https:\/\/jointechlabs.com\/#\/schema\/logo\/image\/"}}]}},"_links":{"self":[{"href":"https:\/\/jointechlabs.com\/de\/wp-json\/wp\/v2\/pages\/1746","targetHints":{"allow":["GET"]}}],"collection":[{"href":"https:\/\/jointechlabs.com\/de\/wp-json\/wp\/v2\/pages"}],"about":[{"href":"https:\/\/jointechlabs.com\/de\/wp-json\/wp\/v2\/types\/page"}],"author":[{"embeddable":true,"href":"https:\/\/jointechlabs.com\/de\/wp-json\/wp\/v2\/users\/4"}],"replies":[{"embeddable":true,"href":"https:\/\/jointechlabs.com\/de\/wp-json\/wp\/v2\/comments?post=1746"}],"version-history":[{"count":0,"href":"https:\/\/jointechlabs.com\/de\/wp-json\/wp\/v2\/pages\/1746\/revisions"}],"wp:attachment":[{"href":"https:\/\/jointechlabs.com\/de\/wp-json\/wp\/v2\/media?parent=1746"}],"curies":[{"name":"wp","href":"https:\/\/api.w.org\/{rel}","templated":true}]}}